{"id":16871,"date":"2019-05-20T19:06:19","date_gmt":"2019-05-20T19:06:19","guid":{"rendered":"https:\/\/topholds.com\/chain-grip-evolution\/"},"modified":"2024-08-26T04:16:48","modified_gmt":"2024-08-26T04:16:48","slug":"chain-grip-evolution","status":"publish","type":"product","link":"https:\/\/topholds.com\/de\/angebot\/hindernisparcours\/trainingc\/aufhangung\/chain-grip-evolution\/","title":{"rendered":"Aufh\u00e4ngung f\u00fcr Hindernisparcours Chain Grip Evolution"},"content":{"rendered":"<p>Die <strong>Chain Grip Evolution und Chain Grip Evolution MAX<\/strong> sind Griffst\u00fccke mit Haken, die <strong>ideal f\u00fcr horizontale und vertikale Progressionen an Ketten<\/strong>, kleinen Ringen und allen Arten von Strukturen sind, besonders das MAX-Modell, das die Nutzungsm\u00f6glichkeiten in deinem Training erweitert.<\/p>\n<p>Die Evolution-Reihe stellt einen Fortschritt in Qualit\u00e4t und Effizienz im Bereich OCR dar.<\/p>\n<p>Hergestellt aus hochwertigen Komponenten, verbessern die TopHolds-Produkte dieser neuen Familie nicht nur die \u00c4sthetik, sondern auch den Montagehaken, der jetzt <strong>aus hochfestem geh\u00e4rtetem Stahl gefertigt ist<\/strong>. Das offenere und l\u00e4ngere Design im Vergleich zur vorherigen Chain-Serie erm\u00f6glicht eine effizientere Bearbeitung von Hindernissen.<\/p>\n<p><iframe title=\"YouTube video player\" src=\"https:\/\/www.youtube.com\/embed\/n2_DwBUEgdU\" width=\"560\" height=\"315\" frameborder=\"0\" allowfullscreen=\"allowfullscreen\"><\/iframe><\/p>\n<p>Die bekannte Textur von TopHolds gew\u00e4hrleistet einen haftenden und angenehmen Griff, <strong>verhindert das Verrutschen und erm\u00f6glicht es dir, \u00fcber l\u00e4ngere Zeitr\u00e4ume an der Ausdauer zu arbeiten<\/strong>. Diese <strong>OCR-H\u00e4ngemittel<\/strong> sind perfekt, um dein Kletter-, OCR- und Crossfit-Training zu bereichern.<\/p>\n<p>Die Chain Grip Evolution und Evolution MAX sind extrem leicht, was sie ideal macht, um sie \u00fcberall und jederzeit zu deinen Trainingseinheiten mitzunehmen und zus\u00e4tzliche Herausforderungen in deine t\u00e4gliche Routine zu integrieren.<\/p>\n<p>Bitte beachte, dass die Farben des Produkts von denen auf dem Foto abweichen k\u00f6nnen. Z\u00f6gere nicht, uns zu kontaktieren, wenn du eine bestimmte Farbe w\u00fcnschst.<\/p>\n","protected":false},"excerpt":{"rendered":"<ul>\n<li>Mangos mit Haken zum Erstellen von horizontalen oder vertikalen Progressionen an Ketten oder kleinen Ringen.<\/li>\n<li>Auch Progressionen in allen Arten von Strukturen mit dem Evolution MAX, wobei die M\u00f6glichkeiten vervielfacht werden.<\/li>\n<li>Bereichern dein Klettertraining, OCR und Crossfit.<\/li>\n<\/ul>\n<p>&nbsp;<\/p>\n<p>&nbsp;<\/p>\n<p>&nbsp;<\/p>\n<p>&nbsp;<\/p>\n<p>&nbsp;<\/p>\n<p>&nbsp;<\/p>\n","protected":false},"featured_media":12510,"comment_status":"open","ping_status":"closed","template":"","meta":[],"product_brand":[],"product_cat":[496,403,492],"product_tag":[],"class_list":{"0":"post-16871","1":"product","2":"type-product","3":"status-publish","4":"has-post-thumbnail","6":"product_cat-aufhangung","7":"product_cat-hindernisparcours","8":"product_cat-trainingc","10":"first","11":"instock","12":"sale","13":"taxable","14":"shipping-taxable","15":"purchasable","16":"product-type-variable"},"_links":{"self":[{"href":"https:\/\/topholds.com\/de\/wp-json\/wp\/v2\/product\/16871","targetHints":{"allow":["GET"]}}],"collection":[{"href":"https:\/\/topholds.com\/de\/wp-json\/wp\/v2\/product"}],"about":[{"href":"https:\/\/topholds.com\/de\/wp-json\/wp\/v2\/types\/product"}],"replies":[{"embeddable":true,"href":"https:\/\/topholds.com\/de\/wp-json\/wp\/v2\/comments?post=16871"}],"wp:featuredmedia":[{"embeddable":true,"href":"https:\/\/topholds.com\/de\/wp-json\/wp\/v2\/media\/12510"}],"wp:attachment":[{"href":"https:\/\/topholds.com\/de\/wp-json\/wp\/v2\/media?parent=16871"}],"wp:term":[{"taxonomy":"product_brand","embeddable":true,"href":"https:\/\/topholds.com\/de\/wp-json\/wp\/v2\/product_brand?post=16871"},{"taxonomy":"product_cat","embeddable":true,"href":"https:\/\/topholds.com\/de\/wp-json\/wp\/v2\/product_cat?post=16871"},{"taxonomy":"product_tag","embeddable":true,"href":"https:\/\/topholds.com\/de\/wp-json\/wp\/v2\/product_tag?post=16871"}],"curies":[{"name":"wp","href":"https:\/\/api.w.org\/{rel}","templated":true}]}}