{"id":16876,"date":"2019-07-07T16:26:53","date_gmt":"2019-07-07T16:26:53","guid":{"rendered":"https:\/\/topholds.com\/climbskin-gel-75ml\/"},"modified":"2024-08-26T04:17:29","modified_gmt":"2024-08-26T04:17:29","slug":"climbskin-gel-75ml","status":"publish","type":"product","link":"https:\/\/topholds.com\/de\/angebot\/zubehoer\/klettercremes\/climbskin-gel-75ml\/","title":{"rendered":"Climbskin Gel 75 ml"},"content":{"rendered":"<p>[vc_row][vc_column][vc_column_text]Neues GEL, das Extrakte und \u00d6le von h\u00f6chster Qualit\u00e4t mit entz\u00fcndungshemmenden und schmerzlindernenden Eigenschaften enth\u00e4lt, kombiniert mit organischem Silizium in einer einzigartigen und innovativen Formel. Diese Inhaltsstoffe unterst\u00fctzen alle Phasen der Behandlung bei der Genesung von Muskel-, Sehnen- und Gelenkverletzungen. Besonders geeignet f\u00fcr Sportverletzungen, Arthropathien, Prellungen sowie zur Beschleunigung und Optimierung der Geweberehabilitation nach intensiven Kletter-, Trainings- oder Wettkampfsitzungen.<\/p>\n<p><strong>Was unterscheidet es von anderen Produkten?<\/strong><\/p>\n<p>Die meisten Produkte auf dem Markt konzentrieren sich ausschlie\u00dflich darauf, die Folgen einer Verletzung zu behandeln: den Schmerz und die Entz\u00fcndung. Obwohl dies notwendig ist und das organische Siliziumgel dies ebenfalls sehr effektiv tut, gibt es eine wichtigere Aufgabe, die darin besteht, gesch\u00e4digte oder erm\u00fcdete Gewebe zu regenerieren. Die Qualit\u00e4t des organischen Siliziums und die Art, wie es in die Formel integriert wurde, sind der <strong>SCHL\u00dcSSEL<\/strong> in diesem Prozess.<\/p>\n<p>F\u00fcr professionelle oder private Anwendung.<\/p>\n<p><strong>Wie man es verwendet<\/strong>.<\/p>\n<p>Eine kleine Menge auf die zu behandelnde Stelle auftragen und sanft einmassieren. 1 Minute warten, w\u00e4hrend das Gel aufgetragen ist, um einen optimalen Effekt seiner Wirkstoffe zu erzielen, und die Massage bis zur nahezu vollst\u00e4ndigen Absorption fortsetzen.<\/p>\n<p>2-3 Mal t\u00e4glich wiederholen.<\/p>\n<p>Augenkontakt, offene Wunden und Schleimh\u00e4ute vermeiden. Dieses Gel ist zur topischen Anwendung bestimmt. Nicht einnehmen.<\/p>\n<p><strong>HAUPTINGREDIENTIEN<\/strong><\/p>\n<p><strong>+ Organisches Silizium:<\/strong><\/p>\n<p>Silizium ist das zweith\u00e4ufigste chemische Element in der Erdkruste (nur \u00fcbertroffen von Sauerstoff), wo es nat\u00fcrlich in Form von Silikaten vorhanden ist, die in kleinen Mengen als l\u00f6sliches Silikat oder &#8218;Kiesels\u00e4ure&#8216; in Fl\u00fcssen, Seen und Quellen filtriert werden.<\/p>\n<p>Siliziumdioxid ist definitionsgem\u00e4\u00df anorganisch, da es sich um Sand handelt. Die Pflanzen nehmen jedoch diese Siliziumverbindungen auf und wandeln sie in Phytolithen um, einer nicht kristallinen Form, die von Lebewesen aufgenommen werden kann, auch bekannt als organisches Silizium. Auf diese Weise ist Silizium in allen Lebewesen verf\u00fcgbar, insbesondere in <span class=\"goog-text-highlight\">Pflanzen.<\/span><\/p>\n<p><strong>Sch\u00fctzt Knochen und Gelenke<\/strong>: Es spielt eine grundlegende Rolle bei der Mineralisierung der Knochen. Seine Pr\u00e4senz ist entscheidend f\u00fcr die Synthese von Fasern wie Elastin und Kollagen, in denen Silizium erheblich enthalten ist. Es erh\u00e4lt die Gelenke flexibel und verhindert den Abbau von Knorpel.<\/p>\n<ul>\n<li><strong>Es ist ein starkes Schmerzmittel und Wundheilmittel.<\/strong><\/li>\n<li><strong>Sch\u00fctzt vor freien Radikalen und Zelloxidation.<\/strong><\/li>\n<li><strong>Spielt eine wichtige Rolle im allgemeinen Stoffwechsel des K\u00f6rpers<\/strong>: es ist am regenerativen Prozess der Zellen beteiligt, indem es das ionische Gleichgewicht der gesch\u00e4digten oder geschw\u00e4chten Zellen wiederherstellt und den Zellstoffwechsel erh\u00f6ht.<\/li>\n<\/ul>\n<p><strong>+ Arnika:<\/strong><\/p>\n<ul>\n<li><strong>Eigenschaften: <\/strong>schmerzlindernd, entz\u00fcndungshemmend und antimikrobiell.<\/li>\n<\/ul>\n<p>Arnika hat auch eine hohe rubefaciente Wirkung, was bedeutet, dass sie die Blutzirkulation in dem Gebiet, in dem sie angewendet wird, anregen kann.<\/p>\n<p><strong>+ Eugenia Caryophyllus (Nelke):<\/strong><\/p>\n<p>Gew\u00fcrznelken werden in Indien in der <a class=\"mw-redirect\" title=\"Ayurveda-Medizin\" href=\"https:\/\/es.wikipedia.org\/wiki\/Medicina_Ayurveda\" target=\"_blank\" rel=\"noopener\">Ayurveda-Medizin<\/a>, der <a class=\"mw-redirect\" title=\"Traditionelle Chinesische Medizin\" href=\"https:\/\/es.wikipedia.org\/wiki\/Medicina_tradicional_china\" target=\"_blank\" rel=\"noopener\">traditionellen chinesischen Medizin<\/a>, der westlichen Kr\u00e4uterkunde und der Zahnmedizin verwendet, wobei das <a title=\"\u00c4therisches \u00d6l\" href=\"https:\/\/es.wikipedia.org\/wiki\/Aceite_esencial\" target=\"_blank\" rel=\"noopener\">\u00e4therische \u00d6l<\/a> als Beruhigungsmittel (Schmerzmittel) wirkt.<\/p>\n<p><strong>+ Symphytum Officinale (Beinwell):<\/strong><\/p>\n<ul>\n<li><strong>Eigenschaften<\/strong>: zellregenerierend, adstringierend, demulzent, entz\u00fcndungshemmend und wundheilend.<\/li>\n<\/ul>\n<p><strong>+ Camellia Sinensis (Gr\u00fcner Tee):<\/strong><\/p>\n<ul>\n<li><strong>Eigenschaften<\/strong>: antioxidativ, entz\u00fcndungshemmend und anti-aging aufgrund seines Gehalts an Polyphenolen.<\/li>\n<\/ul>\n<p><strong>+ Helichrysum Stoechas (Immergr\u00fcn oder Strohblume):<\/strong><\/p>\n<ul>\n<li><strong>Eigenschaften: <\/strong>antimikrobiell, entz\u00fcndungshemmend und antioxidativ.<\/li>\n<\/ul>\n<p><strong>+ Kampfer:<\/strong><\/p>\n<ul>\n<li><strong>Eigenschaften: <\/strong>schmerzlindern, antiseptisch, krampfl\u00f6send, adstringierend, durchblutungsf\u00f6rdernd, schwei\u00dftreibend, w\u00e4rmef\u00f6rdernd und balsamisch.<\/li>\n<\/ul>\n<p><strong>+ Menthol:<\/strong><\/p>\n<ul>\n<li><strong>Eigenschaften: <\/strong>schmerzlindernd, tonisierend, erfrischend und antiseptisch.<\/li>\n<\/ul>\n<p><strong>+ Rizinus\u00f6l:<\/strong><\/p>\n<p><em><span id=\"Aceite_de_ricino_o_aceite_de_castor\">Rizinus\u00f6l oder Biber\u00f6l?<\/span><\/em><\/p>\n<p>Viele Menschen glauben, dass es tierischen Ursprungs ist, weil es oft als Biber\u00f6l bezeichnet wird; dies ist eine falsche \u00dcbersetzung des Englischen, wo es \u201eCastor Oil\u201c genannt wird. Das Wort \u201eCastor\u201c in dieser Sprache bezieht sich auf die Rizinuspflanze und nicht auf das Tier, das im Englischen \u201eBeaver\u201c genannt wird.<\/p>\n<p>Unter seinen medizinischen Anwendungen wird es zur Behandlung von Schmerzen empfohlen, da es antibakterielle, antivirale und fungizide Eigenschaften besitzt.<\/p>\n<p><strong>Achillea Millefolium (Schafgarbe oder <\/strong><strong>Milenrama):<\/strong><\/p>\n<p><em>Die magische Pflanze<\/em><\/p>\n<p>Die Milenrama ist eine dieser Pflanzen, die seit Jahrhunderten in Heiltr\u00e4nken verwendet wird, und daher immer mit einem Hauch von Magie und Geheimnis aufgrund ihrer hervorragenden Eigenschaften verbunden ist. Urspr\u00fcnglich aus Nordeuropa, verdankt diese Pflanze aus der <a class=\"link_parsed_content\" href=\"https:\/\/www.climbskin.com\/es\/Familia\" target=\"_blank\" rel=\"noopener\">Familie<\/a> der Asteraceae ihren wissenschaftlichen Namen,<em> Achillea millefolium L.<\/em>, dem griechischen Helden Achilles; der Legende nach benutzte er sie, um die Wunden seiner Soldaten zu heilen (sie ist auch als \u201eSoldatenkr\u00e4uter\u201c bekannt).<\/p>\n<div class=\"post-content\">\n<p>Auf welche aktiven Prinzipien ist ihre \u201eMagie\u201c zur\u00fcckzuf\u00fchren?<\/p>\n<p>Ihr \u00e4therisches \u00d6l enth\u00e4lt:<\/p>\n<ul>\n<li>Chamazulen und andere Azulene mit entz\u00fcndungshemmender Wirkung<\/li>\n<li>Sesquiterpenlactone, die die entz\u00fcndungshemmende und antimikrobielle Wirkung verst\u00e4rken<\/li>\n<li>Linalool, Kampfer, Eucalyptol, Cineol und Caryophyllen.<\/li>\n<li>Tannine mit h\u00e4mostatischer und wundheilender Wirkung aufgrund ihrer adstringierenden Wirkung.<\/li>\n<li>Flavonoide wie Apigenin und Rutin mit entz\u00fcndungshemmender und krampfl\u00f6sender Wirkung.<\/li>\n<li>Alkaloide wie Achillein, die zur h\u00e4mostatischen Wirkung beitragen.<\/li>\n<li>Salicyls\u00e4ure mit entz\u00fcndungshemmender Wirkung.<\/li>\n<\/ul>\n<p>&nbsp;<\/p>\n<p><strong>INCI<\/strong><\/p>\n<table width=\"303\">\n<tbody>\n<tr>\n<td width=\"236\">AQUA<\/td>\n<\/tr>\n<tr>\n<td width=\"236\">PEG-40 HYDRIERTES RIZINUS\u00d6L<\/td>\n<\/tr>\n<tr>\n<td width=\"236\">GLYCERIN<\/td>\n<\/tr>\n<tr>\n<td width=\"236\">METHYLSILANOL MANNURONAT<\/td>\n<\/tr>\n<tr>\n<td width=\"236\">MENTHOL<\/td>\n<\/tr>\n<tr>\n<td width=\"236\">KAMPFER<\/td>\n<\/tr>\n<tr>\n<td width=\"236\">DENATURIERTER ALKOHOL<\/td>\n<\/tr>\n<tr>\n<td width=\"236\">PHENOXYETHANOL<\/td>\n<\/tr>\n<tr>\n<td width=\"236\">CARBOMER<\/td>\n<\/tr>\n<tr>\n<td width=\"236\">BOSWELLIA CARTERII \u00d6L<\/td>\n<\/tr>\n<tr>\n<td width=\"236\">NATRIUMHYDROXID<\/td>\n<\/tr>\n<tr>\n<td width=\"236\">ACHILLEA MILLEFOLIUM BL\u00dcTENEXTRAKT<\/td>\n<\/tr>\n<tr>\n<td width=\"236\">ARNIKA MONTANA BL\u00dcTENEXTRAKT<\/td>\n<\/tr>\n<tr>\n<td width=\"236\">EUGENIA CARYOPHYLLUS BLATT\u00d6L<\/td>\n<\/tr>\n<tr>\n<td width=\"236\">SYMPHYTUM OFFICINALE BLATtextrakt<\/td>\n<\/tr>\n<tr>\n<td width=\"236\">CAMELLIA SINENSIS BLATtextrakt<\/td>\n<\/tr>\n<tr>\n<td width=\"236\">KALIUMSORBAT<\/td>\n<\/tr>\n<tr>\n<td width=\"236\">NATRIUMBENZOAT<\/td>\n<\/tr>\n<tr>\n<td width=\"236\">HELICHRYSUM STOECHAS BL\u00dcTENEXTRAKT<\/td>\n<\/tr>\n<tr>\n<td width=\"236\">METHYLSALICYLAT<\/td>\n<\/tr>\n<tr>\n<td width=\"236\">SORBS\u00c4URE<\/td>\n<\/tr>\n<tr>\n<td width=\"236\">EUGENOL<\/td>\n<\/tr>\n<tr>\n<td width=\"236\">LIMONEN<\/td>\n<\/tr>\n<\/tbody>\n<\/table>\n<\/div>\n<p>Garantien und Tests<\/p>\n<p>+ Registriert im <strong>CPNP<\/strong>, europ\u00e4isches Portal gem\u00e4\u00df der neuen Verordnung 1223\/2009.<\/p>\n<p>+ Dermatologisch getestet <strong>NICHT an Tieren.<\/strong><\/p>\n<p><strong><em>OpenTest<\/em><\/strong>: 0 % Hautirritabilit\u00e4t.<\/p>\n<p><strong><em>Challenge-Test<\/em>:<\/strong> Mikrobiologischer Test mit 100 % Effektivit\u00e4t bestanden.<\/p>\n<p><strong>+<\/strong> <span lang=\"en\"><strong>100 % Vegan<\/strong> <\/span><\/p>\n<p>&nbsp;[\/vc_column_text][\/vc_column][\/vc_row]<\/p>\n","protected":false},"excerpt":{"rendered":"<ul>\n<li>Verbesserung der Elastizit\u00e4t der Haut.<\/li>\n<li>Beschleunigte Zellregeneration.<\/li>\n<li>Tiefe Hydratation der Haut.<\/li>\n<li>Schnelle Absorption ohne R\u00fcckst\u00e4nde.<\/li>\n<li>St\u00e4rkung der N\u00e4gel und Gewebe.<\/li>\n<\/ul>\n","protected":false},"featured_media":7423,"comment_status":"open","ping_status":"closed","template":"","meta":[],"product_brand":[],"product_cat":[487,421],"product_tag":[],"class_list":{"0":"post-16876","1":"product","2":"type-product","3":"status-publish","4":"has-post-thumbnail","6":"product_cat-klettercremes","7":"product_cat-zubehoer","9":"first","10":"instock","11":"sale","12":"taxable","13":"shipping-taxable","14":"purchasable","15":"product-type-simple"},"_links":{"self":[{"href":"https:\/\/topholds.com\/de\/wp-json\/wp\/v2\/product\/16876","targetHints":{"allow":["GET"]}}],"collection":[{"href":"https:\/\/topholds.com\/de\/wp-json\/wp\/v2\/product"}],"about":[{"href":"https:\/\/topholds.com\/de\/wp-json\/wp\/v2\/types\/product"}],"replies":[{"embeddable":true,"href":"https:\/\/topholds.com\/de\/wp-json\/wp\/v2\/comments?post=16876"}],"wp:featuredmedia":[{"embeddable":true,"href":"https:\/\/topholds.com\/de\/wp-json\/wp\/v2\/media\/7423"}],"wp:attachment":[{"href":"https:\/\/topholds.com\/de\/wp-json\/wp\/v2\/media?parent=16876"}],"wp:term":[{"taxonomy":"product_brand","embeddable":true,"href":"https:\/\/topholds.com\/de\/wp-json\/wp\/v2\/product_brand?post=16876"},{"taxonomy":"product_cat","embeddable":true,"href":"https:\/\/topholds.com\/de\/wp-json\/wp\/v2\/product_cat?post=16876"},{"taxonomy":"product_tag","embeddable":true,"href":"https:\/\/topholds.com\/de\/wp-json\/wp\/v2\/product_tag?post=16876"}],"curies":[{"name":"wp","href":"https:\/\/api.w.org\/{rel}","templated":true}]}}