{"id":16886,"date":"2019-07-28T19:23:43","date_gmt":"2019-07-28T19:23:43","guid":{"rendered":"https:\/\/topholds.com\/oval-chain-grip\/"},"modified":"2026-03-30T06:52:08","modified_gmt":"2026-03-30T06:52:08","slug":"oval-chain-grip","status":"publish","type":"product","link":"https:\/\/topholds.com\/de\/angebot\/hindernisparcours\/trainingc\/aufhangung\/oval-chain-grip\/","title":{"rendered":"Aufh\u00e4ngung f\u00fcr Hindernisparcours Oval Chain Griff"},"content":{"rendered":"<p><strong>Oval Chain Grip<\/strong> ist ein innovativer Griff mit Haken, der entwickelt wurde, um <strong>horizontale und vertikale Progressionen an Ketten oder kleinen Ringen<\/strong> durchzuf\u00fchren, und dabei deine Trainings zu optimieren und deine Leistung zu maximieren.<\/p>\n<p>Sein ergonomisches, ovales Design passt perfekt in die Handfl\u00e4che und bietet dir jederzeit einen sicheren und komfortablen Grip.<\/p>\n<p>Die anerkannte Textur von TopHolds gew\u00e4hrleistet einen haftenden und weichen Griff, <strong>der ein Abrutschen verhindert und es dir erm\u00f6glicht, \u00fcber l\u00e4ngere Zeit ohne Sorgen an der Ausdauer zu arbeiten<\/strong>.<\/p>\n<p>Die <strong>Aufh\u00e4ngung des OCR Oval Chain Grip<\/strong> ist perfekt, um deine <strong>Kletter-, OCR- und Crossfit-Trainingseinheiten<\/strong> zu bereichern.<\/p>\n<p>Der Oval Chain Grip ist extrem leicht, was ihn ideal macht, um ihn zu deinen Trainingseinheiten \u00fcberall und jederzeit mitzunehmen und so zus\u00e4tzliche Herausforderungen in deine t\u00e4gliche Routine zu integrieren.<\/p>\n<p>Bitte beachte, dass die Farben des Produkts von denen auf dem Foto abweichen k\u00f6nnen. Z\u00f6gere nicht, uns zu kontaktieren, wenn du eine bestimmte Farbe w\u00fcnschst.<\/p>\n","protected":false},"excerpt":{"rendered":"<ul>\n<li>Mango mit einem Haken zum Erstellen horizontaler oder vertikaler Progressionen in Ketten oder kleinen Ringen.<\/li>\n<li>Ovaler Griff, passt wie ein Handschuh in die Handfl\u00e4che.<\/li>\n<li>Ideal f\u00fcr Klettertrainings, OCR und Crossfit.<\/li>\n<\/ul>\n<p>&nbsp;<\/p>\n","protected":false},"featured_media":7486,"comment_status":"open","ping_status":"closed","template":"","meta":[],"product_brand":[],"product_cat":[496,403,492],"product_tag":[],"class_list":{"0":"post-16886","1":"product","2":"type-product","3":"status-publish","4":"has-post-thumbnail","6":"product_cat-aufhangung","7":"product_cat-hindernisparcours","8":"product_cat-trainingc","10":"first","11":"instock","12":"taxable","13":"shipping-taxable","14":"purchasable","15":"product-type-simple"},"_links":{"self":[{"href":"https:\/\/topholds.com\/de\/wp-json\/wp\/v2\/product\/16886","targetHints":{"allow":["GET"]}}],"collection":[{"href":"https:\/\/topholds.com\/de\/wp-json\/wp\/v2\/product"}],"about":[{"href":"https:\/\/topholds.com\/de\/wp-json\/wp\/v2\/types\/product"}],"replies":[{"embeddable":true,"href":"https:\/\/topholds.com\/de\/wp-json\/wp\/v2\/comments?post=16886"}],"wp:featuredmedia":[{"embeddable":true,"href":"https:\/\/topholds.com\/de\/wp-json\/wp\/v2\/media\/7486"}],"wp:attachment":[{"href":"https:\/\/topholds.com\/de\/wp-json\/wp\/v2\/media?parent=16886"}],"wp:term":[{"taxonomy":"product_brand","embeddable":true,"href":"https:\/\/topholds.com\/de\/wp-json\/wp\/v2\/product_brand?post=16886"},{"taxonomy":"product_cat","embeddable":true,"href":"https:\/\/topholds.com\/de\/wp-json\/wp\/v2\/product_cat?post=16886"},{"taxonomy":"product_tag","embeddable":true,"href":"https:\/\/topholds.com\/de\/wp-json\/wp\/v2\/product_tag?post=16886"}],"curies":[{"name":"wp","href":"https:\/\/api.w.org\/{rel}","templated":true}]}}