{"id":16891,"date":"2019-07-28T19:36:22","date_gmt":"2019-07-28T19:36:22","guid":{"rendered":"https:\/\/topholds.com\/oval-grips\/"},"modified":"2025-05-27T19:54:54","modified_gmt":"2025-05-27T19:54:54","slug":"oval-grips","status":"publish","type":"product","link":"https:\/\/topholds.com\/de\/angebot\/hindernisparcours\/trainingc\/aufhangung\/oval-grips\/","title":{"rendered":"Aufh\u00e4ngung f\u00fcr Hindernisparcours Oval Griffe"},"content":{"rendered":"<p><strong>Oval Grips ist eine OCR-H\u00e4ngematte<\/strong>, die dank ihres ovalen Designs einen au\u00dfergew\u00f6hnlich komfortablen und ergonomischen Griff bietet, sich perfekt an die Handfl\u00e4che anpasst und ein angenehmes Nutzungserlebnis bietet.<\/p>\n<p>Die bekannte Textur von TopHolds sorgt f\u00fcr einen festen und sicheren Halt und schont zugleich deine H\u00e4nde.<\/p>\n<p>Mit einem einfachen Alpendornenknoten kannst du deine Oval Grips in wenigen Sekunden an \u00c4sten, Klimmzugstangen und anderen Halterungen aufh\u00e4ngen. Au\u00dferdem kannst du sie ganz einfach mit einem Karabinerhaken aufh\u00e4ngen, um Dachausstiege oder \u00dcberh\u00e4nge zu \u00fcben.<\/p>\n<p>Diese <em>OCR-H\u00e4ngematten<\/em> sind ideal, um <strong>dein Kletter-, OCR- und Crossfit-Training zu verbessern<\/strong>, da sie extrem leicht und tragbar sind, sodass du sie \u00fcberallhin mitnehmen und jederzeit trainieren kannst.<\/p>\n<p>Die Oval Grips enthalten eine doppelte 6 mm starke Schnur.<\/p>\n<p>Bitte beachte, dass die Farben des Produkts von denen auf dem Foto abweichen k\u00f6nnen. Z\u00f6gere nicht, uns zu kontaktieren, wenn du eine bestimmte Farbe w\u00fcnschst.<\/p>\n","protected":false},"excerpt":{"rendered":"<ul>\n<li>Passt wie angegossen in die Handfl\u00e4che.<\/li>\n<li>Mit einem Karabiner h\u00e4ngen wir sie f\u00fcr \u00dcberh\u00e4nge oder Dachrouten auf.<\/li>\n<li>In 3 Sekunden mit einem Schmetterlingsknoten h\u00e4ngen wir sie an einen beliebigen Ast.<\/li>\n<li>Ideal f\u00fcr Klettertraining, OCR und Crossfit.<\/li>\n<\/ul>\n<p>&nbsp;<\/p>\n","protected":false},"featured_media":7484,"comment_status":"open","ping_status":"closed","template":"","meta":[],"product_brand":[],"product_cat":[496,403,492],"product_tag":[],"class_list":{"0":"post-16891","1":"product","2":"type-product","3":"status-publish","4":"has-post-thumbnail","6":"product_cat-aufhangung","7":"product_cat-hindernisparcours","8":"product_cat-trainingc","10":"first","11":"instock","12":"taxable","13":"shipping-taxable","14":"purchasable","15":"product-type-simple"},"_links":{"self":[{"href":"https:\/\/topholds.com\/de\/wp-json\/wp\/v2\/product\/16891","targetHints":{"allow":["GET"]}}],"collection":[{"href":"https:\/\/topholds.com\/de\/wp-json\/wp\/v2\/product"}],"about":[{"href":"https:\/\/topholds.com\/de\/wp-json\/wp\/v2\/types\/product"}],"replies":[{"embeddable":true,"href":"https:\/\/topholds.com\/de\/wp-json\/wp\/v2\/comments?post=16891"}],"wp:featuredmedia":[{"embeddable":true,"href":"https:\/\/topholds.com\/de\/wp-json\/wp\/v2\/media\/7484"}],"wp:attachment":[{"href":"https:\/\/topholds.com\/de\/wp-json\/wp\/v2\/media?parent=16891"}],"wp:term":[{"taxonomy":"product_brand","embeddable":true,"href":"https:\/\/topholds.com\/de\/wp-json\/wp\/v2\/product_brand?post=16891"},{"taxonomy":"product_cat","embeddable":true,"href":"https:\/\/topholds.com\/de\/wp-json\/wp\/v2\/product_cat?post=16891"},{"taxonomy":"product_tag","embeddable":true,"href":"https:\/\/topholds.com\/de\/wp-json\/wp\/v2\/product_tag?post=16891"}],"curies":[{"name":"wp","href":"https:\/\/api.w.org\/{rel}","templated":true}]}}