{"id":16896,"date":"2019-08-27T17:48:33","date_gmt":"2019-08-27T17:48:33","guid":{"rendered":"https:\/\/topholds.com\/volcano-balls\/"},"modified":"2024-08-26T04:20:31","modified_gmt":"2024-08-26T04:20:31","slug":"volcano-balls","status":"publish","type":"product","link":"https:\/\/topholds.com\/de\/angebot\/hindernisparcours\/trainingc\/volcano-balls\/","title":{"rendered":"Klettergriff Volcano Balls"},"content":{"rendered":"<p><strong>Vulkanb\u00e4lle<\/strong> sind das revolution\u00e4re <strong>SYSTEM MIT RUNDEN B\u00c4LLEN MIT LOCH F\u00dcR PEGBOARD-GRIFFE<\/strong>.<\/p>\n<p>Verbessere dein Training mit unserem innovativen System von <strong>Vulkanb\u00e4llen<\/strong>, das perfekt zu den Pegboard-Griffen passt. Mit zwei Trainingsm\u00f6glichkeiten in einem einzigen Hindernis sind die M\u00f6glichkeiten endlos!<\/p>\n<p>Erlebe eine gro\u00dfe Vielfalt an Konfigurationen, indem du sie horizontal, vertikal, diagonal, versetzt und mehr anbringst.<\/p>\n<p>Erh\u00e4ltlich in zwei Durchmessern von 90 und 120 mm sind sie f\u00fcr jede vertikale Fl\u00e4che ohne Absenkung geeignet.<\/p>\n<p>F\u00fcr die Installation ben\u00f6tigst du Schrauben von 4,5 x 60.<\/p>\n<p>Die Farben k\u00f6nnten von denen auf dem Foto abweichen. Wenn du eine andere Farbe m\u00f6chtest, kontaktiere uns bitte.<\/p>\n","protected":false},"excerpt":{"rendered":"<ul>\n<li>Volcano balls ist das System von stumpfen Kugeln mit Loch f\u00fcr die Pegboard-Griffe.<\/li>\n<li>Zur Verwendung mit den Pegboard-Griffen.<\/li>\n<li>Geeignet f\u00fcr jede vertikale Oberfl\u00e4che, ohne \u00dcberhang.<\/li>\n<li>Erh\u00e4ltlich in zwei Durchmessern von 90 und 120 mm.<\/li>\n<\/ul>\n","protected":false},"featured_media":19890,"comment_status":"open","ping_status":"closed","template":"","meta":[],"product_brand":[],"product_cat":[403,492,418,458,494],"product_tag":[],"class_list":{"0":"post-16896","1":"product","2":"type-product","3":"status-publish","4":"has-post-thumbnail","6":"product_cat-hindernisparcours","7":"product_cat-trainingc","8":"product_cat-klettergriffe","9":"product_cat-trainingss","10":"product_cat-peg-boards-hindernisparcours","12":"first","13":"instock","14":"taxable","15":"shipping-taxable","16":"purchasable","17":"product-type-variable","18":"has-default-attributes"},"_links":{"self":[{"href":"https:\/\/topholds.com\/de\/wp-json\/wp\/v2\/product\/16896","targetHints":{"allow":["GET"]}}],"collection":[{"href":"https:\/\/topholds.com\/de\/wp-json\/wp\/v2\/product"}],"about":[{"href":"https:\/\/topholds.com\/de\/wp-json\/wp\/v2\/types\/product"}],"replies":[{"embeddable":true,"href":"https:\/\/topholds.com\/de\/wp-json\/wp\/v2\/comments?post=16896"}],"wp:featuredmedia":[{"embeddable":true,"href":"https:\/\/topholds.com\/de\/wp-json\/wp\/v2\/media\/19890"}],"wp:attachment":[{"href":"https:\/\/topholds.com\/de\/wp-json\/wp\/v2\/media?parent=16896"}],"wp:term":[{"taxonomy":"product_brand","embeddable":true,"href":"https:\/\/topholds.com\/de\/wp-json\/wp\/v2\/product_brand?post=16896"},{"taxonomy":"product_cat","embeddable":true,"href":"https:\/\/topholds.com\/de\/wp-json\/wp\/v2\/product_cat?post=16896"},{"taxonomy":"product_tag","embeddable":true,"href":"https:\/\/topholds.com\/de\/wp-json\/wp\/v2\/product_tag?post=16896"}],"curies":[{"name":"wp","href":"https:\/\/api.w.org\/{rel}","templated":true}]}}