{"id":16901,"date":"2019-08-27T18:56:55","date_gmt":"2019-08-27T18:56:55","guid":{"rendered":"https:\/\/topholds.com\/griffe-pegboard\/"},"modified":"2026-04-02T22:13:49","modified_gmt":"2026-04-02T22:13:49","slug":"griffe-pegboard","status":"publish","type":"product","link":"https:\/\/topholds.com\/de\/angebot\/hindernisparcours\/peg-boards-hindernisparcours\/griffe-pegboard\/","title":{"rendered":"Griffe f\u00fcr Pegboard"},"content":{"rendered":"<p>Erlebe maximale Langlebigkeit mit unseren <strong>speziell f\u00fcr Pegboard und das Volcano Balls-System gestalteten Griffen<\/strong>. Vergiss die h\u00e4ufigen Br\u00fcche bei herk\u00f6mmlichen Kieferngriffen und genie\u00dfe ein ununterbrochenes Training.<\/p>\n<p>Diese extrem robusten Griffe bestehen aus <strong>hochwertigen Materialien<\/strong>, was sie zur perfekten Wahl f\u00fcr dein intensives Training macht.<\/p>\n","protected":false},"excerpt":{"rendered":"<ul>\n<li>2 Mangos f\u00fcr unser Pegboard und das Volcano Balls System.<\/li>\n<li>Hergestellt aus ultra robustem Holz f\u00fcr eine h\u00f6here Haltbarkeit<\/li>\n<li>Entwickelt, um intensive Trainings zu \u00fcberstehen<\/li>\n<\/ul>\n<p>&nbsp;<\/p>\n","protected":false},"featured_media":8263,"comment_status":"open","ping_status":"closed","template":"","meta":[],"product_brand":[],"product_cat":[403,494],"product_tag":[],"class_list":{"0":"post-16901","1":"product","2":"type-product","3":"status-publish","4":"has-post-thumbnail","6":"product_cat-hindernisparcours","7":"product_cat-peg-boards-hindernisparcours","9":"first","10":"instock","11":"taxable","12":"shipping-taxable","13":"purchasable","14":"product-type-simple"},"_links":{"self":[{"href":"https:\/\/topholds.com\/de\/wp-json\/wp\/v2\/product\/16901","targetHints":{"allow":["GET"]}}],"collection":[{"href":"https:\/\/topholds.com\/de\/wp-json\/wp\/v2\/product"}],"about":[{"href":"https:\/\/topholds.com\/de\/wp-json\/wp\/v2\/types\/product"}],"replies":[{"embeddable":true,"href":"https:\/\/topholds.com\/de\/wp-json\/wp\/v2\/comments?post=16901"}],"wp:featuredmedia":[{"embeddable":true,"href":"https:\/\/topholds.com\/de\/wp-json\/wp\/v2\/media\/8263"}],"wp:attachment":[{"href":"https:\/\/topholds.com\/de\/wp-json\/wp\/v2\/media?parent=16901"}],"wp:term":[{"taxonomy":"product_brand","embeddable":true,"href":"https:\/\/topholds.com\/de\/wp-json\/wp\/v2\/product_brand?post=16901"},{"taxonomy":"product_cat","embeddable":true,"href":"https:\/\/topholds.com\/de\/wp-json\/wp\/v2\/product_cat?post=16901"},{"taxonomy":"product_tag","embeddable":true,"href":"https:\/\/topholds.com\/de\/wp-json\/wp\/v2\/product_tag?post=16901"}],"curies":[{"name":"wp","href":"https:\/\/api.w.org\/{rel}","templated":true}]}}