{"id":16906,"date":"2019-08-30T17:59:05","date_gmt":"2019-08-30T17:59:05","guid":{"rendered":"https:\/\/topholds.com\/triton\/"},"modified":"2024-08-26T04:21:57","modified_gmt":"2024-08-26T04:21:57","slug":"triton","status":"publish","type":"product","link":"https:\/\/topholds.com\/de\/angebot\/hindernisparcours\/trainingc\/aufhangung\/triton\/","title":{"rendered":"Aufh\u00e4ngung f\u00fcr Hindernisparcours Triton"},"content":{"rendered":"<p>Die <strong>Aufh\u00e4ngung OCR Trit\u00f3n<\/strong> ist ein revolution\u00e4res St\u00fcck mit unendlichen M\u00f6glichkeiten, das sich an deine Bed\u00fcrfnisse anpasst.<\/p>\n<p>Verwende sie als konventionellen Ring, mache dynamische Spr\u00fcnge mit Fly Monkeys, f\u00fcge Variet\u00e4t in TRX oder Fitnessger\u00e4ten hinzu und vieles mehr.<\/p>\n<p>Ihr Design <strong>erlaubt es, sie problemlos an Klimmzugstangen<\/strong>, Spielpl\u00e4tzen, \u00c4sten oder anderen Oberfl\u00e4chen aufzuh\u00e4ngen, was dir die M\u00f6glichkeit gibt, eine Vielzahl von \u00dcbungen \u00fcberall durchzuf\u00fchren.<\/p>\n<p>Mit einer perfekten Ergonomie f\u00fcr einen beidh\u00e4ndigen Griff an der strukturierten Oberseite und einem vollkommen glatten Innengriff ist Trit\u00f3n das ideale Werkzeug f\u00fcr <strong>Klettertraining, OCR, Calisthenics, Ninja-Herausforderungen, CrossFit<\/strong>, Gymnastik und mehr.<\/p>\n<p>Erlebe die perfekte Balance zwischen Training und Spa\u00df mit Trit\u00f3n, dem Werkzeug, das die Art und Weise, wie du trainierst, revolutioniert.<\/p>\n<p>Die Farben k\u00f6nnten von denen auf dem Foto abweichen, kontaktiere uns, wenn du eine spezielle Farbvariante w\u00fcnschst.<\/p>\n","protected":false},"excerpt":{"rendered":"<ul>\n<li>Perfekte Ergonomie f\u00fcr den Zwei-Hand-Griff<\/li>\n<li>Rutschfeste Textur f\u00fcr besseren Halt<\/li>\n<li>Ideal f\u00fcr Klettern, OCR, Calisthenics, Ninja-Herausforderungen, CrossFit, Gymnastik und mehr<\/li>\n<\/ul>\n","protected":false},"featured_media":7592,"comment_status":"open","ping_status":"closed","template":"","meta":[],"product_brand":[],"product_cat":[496,403,492],"product_tag":[],"class_list":{"0":"post-16906","1":"product","2":"type-product","3":"status-publish","4":"has-post-thumbnail","6":"product_cat-aufhangung","7":"product_cat-hindernisparcours","8":"product_cat-trainingc","10":"first","11":"instock","12":"taxable","13":"shipping-taxable","14":"purchasable","15":"product-type-simple"},"_links":{"self":[{"href":"https:\/\/topholds.com\/de\/wp-json\/wp\/v2\/product\/16906","targetHints":{"allow":["GET"]}}],"collection":[{"href":"https:\/\/topholds.com\/de\/wp-json\/wp\/v2\/product"}],"about":[{"href":"https:\/\/topholds.com\/de\/wp-json\/wp\/v2\/types\/product"}],"replies":[{"embeddable":true,"href":"https:\/\/topholds.com\/de\/wp-json\/wp\/v2\/comments?post=16906"}],"wp:featuredmedia":[{"embeddable":true,"href":"https:\/\/topholds.com\/de\/wp-json\/wp\/v2\/media\/7592"}],"wp:attachment":[{"href":"https:\/\/topholds.com\/de\/wp-json\/wp\/v2\/media?parent=16906"}],"wp:term":[{"taxonomy":"product_brand","embeddable":true,"href":"https:\/\/topholds.com\/de\/wp-json\/wp\/v2\/product_brand?post=16906"},{"taxonomy":"product_cat","embeddable":true,"href":"https:\/\/topholds.com\/de\/wp-json\/wp\/v2\/product_cat?post=16906"},{"taxonomy":"product_tag","embeddable":true,"href":"https:\/\/topholds.com\/de\/wp-json\/wp\/v2\/product_tag?post=16906"}],"curies":[{"name":"wp","href":"https:\/\/api.w.org\/{rel}","templated":true}]}}