{"id":16926,"date":"2020-04-14T08:16:38","date_gmt":"2020-04-14T08:16:38","guid":{"rendered":"https:\/\/topholds.com\/kletterboard-multi-grips\/"},"modified":"2024-08-26T04:24:28","modified_gmt":"2024-08-26T04:24:28","slug":"kletterboard-multi-grips","status":"publish","type":"product","link":"https:\/\/topholds.com\/de\/angebot\/hindernisparcours\/kletterboards\/kletterboard-multi-grips\/","title":{"rendered":"Kletterboard Multi Grips"},"content":{"rendered":"<p><strong>Multi Grips ist ein innovatives und vielseitiges Mehrpunktgriffbrett<\/strong>, das unz\u00e4hlige M\u00f6glichkeiten bietet, um deine k\u00f6rperlichen F\u00e4higkeiten zu verbessern.<\/p>\n<p>Befestige es an deiner Klimmzugstange, im Park, an einem Ast oder fixe es sogar dauerhaft an einer Wand, um eine breite Palette von \u00dcbungen durchzuf\u00fchren. Ihre 10 Ankerpunkte (Metrik 10) erm\u00f6glichen es dir, <strong>das Brett mit Klettergriffen, Campusleisten, B\u00e4llen oder stumpfen Stangen<\/strong> und vielem mehr anzupassen, um deinen Bed\u00fcrfnissen und Zielen gerecht zu werden.<\/p>\n<p>Die <em>Multi Grips<\/em> verf\u00fcgt au\u00dferdem \u00fcber zwei Handrillen, an denen du <strong>die Seile deiner OCR<\/strong> aufh\u00e4ngen kannst, um noch herausforderndere und umfassendere \u00dcbungen durchzuf\u00fchren. Verbinde mehrere Bretter vertikal, um einen Kletterweg nachzubilden, oder horizontal, um Kletterquerungen zu simulieren.<\/p>\n<p>Dieses au\u00dfergew\u00f6hnliche Trainingsger\u00e4t ist <strong>ideal f\u00fcr Kletterer, OCR-Teilnehmer, Calisthenics, Ninja-Herausforderungen, Crossfit und Gymnastik<\/strong> und bietet ein intensives Trainingserlebnis.<\/p>\n<p>Ma\u00dfe der Multi Grips: 580 x 290 x 21 Millimeter. Enth\u00e4lt 10 M10-Muttern und zwei Seilz\u00fcge, um sie einfach aufzuh\u00e4ngen, sodass du sofort mit dem Training beginnen kannst.<\/p>\n","protected":false},"excerpt":{"rendered":"<ul>\n<li>10 Ankerpunkte zum Anbringen von Griffen, Leisten, B\u00e4llen oder stumpfen Stangen.<\/li>\n<li>Einfach an Klimmzugstangen, Parks oder \u00c4sten aufzuh\u00e4ngen.<\/li>\n<li>Geeignet f\u00fcr die dauerhafte Befestigung an der Wand.<\/li>\n<li>Erm\u00f6glicht das Verbinden mehrerer Bretter vertikal oder horizontal, um Kletterrouten und Traversierungen zu simulieren.<\/li>\n<\/ul>\n","protected":false},"featured_media":8473,"comment_status":"open","ping_status":"closed","template":"","meta":[],"product_brand":[],"product_cat":[403,491],"product_tag":[],"class_list":{"0":"post-16926","1":"product","2":"type-product","3":"status-publish","4":"has-post-thumbnail","6":"product_cat-hindernisparcours","7":"product_cat-kletterboards","9":"first","10":"instock","11":"taxable","12":"shipping-taxable","13":"purchasable","14":"product-type-simple"},"_links":{"self":[{"href":"https:\/\/topholds.com\/de\/wp-json\/wp\/v2\/product\/16926","targetHints":{"allow":["GET"]}}],"collection":[{"href":"https:\/\/topholds.com\/de\/wp-json\/wp\/v2\/product"}],"about":[{"href":"https:\/\/topholds.com\/de\/wp-json\/wp\/v2\/types\/product"}],"replies":[{"embeddable":true,"href":"https:\/\/topholds.com\/de\/wp-json\/wp\/v2\/comments?post=16926"}],"wp:featuredmedia":[{"embeddable":true,"href":"https:\/\/topholds.com\/de\/wp-json\/wp\/v2\/media\/8473"}],"wp:attachment":[{"href":"https:\/\/topholds.com\/de\/wp-json\/wp\/v2\/media?parent=16926"}],"wp:term":[{"taxonomy":"product_brand","embeddable":true,"href":"https:\/\/topholds.com\/de\/wp-json\/wp\/v2\/product_brand?post=16926"},{"taxonomy":"product_cat","embeddable":true,"href":"https:\/\/topholds.com\/de\/wp-json\/wp\/v2\/product_cat?post=16926"},{"taxonomy":"product_tag","embeddable":true,"href":"https:\/\/topholds.com\/de\/wp-json\/wp\/v2\/product_tag?post=16926"}],"curies":[{"name":"wp","href":"https:\/\/api.w.org\/{rel}","templated":true}]}}