{"id":16936,"date":"2020-05-07T14:25:35","date_gmt":"2020-05-07T14:25:35","guid":{"rendered":"https:\/\/topholds.com\/kletterboard-paket-multi-grips-basis\/"},"modified":"2024-08-26T04:25:38","modified_gmt":"2024-08-26T04:25:38","slug":"kletterboard-paket-multi-grips-basis","status":"publish","type":"product","link":"https:\/\/topholds.com\/de\/angebot\/hindernisparcours\/kletterboards\/kletterboard-paket-multi-grips-basis\/","title":{"rendered":"Kletterboard-Paket Multi Grips + Basis"},"content":{"rendered":"<p>Das <strong>Pack Multi Grips + Base<\/strong> ist ein umfassendes Trainingswerkzeug, das deine \u00dcbungsm\u00f6glichkeiten erweitert, perfekt f\u00fcr Kletterbegeisterte, OCR, Calisthenics, Ninja-Herausforderungen, Crossfit und Gymnastik.<\/p>\n<p>Dieses Paket beinhaltet:<\/p>\n<ul>\n<li>1 Multi Grips<\/li>\n<li>2 Campusleisten 35<\/li>\n<li>2 Campusleisten 28<\/li>\n<li>2 Campusleisten 20<\/li>\n<li>2 R\u00f6mische B\u00e4lle 7<\/li>\n<li>8 Schrauben M10x40<\/li>\n<\/ul>\n<p><strong>Multi Grips<\/strong> ist ein vielseitiges <strong>Trainingstableau<\/strong>, das sich an jede Umgebung anpassen l\u00e4sst. H\u00e4nge es an deine Klimmzugstange, im Park, an einem Ast oder installiere es fest an einer Wand. Seine 10 Ankerpunkte (Metrik 10) erm\u00f6glichen das Hinzuf\u00fcgen von Klettergriffen, Campusleisten, r\u00f6mischen B\u00e4llen oder weiteren Elementen, angepasst an deine Bed\u00fcrfnisse.<\/p>\n<p>Die Tafel verf\u00fcgt \u00fcber zwei Handrillen, an denen du auch deine OCR-Seile aufh\u00e4ngen und umfassendere \u00dcbungen durchf\u00fchren kannst. Verbinde mehrere Multi Grips vertikal, um eine Kletterroute zu simulieren, oder horizontal f\u00fcr Kletterpasses.<\/p>\n<p>Das <em>Pack Multi Grips +<\/em> Base ist ein au\u00dfergew\u00f6hnliches Werkzeug, das Training und Spa\u00df kombiniert und deine Leistung in verschiedenen Sportdisziplinen verbessert.<\/p>\n<p>Abmessungen der Multi Grips: 580 x 290 x 21 Millimeter. Es enth\u00e4lt 10 M10-Muttern und zwei Schn\u00fcre, um es einfach aufzuh\u00e4ngen.<\/p>\n","protected":false},"excerpt":{"rendered":"<ul>\n<li>Simuliert einen Kletterweg oder eine Klettertour mit mehreren Multi Grips.<\/li>\n<li>M\u00f6glichkeit, mehrere Platten vertikal oder horizontal zu verbinden.<\/li>\n<li>Anpassbar mit verschiedenen Griffarten.<\/li>\n<li>Verbessere deine Leistung im Klettern, OCR, Calisthenics und mehr.<\/li>\n<li>Einfach zu installieren und in verschiedenen Umgebungen aufzuh\u00e4ngen.<\/li>\n<\/ul>\n","protected":false},"featured_media":8782,"comment_status":"open","ping_status":"closed","template":"","meta":[],"product_brand":[],"product_cat":[403,491],"product_tag":[],"class_list":{"0":"post-16936","1":"product","2":"type-product","3":"status-publish","4":"has-post-thumbnail","6":"product_cat-hindernisparcours","7":"product_cat-kletterboards","9":"first","10":"instock","11":"sale","12":"taxable","13":"shipping-taxable","14":"purchasable","15":"product-type-simple"},"_links":{"self":[{"href":"https:\/\/topholds.com\/de\/wp-json\/wp\/v2\/product\/16936","targetHints":{"allow":["GET"]}}],"collection":[{"href":"https:\/\/topholds.com\/de\/wp-json\/wp\/v2\/product"}],"about":[{"href":"https:\/\/topholds.com\/de\/wp-json\/wp\/v2\/types\/product"}],"replies":[{"embeddable":true,"href":"https:\/\/topholds.com\/de\/wp-json\/wp\/v2\/comments?post=16936"}],"wp:featuredmedia":[{"embeddable":true,"href":"https:\/\/topholds.com\/de\/wp-json\/wp\/v2\/media\/8782"}],"wp:attachment":[{"href":"https:\/\/topholds.com\/de\/wp-json\/wp\/v2\/media?parent=16936"}],"wp:term":[{"taxonomy":"product_brand","embeddable":true,"href":"https:\/\/topholds.com\/de\/wp-json\/wp\/v2\/product_brand?post=16936"},{"taxonomy":"product_cat","embeddable":true,"href":"https:\/\/topholds.com\/de\/wp-json\/wp\/v2\/product_cat?post=16936"},{"taxonomy":"product_tag","embeddable":true,"href":"https:\/\/topholds.com\/de\/wp-json\/wp\/v2\/product_tag?post=16936"}],"curies":[{"name":"wp","href":"https:\/\/api.w.org\/{rel}","templated":true}]}}