{"id":16941,"date":"2020-07-27T10:42:22","date_gmt":"2020-07-27T10:42:22","guid":{"rendered":"https:\/\/topholds.com\/urban-top\/"},"modified":"2024-08-26T04:29:47","modified_gmt":"2024-08-26T04:29:47","slug":"urban-top","status":"publish","type":"product","link":"https:\/\/topholds.com\/de\/angebot\/hindernisparcours\/bekleidung\/tshirts-s\/urban-top\/","title":{"rendered":"Hindernisparcours-T-Shirt Urban Top"},"content":{"rendered":"<p>Die <strong>OCR Urban Top T-Shirt<\/strong> besteht aus einer angenehmen Mischung aus weichem <strong><em>gek\u00e4mmter Baumwolle<\/em><\/strong> und Elasthan, was sie zu einem T-Shirt von hoher Qualit\u00e4t macht.<\/p>\n<p>Feinstrick, verst\u00e4rkte Schultern\u00e4hte, mit einem kontrastierenden Nackenband.<\/p>\n<p>Farbe schwarz mit dem TopHolds-Logo auf der Brust<\/p>\n<p>&nbsp;<\/p>\n<p>95% gek\u00e4mmte Baumwolle, 5% Elasthan<\/p>\n<p><img decoding=\"async\" src=\"https:\/\/www.stedman.eu\/img\/washing-cat-VII.png\" \/><\/p>\n<p>&nbsp;<\/p>\n<p><strong>Gr\u00f6\u00dfenorientierung Damen<\/strong><\/p>\n<p>Gr\u00f6\u00dfe\u00a0 \u00a0 \u00a0 \u00a0 \u00a0 \u00a0 \u00a0 S\u00a0 \u00a0 \u00a0 \u00a0 \u00a0 \u00a0 \u00a0 \u00a0 M\u00a0 \u00a0 \u00a0 \u00a0 \u00a0 \u00a0 \u00a0L\u00a0 \u00a0 \u00a0 \u00a0 \u00a0 \u00a0 \u00a0 \u00a0XL<br \/>\nL\u00e4nge (cm)\u00a0 \u00a0 \u00a0 \u00a0 62\u00a0 \u00a0 \u00a0 \u00a0 \u00a0 \u00a0 \u00a0 63\u00a0 \u00a0 \u00a0 \u00a0 \u00a0 \u00a0 64,5\u00a0 \u00a0 \u00a0 \u00a0 \u00a0 \u00a065<br \/>\nBreite (cm)\u00a0 \u00a0 \u00a0 \u00a042\u00a0 \u00a0 \u00a0 \u00a0 \u00a0 \u00a0 \u00a0 45\u00a0 \u00a0 \u00a0 \u00a0 \u00a0 \u00a0 48\u00a0 \u00a0 \u00a0 \u00a0 \u00a0 \u00a0 \u00a0 52  <\/p>\n<p><strong>Gr\u00f6\u00dfenorientierung Herren<\/strong><\/p>\n<p>Gr\u00f6\u00dfe\u00a0 \u00a0 \u00a0 \u00a0 \u00a0 \u00a0 \u00a0 S\u00a0 \u00a0 \u00a0 \u00a0 \u00a0 \u00a0 \u00a0 \u00a0 M\u00a0 \u00a0 \u00a0 \u00a0 \u00a0 \u00a0 \u00a0L\u00a0 \u00a0 \u00a0 \u00a0 \u00a0 \u00a0 \u00a0 \u00a0XL<br \/>\nL\u00e4nge (cm)\u00a0 \u00a0 \u00a0 \u00a0 69\u00a0 \u00a0 \u00a0 \u00a0 \u00a0 \u00a0 \u00a0 71\u00a0 \u00a0 \u00a0 \u00a0 \u00a0 \u00a0 \u00a0 73\u00a0 \u00a0 \u00a0 \u00a0 \u00a0 \u00a0 \u00a075<br \/>\nBreite (cm)\u00a0 \u00a0 \u00a0 \u00a046\u00a0 \u00a0 \u00a0 \u00a0 \u00a0 \u00a0 \u00a0 49\u00a0 \u00a0 \u00a0 \u00a0 \u00a0 \u00a0 \u00a052\u00a0 \u00a0 \u00a0 \u00a0 \u00a0 \u00a0 \u00a056  <\/p>\n<p><em>Es kann vorkommen, dass das Kleidungsst\u00fcck nicht genau diesen Ma\u00dfen entspricht, aufgrund der zul\u00e4ssigen Messabweichungen.<\/em><\/p>\n","protected":false},"excerpt":{"rendered":"<ul>\n<li>Gemisch aus Baumwolle und Elasthan.<\/li>\n<li>Hochwertiges T-Shirt.<\/li>\n<li>Bequemer Interlockstoff.<\/li>\n<\/ul>\n","protected":false},"featured_media":9167,"comment_status":"open","ping_status":"closed","template":"","meta":[],"product_brand":[],"product_cat":[403,495,498],"product_tag":[],"class_list":{"0":"post-16941","1":"product","2":"type-product","3":"status-publish","4":"has-post-thumbnail","6":"product_cat-hindernisparcours","7":"product_cat-bekleidung","8":"product_cat-tshirts-s","9":"product_shipping_class-economy-versand","11":"first","12":"instock","13":"taxable","14":"shipping-taxable","15":"purchasable","16":"product-type-variable"},"_links":{"self":[{"href":"https:\/\/topholds.com\/de\/wp-json\/wp\/v2\/product\/16941","targetHints":{"allow":["GET"]}}],"collection":[{"href":"https:\/\/topholds.com\/de\/wp-json\/wp\/v2\/product"}],"about":[{"href":"https:\/\/topholds.com\/de\/wp-json\/wp\/v2\/types\/product"}],"replies":[{"embeddable":true,"href":"https:\/\/topholds.com\/de\/wp-json\/wp\/v2\/comments?post=16941"}],"wp:featuredmedia":[{"embeddable":true,"href":"https:\/\/topholds.com\/de\/wp-json\/wp\/v2\/media\/9167"}],"wp:attachment":[{"href":"https:\/\/topholds.com\/de\/wp-json\/wp\/v2\/media?parent=16941"}],"wp:term":[{"taxonomy":"product_brand","embeddable":true,"href":"https:\/\/topholds.com\/de\/wp-json\/wp\/v2\/product_brand?post=16941"},{"taxonomy":"product_cat","embeddable":true,"href":"https:\/\/topholds.com\/de\/wp-json\/wp\/v2\/product_cat?post=16941"},{"taxonomy":"product_tag","embeddable":true,"href":"https:\/\/topholds.com\/de\/wp-json\/wp\/v2\/product_tag?post=16941"}],"curies":[{"name":"wp","href":"https:\/\/api.w.org\/{rel}","templated":true}]}}