{"id":16946,"date":"2020-06-13T15:31:01","date_gmt":"2020-06-13T15:31:01","guid":{"rendered":"https:\/\/topholds.com\/daina2\/"},"modified":"2024-08-26T04:26:11","modified_gmt":"2024-08-26T04:26:11","slug":"daina2","status":"publish","type":"product","link":"https:\/\/topholds.com\/de\/angebot\/klettergriffe\/daina2\/","title":{"rendered":"Klettergriff-Paket Daina2"},"content":{"rendered":"<p><strong>Daina2<\/strong> ist ein vielseitiges <strong>Set aus 5 Klettergriffen<\/strong> mit einer angenehm weichen Sandsteinoberfl\u00e4che, die dazu entwickelt wurden, dein Klettererlebnis zu bereichern.<\/p>\n<p>Dieses <em>Set von Griffen<\/em> bietet verschiedene Greifm\u00f6glichkeiten wie <strong>Pinch, Leiste, Loch, Schale und flach<\/strong>, was sie perfekt macht, um sich an deine Vorlieben und F\u00e4higkeiten anzupassen. Dank ihres ausgezeichneten Grips sind sie ideal f\u00fcr den Einsatz an jeder Art von \u00dcberhang.<\/p>\n<p>Jeder Griff ist mit einem Loch f\u00fcr eine Anti-Rotationsschraube ausgestattet, was eine sichere und stabile Befestigung garantiert.<\/p>\n<p>F\u00fcr eine korrekte Installation wird empfohlen, M10x40 oder M8x40 Schrauben zu verwenden.<\/p>\n<p>Bitte beachte, dass die in dem Bild angezeigten Farben variieren k\u00f6nnen. Wenn du an einer bestimmten Farbe interessiert bist, z\u00f6gere nicht, uns zu kontaktieren.<\/p>\n","protected":false},"excerpt":{"rendered":"<ul>\n<li>Daina2 ist ein Set aus 5 Klettergriffen.<\/li>\n<li>Weiche Sandsteinstruktur.<\/li>\n<li>Vielseitige Haltem\u00f6glichkeiten: Griff, Leiste, L\u00f6cher, Rundgriff.<\/li>\n<li>Ideal f\u00fcr den Einsatz an allen Arten von \u00dcberh\u00e4ngen.<\/li>\n<\/ul>\n<p>&nbsp;<\/p>\n","protected":false},"featured_media":9036,"comment_status":"open","ping_status":"closed","template":"","meta":[],"product_brand":[],"product_cat":[418],"product_tag":[],"class_list":{"0":"post-16946","1":"product","2":"type-product","3":"status-publish","4":"has-post-thumbnail","6":"product_cat-klettergriffe","8":"first","9":"instock","10":"taxable","11":"shipping-taxable","12":"purchasable","13":"product-type-simple"},"_links":{"self":[{"href":"https:\/\/topholds.com\/de\/wp-json\/wp\/v2\/product\/16946","targetHints":{"allow":["GET"]}}],"collection":[{"href":"https:\/\/topholds.com\/de\/wp-json\/wp\/v2\/product"}],"about":[{"href":"https:\/\/topholds.com\/de\/wp-json\/wp\/v2\/types\/product"}],"replies":[{"embeddable":true,"href":"https:\/\/topholds.com\/de\/wp-json\/wp\/v2\/comments?post=16946"}],"wp:featuredmedia":[{"embeddable":true,"href":"https:\/\/topholds.com\/de\/wp-json\/wp\/v2\/media\/9036"}],"wp:attachment":[{"href":"https:\/\/topholds.com\/de\/wp-json\/wp\/v2\/media?parent=16946"}],"wp:term":[{"taxonomy":"product_brand","embeddable":true,"href":"https:\/\/topholds.com\/de\/wp-json\/wp\/v2\/product_brand?post=16946"},{"taxonomy":"product_cat","embeddable":true,"href":"https:\/\/topholds.com\/de\/wp-json\/wp\/v2\/product_cat?post=16946"},{"taxonomy":"product_tag","embeddable":true,"href":"https:\/\/topholds.com\/de\/wp-json\/wp\/v2\/product_tag?post=16946"}],"curies":[{"name":"wp","href":"https:\/\/api.w.org\/{rel}","templated":true}]}}