{"id":16951,"date":"2020-06-15T18:20:37","date_gmt":"2020-06-15T18:20:37","guid":{"rendered":"https:\/\/topholds.com\/fluessiges-magnesium-top-plus\/"},"modified":"2024-08-26T04:26:47","modified_gmt":"2024-08-26T04:26:47","slug":"fluessiges-magnesium-top-plus","status":"publish","type":"product","link":"https:\/\/topholds.com\/de\/angebot\/zubehoer\/magnesium-zubehoer\/fluessiges-magnesium-top-plus\/","title":{"rendered":"Fl\u00fcssiges Magnesium Top+"},"content":{"rendered":"<p>Der <strong>Magnesium Top+<\/strong> wurde speziell entwickelt, um die hygienischen Bed\u00fcrfnisse von <strong>Sportzentren, Fitnessstudios, Crossfit-Boxen und Hindernisrennen<\/strong> zu erf\u00fcllen und bietet Schutz gegen Viren, Bakterien und Pilze.<\/p>\n<p>Wir verstehen, dass die Verwendung von alkoholischen Gelen die H\u00e4nde rutschig machen kann, was den Halt bei sportlichen Aktivit\u00e4ten erschwert. Daher haben wir eine <strong>innovativen und dermatologisch<\/strong> getesteten Formel entwickelt, die die H\u00e4nde desinfiziert und in nur 10-15 Sekunden trocknet. Beim Trocknen hinterl\u00e4sst sie eine Schicht Magnesium, die die Haftung verbessert und das Schwitzen reduziert, wodurch ein langanhaltender Effekt gew\u00e4hrleistet wird.<\/p>\n<p>Eine der herausragendsten Eigenschaften dieses Produkts ist seine <strong>starke desinfizierende Wirkung<\/strong>, die schnell aktiviert, trocknet und effektiv ist.<\/p>\n<p>Erh\u00e4ltlich in Formaten von 100 und 250 ml sowie in 5-Liter-Beh\u00e4ltern f\u00fcr Fachleute (fragen Sie uns!). <\/p>\n<p><strong>Produkteigenschaften:<\/strong><\/p>\n<ul>\n<li>Alkoholische und hygienisierende Basis f\u00fcr gesunde Haut<\/li>\n<li>Formuliert mit einer hohen Konzentration an Ethanol (70%)<\/li>\n<li>Enth\u00e4lt kein Isopropanol in der Formulierung<\/li>\n<li>Speziell entwickelt, um hygienische Sicherheit bei der Verwendung von fl\u00fcssigem Magnesium auf den H\u00e4nden zu bieten<\/li>\n<li>Minimale Aktivierungs- und Trocknungszeit<\/li>\n<li>Maximale Haftung und Effektivit\u00e4t<\/li>\n<\/ul>\n<p><strong>Anwendung:<\/strong><\/p>\n<ol>\n<li>Vor dem Gebrauch gut sch\u00fctteln<\/li>\n<li>Ungef\u00e4hr 2 Milliliter des Produkts auf die Handfl\u00e4che auftragen<\/li>\n<li>Furiously reiben und das Produkt gleichm\u00e4\u00dfig auf beiden H\u00e4nden verteilen, bis es vollst\u00e4ndig verdampft ist, ohne dass eine nachfolgende Sp\u00fclung erforderlich ist<\/li>\n<li>Den Beh\u00e4lter gut verschlossen halten, um die Verdampfung des Alkohols zu vermeiden<\/li>\n<\/ol>\n","protected":false},"excerpt":{"rendered":"<ul>\n<li>Potente desinfizierende Wirkung gegen Viren, Bakterien und Pilze.<\/li>\n<li>Innovative Formel, dermatologisch getestet.<\/li>\n<li>Schnelles Trocknen in nur 10-15 Sekunden.<\/li>\n<li>Verbessert die Haftung, da eine Schicht Magnesium hinterlassen wird.<\/li>\n<li>Reduziert das Schwitzen in den H\u00e4nden.<\/li>\n<\/ul>\n","protected":false},"featured_media":20000,"comment_status":"open","ping_status":"closed","template":"","meta":[],"product_brand":[],"product_cat":[403,485,421],"product_tag":[],"class_list":{"0":"post-16951","1":"product","2":"type-product","3":"status-publish","4":"has-post-thumbnail","6":"product_cat-hindernisparcours","7":"product_cat-magnesium-zubehoer","8":"product_cat-zubehoer","9":"product_shipping_class-economy-versand","11":"first","12":"instock","13":"sale","14":"featured","15":"taxable","16":"shipping-taxable","17":"purchasable","18":"product-type-variable"},"_links":{"self":[{"href":"https:\/\/topholds.com\/de\/wp-json\/wp\/v2\/product\/16951","targetHints":{"allow":["GET"]}}],"collection":[{"href":"https:\/\/topholds.com\/de\/wp-json\/wp\/v2\/product"}],"about":[{"href":"https:\/\/topholds.com\/de\/wp-json\/wp\/v2\/types\/product"}],"replies":[{"embeddable":true,"href":"https:\/\/topholds.com\/de\/wp-json\/wp\/v2\/comments?post=16951"}],"wp:featuredmedia":[{"embeddable":true,"href":"https:\/\/topholds.com\/de\/wp-json\/wp\/v2\/media\/20000"}],"wp:attachment":[{"href":"https:\/\/topholds.com\/de\/wp-json\/wp\/v2\/media?parent=16951"}],"wp:term":[{"taxonomy":"product_brand","embeddable":true,"href":"https:\/\/topholds.com\/de\/wp-json\/wp\/v2\/product_brand?post=16951"},{"taxonomy":"product_cat","embeddable":true,"href":"https:\/\/topholds.com\/de\/wp-json\/wp\/v2\/product_cat?post=16951"},{"taxonomy":"product_tag","embeddable":true,"href":"https:\/\/topholds.com\/de\/wp-json\/wp\/v2\/product_tag?post=16951"}],"curies":[{"name":"wp","href":"https:\/\/api.w.org\/{rel}","templated":true}]}}