{"id":16956,"date":"2020-07-05T17:53:51","date_gmt":"2020-07-05T17:53:51","guid":{"rendered":"https:\/\/topholds.com\/kettlebell\/"},"modified":"2025-06-10T10:56:53","modified_gmt":"2025-06-10T10:56:53","slug":"kettlebell","status":"publish","type":"product","link":"https:\/\/topholds.com\/de\/angebot\/hindernisparcours\/trainingc\/griffe\/kettlebell\/","title":{"rendered":"Griff f\u00fcr Hindernisparcours Kettlebell"},"content":{"rendered":"<p>Verbessern Sie Ihr Training mit dem <strong>OCR-Griff<\/strong> <strong>Kettlebell<\/strong>. Dieser <strong>Zieh- und H\u00e4nggriff<\/strong> wurde speziell f\u00fcr <strong>OCR- und Kletterliebhaber<\/strong> entwickelt. Dieser Griff ist perfekt f\u00fcr den Einsatz in H\u00e4ngekletterw\u00e4nden, Campusbereichen und als Abseilelement an Kletterbl\u00f6cken.<\/p>\n<p>Mit einem ergonomischen Oberfl\u00e4chen-Durchmesser bietet der Griff einen bequemen und sicheren Halt f\u00fcr Ihre H\u00e4nde w\u00e4hrend Ihrer Trainingseinheiten. Seine Vielseitigkeit macht ihn <strong>geeignet f\u00fcr jede Neigung, sei es bei \u00dcberh\u00e4ngen oder Decken<\/strong>.<\/p>\n<p>Genie\u00dfen Sie seine weiche und angenehme Textur, die <strong>das Risiko von Hautverletzungen reduziert<\/strong>.<\/p>\n<p>F\u00fcr eine ordnungsgem\u00e4\u00dfe Installation wird empfohlen, Schrauben M10x40 oder M8x40 zu verwenden.<\/p>\n<p>Bitte beachten Sie, dass die in dem Bild angezeigten Farben variieren k\u00f6nnen. Wenn Sie eine bestimmte Farbe w\u00fcnschen, z\u00f6gern Sie nicht, uns zu kontaktieren.<\/p>\n","protected":false},"excerpt":{"rendered":"<ul>\n<li>Greifvorrichtung zum Ziehen und H\u00e4ngen.<\/li>\n<li>Ideal f\u00fcr h\u00e4ngende OCR-Kletterhallen, Campus und um Routen zum Absteigen von den Bl\u00f6cken zu machen.<\/li>\n<li>Der Durchmesser der oberen Kante ist sehr angenehm f\u00fcr eine ideale Handruhe.<\/li>\n<li>Geeignet f\u00fcr jede \u00dcberhang- und Dachkletterei.<\/li>\n<\/ul>\n","protected":false},"featured_media":20020,"comment_status":"open","ping_status":"closed","template":"","meta":[],"product_brand":[],"product_cat":[497,403,492,418,458],"product_tag":[],"class_list":{"0":"post-16956","1":"product","2":"type-product","3":"status-publish","4":"has-post-thumbnail","6":"product_cat-griffe","7":"product_cat-hindernisparcours","8":"product_cat-trainingc","9":"product_cat-klettergriffe","10":"product_cat-trainingss","12":"first","13":"instock","14":"taxable","15":"shipping-taxable","16":"purchasable","17":"product-type-simple"},"_links":{"self":[{"href":"https:\/\/topholds.com\/de\/wp-json\/wp\/v2\/product\/16956","targetHints":{"allow":["GET"]}}],"collection":[{"href":"https:\/\/topholds.com\/de\/wp-json\/wp\/v2\/product"}],"about":[{"href":"https:\/\/topholds.com\/de\/wp-json\/wp\/v2\/types\/product"}],"replies":[{"embeddable":true,"href":"https:\/\/topholds.com\/de\/wp-json\/wp\/v2\/comments?post=16956"}],"wp:featuredmedia":[{"embeddable":true,"href":"https:\/\/topholds.com\/de\/wp-json\/wp\/v2\/media\/20020"}],"wp:attachment":[{"href":"https:\/\/topholds.com\/de\/wp-json\/wp\/v2\/media?parent=16956"}],"wp:term":[{"taxonomy":"product_brand","embeddable":true,"href":"https:\/\/topholds.com\/de\/wp-json\/wp\/v2\/product_brand?post=16956"},{"taxonomy":"product_cat","embeddable":true,"href":"https:\/\/topholds.com\/de\/wp-json\/wp\/v2\/product_cat?post=16956"},{"taxonomy":"product_tag","embeddable":true,"href":"https:\/\/topholds.com\/de\/wp-json\/wp\/v2\/product_tag?post=16956"}],"curies":[{"name":"wp","href":"https:\/\/api.w.org\/{rel}","templated":true}]}}