{"id":16961,"date":"2020-07-05T19:14:14","date_gmt":"2020-07-05T19:14:14","guid":{"rendered":"https:\/\/topholds.com\/t-shirt-topholds\/"},"modified":"2024-08-26T04:28:05","modified_gmt":"2024-08-26T04:28:05","slug":"t-shirt-topholds","status":"publish","type":"product","link":"https:\/\/topholds.com\/de\/angebot\/hindernisparcours\/bekleidung\/tshirts-s\/t-shirt-topholds\/","title":{"rendered":"Hindernisparcours-T-Shirt TopHolds"},"content":{"rendered":"<p>Genie\u00dfen Sie maximalen Komfort und optimale Atmungsaktivit\u00e4t mit dem <strong>OCR TopHolds T-Shirt<\/strong>, das aus 140 g\/m\u00b2 microperforiertem Polyesterstoff gefertigt ist. Dank seiner Mikroperforationen erm\u00f6glicht es eine <strong>exzellente Luftzirkulation<\/strong>, wodurch Ihre Haut jederzeit frisch und bel\u00fcftet bleibt.<\/p>\n<p>Dar\u00fcber hinaus sorgt die hochwertige Polyesterzusammensetzung daf\u00fcr, dass Sie <strong>auch bei den intensivsten Aktivit\u00e4ten trocken bleiben<\/strong>. Dieses <em>OCR T-Shirt<\/em> erm\u00f6glicht es Ihnen, sich auf das Wesentliche zu konzentrieren: voranzukommen und Ihre Ziele zu erreichen.<\/p>\n<p><strong>Gr\u00f6\u00dfenorientierung<\/strong><\/p>\n<p><a href=\"https:\/\/topholds.com\/wp-content\/uploads\/2020\/07\/medidas-camisetas.jpg\"><img fetchpriority=\"high\" decoding=\"async\" class=\"alignnone size-medium wp-image-9181\" src=\"https:\/\/topholds.com\/wp-content\/uploads\/2020\/07\/medidas-camisetas-277x300.jpg\" alt=\"Gr\u00f6\u00dfen der T-Shirts\" width=\"277\" height=\"300\" \/><\/a><\/p>\n<p><em>Es kann vorkommen, dass das Kleidungsst\u00fcck nicht genau diesen Ma\u00dfen entspricht, bedingt durch die erlaubten Ma\u00dftoleranzen.<\/em><\/p>\n","protected":false},"excerpt":{"rendered":"<ul>\n<li>Gewebe aus mikroperforiertem Polyester.<\/li>\n<li>Optimale Bel\u00fcftung und Frische.<\/li>\n<li>H\u00e4lt die Haut trocken.<\/li>\n<li>Ideal f\u00fcr Aktivit\u00e4ten mit hoher Intensit\u00e4t.<\/li>\n<\/ul>\n","protected":false},"featured_media":20040,"comment_status":"open","ping_status":"closed","template":"","meta":[],"product_brand":[],"product_cat":[403,495,498],"product_tag":[],"class_list":{"0":"post-16961","1":"product","2":"type-product","3":"status-publish","4":"has-post-thumbnail","6":"product_cat-hindernisparcours","7":"product_cat-bekleidung","8":"product_cat-tshirts-s","9":"product_shipping_class-economy-versand","11":"first","12":"instock","13":"taxable","14":"shipping-taxable","15":"purchasable","16":"product-type-variable"},"_links":{"self":[{"href":"https:\/\/topholds.com\/de\/wp-json\/wp\/v2\/product\/16961","targetHints":{"allow":["GET"]}}],"collection":[{"href":"https:\/\/topholds.com\/de\/wp-json\/wp\/v2\/product"}],"about":[{"href":"https:\/\/topholds.com\/de\/wp-json\/wp\/v2\/types\/product"}],"replies":[{"embeddable":true,"href":"https:\/\/topholds.com\/de\/wp-json\/wp\/v2\/comments?post=16961"}],"wp:featuredmedia":[{"embeddable":true,"href":"https:\/\/topholds.com\/de\/wp-json\/wp\/v2\/media\/20040"}],"wp:attachment":[{"href":"https:\/\/topholds.com\/de\/wp-json\/wp\/v2\/media?parent=16961"}],"wp:term":[{"taxonomy":"product_brand","embeddable":true,"href":"https:\/\/topholds.com\/de\/wp-json\/wp\/v2\/product_brand?post=16961"},{"taxonomy":"product_cat","embeddable":true,"href":"https:\/\/topholds.com\/de\/wp-json\/wp\/v2\/product_cat?post=16961"},{"taxonomy":"product_tag","embeddable":true,"href":"https:\/\/topholds.com\/de\/wp-json\/wp\/v2\/product_tag?post=16961"}],"curies":[{"name":"wp","href":"https:\/\/api.w.org\/{rel}","templated":true}]}}