{"id":16971,"date":"2020-09-03T17:42:21","date_gmt":"2020-09-03T17:42:21","guid":{"rendered":"https:\/\/topholds.com\/wolf-grips\/"},"modified":"2024-12-02T13:03:03","modified_gmt":"2024-12-02T13:03:03","slug":"wolf-grips","status":"publish","type":"product","link":"https:\/\/topholds.com\/de\/angebot\/hindernisparcours\/trainingc\/aufhangung\/wolf-grips\/","title":{"rendered":"Aufh\u00e4ngung f\u00fcr Hindernisparcours Wolf Griffe"},"content":{"rendered":"<p><strong>Die Suspension OCR Wolf Grips<\/strong> ist ein innovatives Element f\u00fcr <strong>Aufh\u00e4ngungen und Z\u00fcge<\/strong>, das deinem Training Spannung und Herausforderung verleiht.<\/p>\n<p>Dieses vielseitige Zubeh\u00f6r ist darauf ausgelegt, mit einer oder beiden H\u00e4nden verwendet zu werden und erm\u00f6glicht somit eine breite Palette von \u00dcbungen, die sich deinen spezifischen Bed\u00fcrfnissen anpassen.<\/p>\n<p>Die weiche und griffige Textur der <em>Wolf Grips Aufh\u00e4ngung<\/em> macht sie zu einem au\u00dfergew\u00f6hnlichen Werkzeug zur <strong>Verbesserung deiner Kletter-, OCR- und Crossfit-Trainings<\/strong>. Dar\u00fcber hinaus macht ihr leichtes Design sie perfekt, um sie \u00fcberallhin mitzunehmen und jederzeit zu trainieren.<\/p>\n<p>Das Aufh\u00e4ngen der Wolf Grips ist extrem einfach: In nur drei Sekunden kannst du <strong>einen Schlaufenknoten verwenden, um sie an einem Ast<\/strong>, einer Klimmzugstange oder einem anderen geeigneten Tr\u00e4ger zu befestigen. Vergiss die Ausreden und f\u00fcge deiner t\u00e4glichen Routine eine Herausforderung hinzu.<\/p>\n<p>Bitte beachte, dass die Farben der Wolf Grips von dem gezeigten Bild abweichen k\u00f6nnen. Wenn du eine bestimmte Farbe w\u00fcnschst, z\u00f6gere nicht, uns zu kontaktieren, und wir werden unser Bestes tun, um deine Vorlieben zu erf\u00fcllen.<\/p>\n","protected":false},"excerpt":{"rendered":"<ul>\n<li>Ideal f\u00fcr Aufh\u00e4ngungen und Z\u00fcge.<\/li>\n<li>Vielseitiger Griff: mit einer oder zwei H\u00e4nden.<\/li>\n<li>Perfekt f\u00fcr Klettern, OCR und Crossfit.<\/li>\n<li>Leichtes und tragbares Design.<\/li>\n<li>Einfache Installation mit einer Achtsamkeitsknotentechnik.<\/li>\n<\/ul>\n","protected":false},"featured_media":20180,"comment_status":"open","ping_status":"closed","template":"","meta":[],"product_brand":[],"product_cat":[496,403,492],"product_tag":[],"class_list":{"0":"post-16971","1":"product","2":"type-product","3":"status-publish","4":"has-post-thumbnail","6":"product_cat-aufhangung","7":"product_cat-hindernisparcours","8":"product_cat-trainingc","10":"first","11":"instock","12":"sale","13":"taxable","14":"shipping-taxable","15":"purchasable","16":"product-type-simple"},"_links":{"self":[{"href":"https:\/\/topholds.com\/de\/wp-json\/wp\/v2\/product\/16971","targetHints":{"allow":["GET"]}}],"collection":[{"href":"https:\/\/topholds.com\/de\/wp-json\/wp\/v2\/product"}],"about":[{"href":"https:\/\/topholds.com\/de\/wp-json\/wp\/v2\/types\/product"}],"replies":[{"embeddable":true,"href":"https:\/\/topholds.com\/de\/wp-json\/wp\/v2\/comments?post=16971"}],"wp:featuredmedia":[{"embeddable":true,"href":"https:\/\/topholds.com\/de\/wp-json\/wp\/v2\/media\/20180"}],"wp:attachment":[{"href":"https:\/\/topholds.com\/de\/wp-json\/wp\/v2\/media?parent=16971"}],"wp:term":[{"taxonomy":"product_brand","embeddable":true,"href":"https:\/\/topholds.com\/de\/wp-json\/wp\/v2\/product_brand?post=16971"},{"taxonomy":"product_cat","embeddable":true,"href":"https:\/\/topholds.com\/de\/wp-json\/wp\/v2\/product_cat?post=16971"},{"taxonomy":"product_tag","embeddable":true,"href":"https:\/\/topholds.com\/de\/wp-json\/wp\/v2\/product_tag?post=16971"}],"curies":[{"name":"wp","href":"https:\/\/api.w.org\/{rel}","templated":true}]}}