{"id":16976,"date":"2020-09-05T12:04:29","date_gmt":"2020-09-05T12:04:29","guid":{"rendered":"https:\/\/topholds.com\/hammer-time\/"},"modified":"2026-02-16T12:56:14","modified_gmt":"2026-02-16T12:56:14","slug":"hammer-time","status":"publish","type":"product","link":"https:\/\/topholds.com\/de\/angebot\/hindernisparcours\/trainingc\/aufhangung\/hammer-time\/","title":{"rendered":"Aufh\u00e4ngung f\u00fcr Hindernisparcours Hammer Time"},"content":{"rendered":"<p><strong>Hammer Time<\/strong> ist das revolution\u00e4re Hindernis von TopHolds. Dieses Element der <strong>OCR-Suspension<\/strong> ist darauf ausgelegt, dir unendliche M\u00f6glichkeiten zu bieten, es zu \u00fcberwinden und deine Trainings zu verbessern. Diese vielseitige Suspension l\u00e4sst sich ganz einfach an einer Klimmzugstange, im Park oder an einem Ast aufh\u00e4ngen, wodurch du eine Vielzahl von \u00dcbungen \u00fcberall durchf\u00fchren kannst.<\/p>\n<p>Maximiere das Potenzial der <em>Hammer Time<\/em>, indem du sie mit anderen vertikal kombinierst, um einzigartige und auf deine Bed\u00fcrfnisse zugeschnittene Herausforderungen zu schaffen. Ihr sorgf\u00e4ltig durchdachtes Design erm\u00f6glicht es dir, das Beste aus deinem Training herauszuholen, ohne dass du viel Platz f\u00fcr Combos beliebiger L\u00e4nge ben\u00f6tigst.<\/p>\n<p><em>Hammer Time<\/em> ist ein ausgezeichnetes Werkzeug f\u00fcr <strong>OCR-Trainings, Calisthenics, Ninja-Herausforderungen, Klettern, Crossfit, Gymnastik<\/strong> und vieles mehr. Dar\u00fcber hinaus bietet es nicht nur ein effektives Training, sondern auch viel Spa\u00df. Traust du dich, es auszuprobieren?<\/p>\n<p>&nbsp;<\/p>\n<p><iframe src=\"https:\/\/www.youtube.com\/embed\/wKQ2ywKLmcw?start=2\" width=\"560\" height=\"315\" frameborder=\"0\" allowfullscreen=\"allowfullscreen\"><\/iframe><\/p>\n<p>&nbsp;<\/p>\n<p>Es ist wichtig, die <strong>Hammer Time-Suspension<\/strong> gem\u00e4\u00df den Anweisungen des Demonstrationsvideos zu verwenden und nur unsere &#8222;Griffe f\u00fcr die Peg Board&#8220; oder andere mit identischen Ma\u00dfen im &#8222;Peg Board&#8220;-Modus zu verwenden. Wir \u00fcbernehmen keine Verantwortung f\u00fcr unsachgem\u00e4\u00dfe Verwendung des Produkts oder die Nutzung von Materialien, die von den empfohlenen abweichen, da dies zu Sch\u00e4den am Produkt f\u00fchren k\u00f6nnte.<\/p>\n<p>Bitte beachte, dass die Farben von Hammer Time von der abgebildeten Farbe abweichen k\u00f6nnen. Wenn du eine bestimmte Farbe w\u00fcnschst, z\u00f6gere nicht, uns zu kontaktieren.<\/p>\n","protected":false},"excerpt":{"rendered":"<ul>\n<li>Einfach \u00fcberall aufzuh\u00e4ngen.<\/li>\n<li>Ideal f\u00fcr OCR-Training, Calisthenics, Ninja-Herausforderungen, Klettern, Crossfit.<\/li>\n<li>Vielseitiges und anpassungsf\u00e4higes Design.<\/li>\n<li>Ideal f\u00fcr kleine R\u00e4ume.<\/li>\n<li>Geeignet f\u00fcr verschiedene Trainingseinheiten.<\/li>\n<\/ul>\n","protected":false},"featured_media":20195,"comment_status":"open","ping_status":"closed","template":"","meta":[],"product_brand":[],"product_cat":[496,403,492,494],"product_tag":[],"class_list":{"0":"post-16976","1":"product","2":"type-product","3":"status-publish","4":"has-post-thumbnail","6":"product_cat-aufhangung","7":"product_cat-hindernisparcours","8":"product_cat-trainingc","9":"product_cat-peg-boards-hindernisparcours","11":"first","12":"instock","13":"sale","14":"taxable","15":"shipping-taxable","16":"purchasable","17":"product-type-simple"},"_links":{"self":[{"href":"https:\/\/topholds.com\/de\/wp-json\/wp\/v2\/product\/16976","targetHints":{"allow":["GET"]}}],"collection":[{"href":"https:\/\/topholds.com\/de\/wp-json\/wp\/v2\/product"}],"about":[{"href":"https:\/\/topholds.com\/de\/wp-json\/wp\/v2\/types\/product"}],"replies":[{"embeddable":true,"href":"https:\/\/topholds.com\/de\/wp-json\/wp\/v2\/comments?post=16976"}],"wp:featuredmedia":[{"embeddable":true,"href":"https:\/\/topholds.com\/de\/wp-json\/wp\/v2\/media\/20195"}],"wp:attachment":[{"href":"https:\/\/topholds.com\/de\/wp-json\/wp\/v2\/media?parent=16976"}],"wp:term":[{"taxonomy":"product_brand","embeddable":true,"href":"https:\/\/topholds.com\/de\/wp-json\/wp\/v2\/product_brand?post=16976"},{"taxonomy":"product_cat","embeddable":true,"href":"https:\/\/topholds.com\/de\/wp-json\/wp\/v2\/product_cat?post=16976"},{"taxonomy":"product_tag","embeddable":true,"href":"https:\/\/topholds.com\/de\/wp-json\/wp\/v2\/product_tag?post=16976"}],"curies":[{"name":"wp","href":"https:\/\/api.w.org\/{rel}","templated":true}]}}