{"id":16981,"date":"2020-09-07T16:06:00","date_gmt":"2020-09-07T16:06:00","guid":{"rendered":"https:\/\/topholds.com\/anilla-top-breaker\/"},"modified":"2024-08-26T04:31:38","modified_gmt":"2024-08-26T04:31:38","slug":"anilla-top-breaker","status":"publish","type":"product","link":"https:\/\/topholds.com\/de\/angebot\/hindernisparcours\/trainingc\/aufhangung\/anilla-top-breaker\/","title":{"rendered":"Aufh\u00e4ngung f\u00fcr Hindernisparcours Anilla Top Breaker"},"content":{"rendered":"<p>Die <strong>Top Breaker Ringe sind OCR-Aufh\u00e4ngungen<\/strong>, die aus Edelstahl gefertigt sind und dir intensives Training erm\u00f6glichen.<\/p>\n<p>Die <em>Top Breaker Ringe<\/em> sind \u00e4u\u00dferst robust und unverw\u00fcstlich gegen Witterungsbedingungen, was sie zur idealen Wahl f\u00fcr alle macht, die in jeder Umgebung leistungsstarkes Equipment suchen.<\/p>\n<p>Zudem erm\u00f6glicht dir ihr vielseitiges Design, <strong>horizontale und vertikale Progressionen<\/strong> durch das Einh\u00e4ngen von Zubeh\u00f6r wie unseren Top Breaker, Chain Grip Evolution, Chain Grip Evolution MAX, Ball Chain Evolution, Cross Chain Evolution, Delta Raks, Yaguer Chain Evolution und Kong Chain.<\/p>\n<p>Sie werden mit dem TopHolds Schnur geliefert, damit du sie einfach aufh\u00e4ngen kannst.<\/p>\n","protected":false},"excerpt":{"rendered":"<ul>\n<li>Erm\u00f6glicht horizontale und vertikale Progressionen.<\/li>\n<li>Herstellung aus hochwertigem Edelstahl.<\/li>\n<li>Geeignet f\u00fcr intensives Training im Innen- und Au\u00dfenbereich.<\/li>\n<li>Kompatibel mit Top Breaker, Chain Grip Evolution, Chain Grip Evolution MAX, Ball Chain Evolution, Cross Chain Evolution, Delta Raks, Yaguer Chain Evolution und Kong Chain.<\/li>\n<\/ul>\n","protected":false},"featured_media":20215,"comment_status":"open","ping_status":"closed","template":"","meta":[],"product_brand":[],"product_cat":[496,403,492],"product_tag":[],"class_list":{"0":"post-16981","1":"product","2":"type-product","3":"status-publish","4":"has-post-thumbnail","6":"product_cat-aufhangung","7":"product_cat-hindernisparcours","8":"product_cat-trainingc","10":"first","11":"instock","12":"taxable","13":"shipping-taxable","14":"purchasable","15":"product-type-simple"},"_links":{"self":[{"href":"https:\/\/topholds.com\/de\/wp-json\/wp\/v2\/product\/16981","targetHints":{"allow":["GET"]}}],"collection":[{"href":"https:\/\/topholds.com\/de\/wp-json\/wp\/v2\/product"}],"about":[{"href":"https:\/\/topholds.com\/de\/wp-json\/wp\/v2\/types\/product"}],"replies":[{"embeddable":true,"href":"https:\/\/topholds.com\/de\/wp-json\/wp\/v2\/comments?post=16981"}],"wp:featuredmedia":[{"embeddable":true,"href":"https:\/\/topholds.com\/de\/wp-json\/wp\/v2\/media\/20215"}],"wp:attachment":[{"href":"https:\/\/topholds.com\/de\/wp-json\/wp\/v2\/media?parent=16981"}],"wp:term":[{"taxonomy":"product_brand","embeddable":true,"href":"https:\/\/topholds.com\/de\/wp-json\/wp\/v2\/product_brand?post=16981"},{"taxonomy":"product_cat","embeddable":true,"href":"https:\/\/topholds.com\/de\/wp-json\/wp\/v2\/product_cat?post=16981"},{"taxonomy":"product_tag","embeddable":true,"href":"https:\/\/topholds.com\/de\/wp-json\/wp\/v2\/product_tag?post=16981"}],"curies":[{"name":"wp","href":"https:\/\/api.w.org\/{rel}","templated":true}]}}