{"id":16991,"date":"2021-01-17T12:20:13","date_gmt":"2021-01-17T12:20:13","guid":{"rendered":"https:\/\/topholds.com\/soft-2\/"},"modified":"2024-08-26T04:32:54","modified_gmt":"2024-08-26T04:32:54","slug":"soft-2","status":"publish","type":"product","link":"https:\/\/topholds.com\/de\/angebot\/klettergriffe\/soft-2\/","title":{"rendered":"Klettergriff-Paket Soft 2"},"content":{"rendered":"<p><strong>Soft 2 ist ein Set aus 10 Klettergriffen<\/strong>, die mit einer sanften und realistischen Sandsteintextur gestaltet sind, die einen bequemen und sicheren Halt w\u00e4hrend deiner Klettersessions garantiert.<\/p>\n<p>Jeder Griff ist mit einem <strong>Anti-Drehloch f\u00fcr Senkkopfschrauben<\/strong> ausgestattet, um die Stabilit\u00e4t zu gew\u00e4hrleisten und unerw\u00fcnschte Bewegungen w\u00e4hrend des Kletterns zu verhindern.<\/p>\n<p>F\u00fcr eine optimale Installation wird empfohlen, M10x50 oder M8x50 Schrauben (nicht enthalten) zu verwenden.<\/p>\n<p>Wenn du eine spezielle Farbe w\u00fcnschst, schreibe dies in die &#8222;Notizen&#8220; oder kontaktiere uns.<\/p>\n","protected":false},"excerpt":{"rendered":"<ul>\n<li>Soft 2 ist ein Set aus 10 Klettergriffen.<\/li>\n<li>Weiche Sandsteintextur.<\/li>\n<li>Alle haben ein Loch f\u00fcr eine Anti-Rotation-Schraube.<\/li>\n<\/ul>\n<p>&nbsp;<\/p>\n","protected":false},"featured_media":9970,"comment_status":"open","ping_status":"closed","template":"","meta":[],"product_brand":[],"product_cat":[418],"product_tag":[],"class_list":{"0":"post-16991","1":"product","2":"type-product","3":"status-publish","4":"has-post-thumbnail","6":"product_cat-klettergriffe","8":"first","9":"instock","10":"taxable","11":"shipping-taxable","12":"purchasable","13":"product-type-simple"},"_links":{"self":[{"href":"https:\/\/topholds.com\/de\/wp-json\/wp\/v2\/product\/16991","targetHints":{"allow":["GET"]}}],"collection":[{"href":"https:\/\/topholds.com\/de\/wp-json\/wp\/v2\/product"}],"about":[{"href":"https:\/\/topholds.com\/de\/wp-json\/wp\/v2\/types\/product"}],"replies":[{"embeddable":true,"href":"https:\/\/topholds.com\/de\/wp-json\/wp\/v2\/comments?post=16991"}],"wp:featuredmedia":[{"embeddable":true,"href":"https:\/\/topholds.com\/de\/wp-json\/wp\/v2\/media\/9970"}],"wp:attachment":[{"href":"https:\/\/topholds.com\/de\/wp-json\/wp\/v2\/media?parent=16991"}],"wp:term":[{"taxonomy":"product_brand","embeddable":true,"href":"https:\/\/topholds.com\/de\/wp-json\/wp\/v2\/product_brand?post=16991"},{"taxonomy":"product_cat","embeddable":true,"href":"https:\/\/topholds.com\/de\/wp-json\/wp\/v2\/product_cat?post=16991"},{"taxonomy":"product_tag","embeddable":true,"href":"https:\/\/topholds.com\/de\/wp-json\/wp\/v2\/product_tag?post=16991"}],"curies":[{"name":"wp","href":"https:\/\/api.w.org\/{rel}","templated":true}]}}