{"id":16996,"date":"2021-01-17T12:31:30","date_gmt":"2021-01-17T12:31:30","guid":{"rendered":"https:\/\/topholds.com\/soft-1\/"},"modified":"2024-08-26T04:33:28","modified_gmt":"2024-08-26T04:33:28","slug":"soft-1","status":"publish","type":"product","link":"https:\/\/topholds.com\/de\/angebot\/klettergriffe\/soft-1\/","title":{"rendered":"Klettergriff-Paket Soft 1"},"content":{"rendered":"<p><strong>Soft 1 ist ein Set aus 10 Klettergriffen<\/strong> mit einer sanften, sandsteinartigen Textur, die das Gef\u00fchl von nat\u00fcrlichem Fels nachahmt.<\/p>\n<p>Sie verf\u00fcgen \u00fcber ein <strong>Anti-Drehloch f\u00fcr den Schraubenzug<\/strong>, das verhindert, dass sie sich bewegen oder herunterfallen.<\/p>\n<p>Um sie korrekt zu befestigen, empfehlen wir Schrauben M10x40 oder M8x40.<\/p>\n<p>Wenn du eine spezielle Farbe w\u00fcnschst, schreibe dies in die &#8222;Notizen&#8220; oder kontaktiere uns.<\/p>\n","protected":false},"excerpt":{"rendered":"<ul>\n<li>Soft 1 ist ein Set von 10 Klettergriffen<\/li>\n<li>Sanfte Sandsteintextur.<\/li>\n<li>Alle haben ein Loch f\u00fcr eine Anti-Drehschraube.<\/li>\n<\/ul>\n<p>&nbsp;<\/p>\n","protected":false},"featured_media":9964,"comment_status":"open","ping_status":"closed","template":"","meta":[],"product_brand":[],"product_cat":[418],"product_tag":[],"class_list":{"0":"post-16996","1":"product","2":"type-product","3":"status-publish","4":"has-post-thumbnail","6":"product_cat-klettergriffe","8":"first","9":"instock","10":"taxable","11":"shipping-taxable","12":"purchasable","13":"product-type-simple"},"_links":{"self":[{"href":"https:\/\/topholds.com\/de\/wp-json\/wp\/v2\/product\/16996","targetHints":{"allow":["GET"]}}],"collection":[{"href":"https:\/\/topholds.com\/de\/wp-json\/wp\/v2\/product"}],"about":[{"href":"https:\/\/topholds.com\/de\/wp-json\/wp\/v2\/types\/product"}],"replies":[{"embeddable":true,"href":"https:\/\/topholds.com\/de\/wp-json\/wp\/v2\/comments?post=16996"}],"wp:featuredmedia":[{"embeddable":true,"href":"https:\/\/topholds.com\/de\/wp-json\/wp\/v2\/media\/9964"}],"wp:attachment":[{"href":"https:\/\/topholds.com\/de\/wp-json\/wp\/v2\/media?parent=16996"}],"wp:term":[{"taxonomy":"product_brand","embeddable":true,"href":"https:\/\/topholds.com\/de\/wp-json\/wp\/v2\/product_brand?post=16996"},{"taxonomy":"product_cat","embeddable":true,"href":"https:\/\/topholds.com\/de\/wp-json\/wp\/v2\/product_cat?post=16996"},{"taxonomy":"product_tag","embeddable":true,"href":"https:\/\/topholds.com\/de\/wp-json\/wp\/v2\/product_tag?post=16996"}],"curies":[{"name":"wp","href":"https:\/\/api.w.org\/{rel}","templated":true}]}}