{"id":17001,"date":"2021-01-24T12:17:09","date_gmt":"2021-01-24T12:17:09","guid":{"rendered":"https:\/\/topholds.com\/puppy-trail\/"},"modified":"2024-08-26T04:34:01","modified_gmt":"2024-08-26T04:34:01","slug":"puppy-trail","status":"publish","type":"product","link":"https:\/\/topholds.com\/de\/angebot\/klettergriffe\/kinder\/puppy-trail\/","title":{"rendered":"Kinder-Klettergriff-Paket Puppy Trail"},"content":{"rendered":"<p><strong>Puppy Trail ist ein Set aus 6 Klettergriffen f\u00fcr Kinder<\/strong> mit einer sanften sandigen Textur.<\/p>\n<p>Sie sind so gestaltet, dass die Kinder beim Klettern Sicherheit und Komfort genie\u00dfen k\u00f6nnen. Sie passen sich an verschiedene Gr\u00f6\u00dfen von H\u00e4nden und F\u00fc\u00dfen an.<\/p>\n<p>Du kannst die <strong>Installation auf jeder Oberfl\u00e4che einfach und bequem<\/strong> mit Schrauben durchf\u00fchren. F\u00fcr Platten mit einer Dicke von 20 mm empfehlen wir Schrauben der Gr\u00f6\u00dfe 5 x 45 mm.<\/p>\n<p>Wenn du eine spezielle Farbe m\u00f6chtest, schreibe sie in &#8222;Bemerkungen&#8220; oder kontaktiere uns.<\/p>\n","protected":false},"excerpt":{"rendered":"<ul>\n<li>Puppy Trail ist ein Set von 6 Klettersteinen f\u00fcr Kinder.<\/li>\n<li>Weiche Sandsteintextur.<\/li>\n<li>Ideal f\u00fcr Kinder jeden Alters.<\/li>\n<li>Einfache Installation auf jeder Oberfl\u00e4che mit Schrauben.<\/li>\n<\/ul>\n","protected":false},"featured_media":20280,"comment_status":"open","ping_status":"closed","template":"","meta":[],"product_brand":[],"product_cat":[457],"product_tag":[],"class_list":{"0":"post-17001","1":"product","2":"type-product","3":"status-publish","4":"has-post-thumbnail","6":"product_cat-kinder","8":"first","9":"instock","10":"sale","11":"taxable","12":"shipping-taxable","13":"purchasable","14":"product-type-simple"},"_links":{"self":[{"href":"https:\/\/topholds.com\/de\/wp-json\/wp\/v2\/product\/17001","targetHints":{"allow":["GET"]}}],"collection":[{"href":"https:\/\/topholds.com\/de\/wp-json\/wp\/v2\/product"}],"about":[{"href":"https:\/\/topholds.com\/de\/wp-json\/wp\/v2\/types\/product"}],"replies":[{"embeddable":true,"href":"https:\/\/topholds.com\/de\/wp-json\/wp\/v2\/comments?post=17001"}],"wp:featuredmedia":[{"embeddable":true,"href":"https:\/\/topholds.com\/de\/wp-json\/wp\/v2\/media\/20280"}],"wp:attachment":[{"href":"https:\/\/topholds.com\/de\/wp-json\/wp\/v2\/media?parent=17001"}],"wp:term":[{"taxonomy":"product_brand","embeddable":true,"href":"https:\/\/topholds.com\/de\/wp-json\/wp\/v2\/product_brand?post=17001"},{"taxonomy":"product_cat","embeddable":true,"href":"https:\/\/topholds.com\/de\/wp-json\/wp\/v2\/product_cat?post=17001"},{"taxonomy":"product_tag","embeddable":true,"href":"https:\/\/topholds.com\/de\/wp-json\/wp\/v2\/product_tag?post=17001"}],"curies":[{"name":"wp","href":"https:\/\/api.w.org\/{rel}","templated":true}]}}