{"id":17006,"date":"2021-04-16T11:49:28","date_gmt":"2021-04-16T11:49:28","guid":{"rendered":"https:\/\/topholds.com\/cross-chain-evolution\/"},"modified":"2026-01-01T14:41:38","modified_gmt":"2026-01-01T14:41:38","slug":"cross-chain-evolution","status":"publish","type":"product","link":"https:\/\/topholds.com\/de\/angebot\/hindernisparcours\/trainingc\/aufhangung\/cross-chain-evolution\/","title":{"rendered":"Aufh\u00e4ngung f\u00fcr Hindernisparcours Cross Chain Evolution"},"content":{"rendered":"<p>Die <strong>Suspension von OCR Cross Chain Evolution<\/strong> ist ein Hakenzylinder, der f\u00fcr <strong>horizontale oder vertikale Progressionen<\/strong> an Ketten oder kleinen Ringen konzipiert ist.<\/p>\n<p>Seine Gr\u00f6\u00dfe ist anpassbar an die Handfl\u00e4che, was die Benutzung f\u00fcr jedes Trainingsniveau erleichtert.<\/p>\n<p>Die neue Evolution-Serie von TopHolds bietet eine Verbesserung in der Qualit\u00e4t der <em>OCR-Suspensionen<\/em>. Die Produkte sind aus <strong>hochwertigen Komponenten<\/strong> gefertigt und die \u00c4sthetik wurde verbessert.<\/p>\n<p>Der Befestigungshaken wurde optimiert und besteht jetzt aus hochfestem geh\u00e4rtetem Stahl, was ein effizienteres Arbeiten an den Hindernissen erm\u00f6glicht.<\/p>\n<p>Im neuen <strong>Cross Chain Evolution<\/strong> wurde die unbequeme Manschette des alten Hakens entfernt, was zu einer <strong>h\u00f6heren Komfort im Griff<\/strong> f\u00fchrt.<\/p>\n<p>Der untere Teil des Zylinders wurde abgerundet, um sich perfekt an die Hand anzupassen, und er wurde mit Stahl verst\u00e4rkt, um Br\u00fcche bei seitlichem schlechten Griff zu vermeiden.<\/p>\n<p><iframe title=\"YouTube-Video-Player\" src=\"https:\/\/www.youtube.com\/embed\/n2_DwBUEgdU\" width=\"560\" height=\"315\" frameborder=\"0\" allowfullscreen=\"allowfullscreen\"><\/iframe><\/p>\n<p>Er hat eine <strong>sehr haftende und sanfte Textur f\u00fcr die H\u00e4nde<\/strong>, die ein Verrutschen verhindert und es erm\u00f6glicht, \u00fcber l\u00e4ngere Zeit an der Ausdauer zu arbeiten. Es ist das perfekte Accessoire f\u00fcr dein <strong>Kletter-Training, OCR und Crossfit<\/strong>.<\/p>\n<p>Sehr leicht und ideal, um sie zu unseren Trainings \u00fcberall mitzunehmen.<\/p>\n<p>Die Farben k\u00f6nnten von denen auf dem Foto abweichen, kontaktiere uns, wenn du eine spezielle Farbe w\u00fcnschst.<\/p>\n","protected":false},"excerpt":{"rendered":"<ul>\n<li>Zylinder mit Haken f\u00fcr Fortschritte in Ketten oder kleinen Ringen<\/li>\n<li>Verstellbare Gr\u00f6\u00dfe f\u00fcr jedes Trainingsniveau<\/li>\n<li>Befestigungshaken aus hochfestem geh\u00e4rtetem Stahl<\/li>\n<li>Haftende und weiche Textur zur Arbeit an der Ausdauer<\/li>\n<\/ul>\n","protected":false},"featured_media":20295,"comment_status":"open","ping_status":"closed","template":"","meta":[],"product_brand":[],"product_cat":[496,403,492],"product_tag":[],"class_list":{"0":"post-17006","1":"product","2":"type-product","3":"status-publish","4":"has-post-thumbnail","6":"product_cat-aufhangung","7":"product_cat-hindernisparcours","8":"product_cat-trainingc","10":"first","11":"instock","12":"taxable","13":"shipping-taxable","14":"purchasable","15":"product-type-simple"},"_links":{"self":[{"href":"https:\/\/topholds.com\/de\/wp-json\/wp\/v2\/product\/17006","targetHints":{"allow":["GET"]}}],"collection":[{"href":"https:\/\/topholds.com\/de\/wp-json\/wp\/v2\/product"}],"about":[{"href":"https:\/\/topholds.com\/de\/wp-json\/wp\/v2\/types\/product"}],"replies":[{"embeddable":true,"href":"https:\/\/topholds.com\/de\/wp-json\/wp\/v2\/comments?post=17006"}],"wp:featuredmedia":[{"embeddable":true,"href":"https:\/\/topholds.com\/de\/wp-json\/wp\/v2\/media\/20295"}],"wp:attachment":[{"href":"https:\/\/topholds.com\/de\/wp-json\/wp\/v2\/media?parent=17006"}],"wp:term":[{"taxonomy":"product_brand","embeddable":true,"href":"https:\/\/topholds.com\/de\/wp-json\/wp\/v2\/product_brand?post=17006"},{"taxonomy":"product_cat","embeddable":true,"href":"https:\/\/topholds.com\/de\/wp-json\/wp\/v2\/product_cat?post=17006"},{"taxonomy":"product_tag","embeddable":true,"href":"https:\/\/topholds.com\/de\/wp-json\/wp\/v2\/product_tag?post=17006"}],"curies":[{"name":"wp","href":"https:\/\/api.w.org\/{rel}","templated":true}]}}