{"id":17011,"date":"2021-04-16T11:54:44","date_gmt":"2021-04-16T11:54:44","guid":{"rendered":"https:\/\/topholds.com\/moon-balls\/"},"modified":"2026-01-01T14:41:38","modified_gmt":"2026-01-01T14:41:38","slug":"moon-balls","status":"publish","type":"product","link":"https:\/\/topholds.com\/de\/angebot\/hindernisparcours\/trainingc\/aufhangung\/moon-balls\/","title":{"rendered":"Aufh\u00e4ngung f\u00fcr Hindernisparcours Moon Balls"},"content":{"rendered":"<p><strong>Moon Balls<\/strong> sind viel mehr als nur <strong>OCR-H\u00e4ngemittel-B\u00e4lle<\/strong>: sie sind dein idealer Trainingspartner f\u00fcr OCR, Calisthenics, Klettern oder Crossfit. Hier sind einige Gr\u00fcnde, warum du sie lieben wirst:<\/p>\n<p>Sie haben einen Durchmesser von 12 cm und ein Loch, das es dir erm\u00f6glicht, sie an den Griffen des Pegboards zu befestigen und deine eigenen Kombinationen zu erstellen. Du kannst <strong>den Schwierigkeitsgrad anpassen<\/strong>, indem du den Abstand zwischen den B\u00e4llen ver\u00e4nderst.<\/p>\n<p>Sie haben ein weiches und ergonomisches Design, das sich angenehm in deiner Hand anf\u00fchlt und Scheuern oder Verletzungen verhindert.<\/p>\n<p>Sie <strong>helfen dir, die Griffkraft<\/strong>, Koordination, Gleichgewicht, Ausdauer und Agilit\u00e4t zu entwickeln. Du kannst sie f\u00fcr <strong>H\u00e4ngemittel-\u00dcbungen<\/strong>, Schwungbewegungen, dynamische Transfers und mehr verwenden.<\/p>\n<p>Du kannst sie an jedem Ast, Klimmzugstangen, \u00f6ffentlichen Park oder wo immer du einen geeigneten Platz findest aufh\u00e4ngen. Es gibt keine Ausreden, um dein Training auszulassen!<\/p>\n<p>Die Farben k\u00f6nnten von denen auf dem Foto abweichen (frag uns, wenn du eine spezielle Farbe m\u00f6chtest).<\/p>\n<p>Der Preis bezieht sich auf einen Ball mit seinem Seil. Die Pegboard-Griffe sind nicht im Preis enthalten und m\u00fcssen separat erworben werden, falls du diese ben\u00f6tigst.<\/p>\n","protected":false},"excerpt":{"rendered":"<ul>\n<li>Kombiniere die B\u00e4lle nach deinem Geschmack und Niveau mit den Pegboard-Griffen.<\/li>\n<li>Genie\u00dfe die angenehme Haptik und die ergonomische Form, die deine H\u00e4nde schont.<\/li>\n<li>Verbessere deine Kraft, Koordination, Gleichgewicht und Ausdauer mit abwechslungsreichen und unterhaltsamen \u00dcbungen.<\/li>\n<li>Trainiere \u00fcberall, indem du die B\u00e4lle an jeder St\u00fctze aufh\u00e4ngst.<\/li>\n<\/ul>\n","protected":false},"featured_media":20300,"comment_status":"open","ping_status":"closed","template":"","meta":[],"product_brand":[],"product_cat":[496,403,492,494],"product_tag":[],"class_list":{"0":"post-17011","1":"product","2":"type-product","3":"status-publish","4":"has-post-thumbnail","6":"product_cat-aufhangung","7":"product_cat-hindernisparcours","8":"product_cat-trainingc","9":"product_cat-peg-boards-hindernisparcours","11":"first","12":"instock","13":"sale","14":"taxable","15":"shipping-taxable","16":"purchasable","17":"product-type-simple"},"_links":{"self":[{"href":"https:\/\/topholds.com\/de\/wp-json\/wp\/v2\/product\/17011","targetHints":{"allow":["GET"]}}],"collection":[{"href":"https:\/\/topholds.com\/de\/wp-json\/wp\/v2\/product"}],"about":[{"href":"https:\/\/topholds.com\/de\/wp-json\/wp\/v2\/types\/product"}],"replies":[{"embeddable":true,"href":"https:\/\/topholds.com\/de\/wp-json\/wp\/v2\/comments?post=17011"}],"wp:featuredmedia":[{"embeddable":true,"href":"https:\/\/topholds.com\/de\/wp-json\/wp\/v2\/media\/20300"}],"wp:attachment":[{"href":"https:\/\/topholds.com\/de\/wp-json\/wp\/v2\/media?parent=17011"}],"wp:term":[{"taxonomy":"product_brand","embeddable":true,"href":"https:\/\/topholds.com\/de\/wp-json\/wp\/v2\/product_brand?post=17011"},{"taxonomy":"product_cat","embeddable":true,"href":"https:\/\/topholds.com\/de\/wp-json\/wp\/v2\/product_cat?post=17011"},{"taxonomy":"product_tag","embeddable":true,"href":"https:\/\/topholds.com\/de\/wp-json\/wp\/v2\/product_tag?post=17011"}],"curies":[{"name":"wp","href":"https:\/\/api.w.org\/{rel}","templated":true}]}}