{"id":17016,"date":"2021-05-21T12:44:45","date_gmt":"2021-05-21T12:44:45","guid":{"rendered":"https:\/\/topholds.com\/climbskin-twins\/"},"modified":"2024-08-26T04:36:10","modified_gmt":"2024-08-26T04:36:10","slug":"climbskin-twins","status":"publish","type":"product","link":"https:\/\/topholds.com\/de\/angebot\/hindernisparcours\/trainingc\/aufhangung\/climbskin-twins\/","title":{"rendered":"Aufh\u00e4ngung f\u00fcr Hindernisparcours Climbskin Twins"},"content":{"rendered":"<p>Die <strong>Climbskin Twins Suspensionen<\/strong> sind Mehrgriffscheiben, die dir viele Trainingsm\u00f6glichkeiten bieten. Du kannst sie alleine oder in Kombination mit anderen Elementen verwenden, sie an dein Niveau und deine Ziele anpassen.<\/p>\n<p>Im <em>Paket sind 2 dualtexture Mehrgriffscheiben<\/em> enthalten, die dir erm\u00f6glichen, Suspensionen aus verschiedenen Winkeln und Distanzen zu trainieren. Sie werden mithilfe von Griffen an einem Panel befestigt, die keinen Schl\u00fcssel ben\u00f6tigen, sodass du sie ganz einfach je nach deinen Vorlieben oder Bed\u00fcrfnissen wechseln kannst.<\/p>\n<p><strong>Tragbare Scheiben<\/strong> (inklusive 2 Seilchen) sind Griffe, die du \u00fcberallhin mitnehmen kannst. Du kannst sie an einem Ast, einer Stange oder einem Anker aufh\u00e4ngen und deine Kraft und Ausdauer aufw\u00e4rmen oder trainieren.<\/p>\n<p><strong>Sie k\u00f6nnen an deinem TRX befestigt werden<\/strong>, um \u00dcbungen mit Suspensionstraining in Kombination mit deinem eigenen K\u00f6rpergewicht durchzuf\u00fchren und dein Gleichgewicht und deine Stabilit\u00e4t zu verbessern.<\/p>\n<p><strong>Aufw\u00e4rmen mit Widerstandsb\u00e4ndern<\/strong>. Du kannst Widerstandsb\u00e4nder verwenden, um deine Muskeln und Gelenke vor dem Training mit den Mehrgriffscheiben aufzuw\u00e4rmen. So vermeidest du Verletzungen und bereitest deinen K\u00f6rper auf die Anstrengung vor.<\/p>\n<p><strong>F\u00fchre ein Seilchen<\/strong> doppelt durch das zentrale Loch und arbeite mit Zusatzgewicht. Wenn du die Schwierigkeit deiner Suspensionen erh\u00f6hen m\u00f6chtest, kannst du zus\u00e4tzliches Gewicht an den Mehrgriffscheiben anbringen, indem du ein Seilchen doppelt durch das zentrale Loch f\u00fchrst und einen Rucksack, einen Gewichtsg\u00fcrtel oder was auch immer du m\u00f6chtest, aufh\u00e4ngst.<\/p>\n<p><strong>System Board<\/strong>. Du kannst die Mehrgriffscheiben als Teil eines System Boards verwenden, einer Platte mit mehreren symmetrisch angeordneten Griffen, die es dir erm\u00f6glicht, spezifische Kletterbewegungen zu trainieren und deine Technik und Koordination zu verbessern.<\/p>\n","protected":false},"excerpt":{"rendered":"<ul>\n<li>Tragbare Discos (inklusive 2 Schn\u00fcre) w\u00e4rmen auf und trainieren \u00fcberall.<\/li>\n<li>Sie k\u00f6nnen an Ihrem TRX befestigt werden.<\/li>\n<li>Aufw\u00e4rmen mit elastischen B\u00e4ndern.<\/li>\n<li>F\u00e4dele eine Schnur doppelt durch das zentrale Loch und arbeite mit Gewicht.<\/li>\n<li>Geeignet f\u00fcr das Systembrett.<\/li>\n<\/ul>\n","protected":false},"featured_media":20315,"comment_status":"open","ping_status":"closed","template":"","meta":[],"product_brand":[],"product_cat":[496,403,492,491],"product_tag":[],"class_list":{"0":"post-17016","1":"product","2":"type-product","3":"status-publish","4":"has-post-thumbnail","6":"product_cat-aufhangung","7":"product_cat-hindernisparcours","8":"product_cat-trainingc","9":"product_cat-kletterboards","10":"product_shipping_class-economy-versand","12":"first","13":"instock","14":"taxable","15":"shipping-taxable","16":"purchasable","17":"product-type-simple"},"_links":{"self":[{"href":"https:\/\/topholds.com\/de\/wp-json\/wp\/v2\/product\/17016","targetHints":{"allow":["GET"]}}],"collection":[{"href":"https:\/\/topholds.com\/de\/wp-json\/wp\/v2\/product"}],"about":[{"href":"https:\/\/topholds.com\/de\/wp-json\/wp\/v2\/types\/product"}],"replies":[{"embeddable":true,"href":"https:\/\/topholds.com\/de\/wp-json\/wp\/v2\/comments?post=17016"}],"wp:featuredmedia":[{"embeddable":true,"href":"https:\/\/topholds.com\/de\/wp-json\/wp\/v2\/media\/20315"}],"wp:attachment":[{"href":"https:\/\/topholds.com\/de\/wp-json\/wp\/v2\/media?parent=17016"}],"wp:term":[{"taxonomy":"product_brand","embeddable":true,"href":"https:\/\/topholds.com\/de\/wp-json\/wp\/v2\/product_brand?post=17016"},{"taxonomy":"product_cat","embeddable":true,"href":"https:\/\/topholds.com\/de\/wp-json\/wp\/v2\/product_cat?post=17016"},{"taxonomy":"product_tag","embeddable":true,"href":"https:\/\/topholds.com\/de\/wp-json\/wp\/v2\/product_tag?post=17016"}],"curies":[{"name":"wp","href":"https:\/\/api.w.org\/{rel}","templated":true}]}}