{"id":17021,"date":"2021-08-16T18:09:03","date_gmt":"2021-08-16T18:09:03","guid":{"rendered":"https:\/\/topholds.com\/dunas-xl8\/"},"modified":"2024-08-26T04:36:46","modified_gmt":"2024-08-26T04:36:46","slug":"dunas-xl8","status":"publish","type":"product","link":"https:\/\/topholds.com\/de\/angebot\/klettergriffe\/dunas-xl8\/","title":{"rendered":"Klettergriff-Paket Dunas XL8"},"content":{"rendered":"<p><strong>Dunas XL8 ist ein Set von 8 hochwertigen Klettergriffen<\/strong> mit einer sanften Sandsteinoberfl\u00e4che, die entwickelt wurden, um die Bed\u00fcrfnisse von Kletterern aller Levels zu erf\u00fcllen.<\/p>\n<p>Mit einer <strong>Kombination aus positiven und stumpfen Kanten<\/strong> bietet dieses Set von Griffen eine gro\u00dfe Auswahl an Optionen, um deine F\u00e4higkeiten an der Wand herauszufordern. Die Durchmesser der Griffe liegen zwischen 13 und 25 cm, was sie zu einer hervorragenden Wahl macht, um <strong>Grifftechniken verschiedener Gr\u00f6\u00dfen zu trainieren<\/strong>.<\/p>\n<p>Jeder Griff verf\u00fcgt \u00fcber drei kleine L\u00f6cher und ein gro\u00dfes, um eine <strong>einfache Installation mit Innensechskantschrauben oder Holzschrauben<\/strong> zu erm\u00f6glichen. Es wird die Verwendung von Schrauben M10x40 (empfohlen) oder M8x40 empfohlen.<\/p>\n<p>Die Farben k\u00f6nnten von denen auf dem Foto abweichen. Wenn du eine spezielle Farbe w\u00fcnschst, kontaktiere uns bitte.<\/p>\n","protected":false},"excerpt":{"rendered":"<ul>\n<li>Dunas XL8 ist ein Set von 8 Klettergriffen mit einer sanften Sandsteinputzstruktur.<\/li>\n<li>Griffe mit positiven und stumpfen Kanten.<\/li>\n<li>Durchmesser zwischen 13 und 25 cm.<\/li>\n<li>Einfache Installation mit Innensechskantschrauben oder Schrauben.<\/li>\n<\/ul>\n","protected":false},"featured_media":20340,"comment_status":"open","ping_status":"closed","template":"","meta":[],"product_brand":[],"product_cat":[418],"product_tag":[],"class_list":{"0":"post-17021","1":"product","2":"type-product","3":"status-publish","4":"has-post-thumbnail","6":"product_cat-klettergriffe","8":"first","9":"instock","10":"taxable","11":"shipping-taxable","12":"purchasable","13":"product-type-simple"},"_links":{"self":[{"href":"https:\/\/topholds.com\/de\/wp-json\/wp\/v2\/product\/17021","targetHints":{"allow":["GET"]}}],"collection":[{"href":"https:\/\/topholds.com\/de\/wp-json\/wp\/v2\/product"}],"about":[{"href":"https:\/\/topholds.com\/de\/wp-json\/wp\/v2\/types\/product"}],"replies":[{"embeddable":true,"href":"https:\/\/topholds.com\/de\/wp-json\/wp\/v2\/comments?post=17021"}],"wp:featuredmedia":[{"embeddable":true,"href":"https:\/\/topholds.com\/de\/wp-json\/wp\/v2\/media\/20340"}],"wp:attachment":[{"href":"https:\/\/topholds.com\/de\/wp-json\/wp\/v2\/media?parent=17021"}],"wp:term":[{"taxonomy":"product_brand","embeddable":true,"href":"https:\/\/topholds.com\/de\/wp-json\/wp\/v2\/product_brand?post=17021"},{"taxonomy":"product_cat","embeddable":true,"href":"https:\/\/topholds.com\/de\/wp-json\/wp\/v2\/product_cat?post=17021"},{"taxonomy":"product_tag","embeddable":true,"href":"https:\/\/topholds.com\/de\/wp-json\/wp\/v2\/product_tag?post=17021"}],"curies":[{"name":"wp","href":"https:\/\/api.w.org\/{rel}","templated":true}]}}