{"id":17026,"date":"2021-08-17T18:37:55","date_gmt":"2021-08-17T18:37:55","guid":{"rendered":"https:\/\/topholds.com\/lunas-l6\/"},"modified":"2024-08-26T04:37:20","modified_gmt":"2024-08-26T04:37:20","slug":"lunas-l6","status":"publish","type":"product","link":"https:\/\/topholds.com\/de\/angebot\/klettergriffe\/lunas-l6\/","title":{"rendered":"Klettergriff-Paket Lunas L6"},"content":{"rendered":"<p><strong>Lunas L6 ist ein Set aus 6 Klettergriffen<\/strong> mit einer sanften sandsteinartigen Textur.<\/p>\n<p>Dieses <em>Set aus Klettergriffen<\/em> bietet dir zwei Griffm\u00f6glichkeiten: <strong>positive Leisten und Crimps<\/strong>. Du kannst sie entsprechend deiner Vorliebe oder Schwierigkeit einstellen. Au\u00dferdem verf\u00fcgen sie \u00fcber 2 kleine L\u00f6cher und eines gro\u00dfes, sodass du sie <strong>mit Innensechskantschrauben oder Holzschrauben montieren kannst<\/strong>.<\/p>\n<p>Die empfohlenen Schrauben f\u00fcr die Installation sind die M10x40, du kannst aber auch die M8x40 verwenden.<\/p>\n<p>Die Farben der Griffe k\u00f6nnen je nach Lagerbestand variieren. Wenn du eine bestimmte Farbe bevorzugst, kontaktiere uns bitte.<\/p>\n","protected":false},"excerpt":{"rendered":"<ul>\n<li>Lunas L6 ist ein Satz von 6griffen mit weicher, sandiger Textur.<\/li>\n<li>Griffe mit positiven Leisten und Zangen.<\/li>\n<li>Einfache und sichere Montage mit Schrauben oder Holzschrauben.<\/li>\n<\/ul>\n<p>&nbsp;<\/p>\n","protected":false},"featured_media":20365,"comment_status":"open","ping_status":"closed","template":"","meta":[],"product_brand":[],"product_cat":[418],"product_tag":[],"class_list":{"0":"post-17026","1":"product","2":"type-product","3":"status-publish","4":"has-post-thumbnail","6":"product_cat-klettergriffe","8":"first","9":"instock","10":"taxable","11":"shipping-taxable","12":"purchasable","13":"product-type-simple"},"_links":{"self":[{"href":"https:\/\/topholds.com\/de\/wp-json\/wp\/v2\/product\/17026","targetHints":{"allow":["GET"]}}],"collection":[{"href":"https:\/\/topholds.com\/de\/wp-json\/wp\/v2\/product"}],"about":[{"href":"https:\/\/topholds.com\/de\/wp-json\/wp\/v2\/types\/product"}],"replies":[{"embeddable":true,"href":"https:\/\/topholds.com\/de\/wp-json\/wp\/v2\/comments?post=17026"}],"wp:featuredmedia":[{"embeddable":true,"href":"https:\/\/topholds.com\/de\/wp-json\/wp\/v2\/media\/20365"}],"wp:attachment":[{"href":"https:\/\/topholds.com\/de\/wp-json\/wp\/v2\/media?parent=17026"}],"wp:term":[{"taxonomy":"product_brand","embeddable":true,"href":"https:\/\/topholds.com\/de\/wp-json\/wp\/v2\/product_brand?post=17026"},{"taxonomy":"product_cat","embeddable":true,"href":"https:\/\/topholds.com\/de\/wp-json\/wp\/v2\/product_cat?post=17026"},{"taxonomy":"product_tag","embeddable":true,"href":"https:\/\/topholds.com\/de\/wp-json\/wp\/v2\/product_tag?post=17026"}],"curies":[{"name":"wp","href":"https:\/\/api.w.org\/{rel}","templated":true}]}}