{"id":17031,"date":"2021-08-17T18:38:45","date_gmt":"2021-08-17T18:38:45","guid":{"rendered":"https:\/\/topholds.com\/lunas-m15\/"},"modified":"2024-08-26T04:37:54","modified_gmt":"2024-08-26T04:37:54","slug":"lunas-m15","status":"publish","type":"product","link":"https:\/\/topholds.com\/de\/angebot\/klettergriffe\/lunas-m15\/","title":{"rendered":"Klettergriff-Paket Lunas M15"},"content":{"rendered":"<p><strong>Lunas M15 ist ein Set von 15 Klettergriffen<\/strong> mit einer sanften sandsteinhaltigen Textur.<\/p>\n<p>Diese Griffe erm\u00f6glichen es dir, mit <strong>verschiedenen Griffarten<\/strong> zu \u00fcben, wie z.B.: Leisten (positive oder neutrale) und Zangen, um dich an unterschiedliche Schwierigkeitsgrade anzupassen.<\/p>\n<p>Au\u00dferdem verf\u00fcgen sie \u00fcber 2 kleine und ein gro\u00dfes Loch, damit du <strong>sie mit Inbus-Schrauben oder Schraubh\u00fclsen installieren kannst<\/strong>. Die empfohlenen Schrauben sind M10x40, du kannst aber auch M8x40 verwenden.<\/p>\n<p>Die Griffe k\u00f6nnen je nach Verf\u00fcgbarkeit in verschiedenen Farben geliefert werden. Wenn du eine bestimmte Farbe w\u00e4hlen m\u00f6chtest, kontaktiere uns bitte.<\/p>\n","protected":false},"excerpt":{"rendered":"<ul>\n<li>Lunas M15 ist ein Set von 15 Griffen mit weichsandiger Textur.<\/li>\n<li>Griffe mit Leisten (positiv \/ neutral) und Zangen.<\/li>\n<li>Einfache und sichere Installation mit Schrauben oder Holzschrauben.<\/li>\n<\/ul>\n<p>&nbsp;<\/p>\n<p>&nbsp;<\/p>\n","protected":false},"featured_media":20390,"comment_status":"open","ping_status":"closed","template":"","meta":[],"product_brand":[],"product_cat":[418],"product_tag":[],"class_list":{"0":"post-17031","1":"product","2":"type-product","3":"status-publish","4":"has-post-thumbnail","6":"product_cat-klettergriffe","8":"first","9":"instock","10":"taxable","11":"shipping-taxable","12":"purchasable","13":"product-type-simple"},"_links":{"self":[{"href":"https:\/\/topholds.com\/de\/wp-json\/wp\/v2\/product\/17031","targetHints":{"allow":["GET"]}}],"collection":[{"href":"https:\/\/topholds.com\/de\/wp-json\/wp\/v2\/product"}],"about":[{"href":"https:\/\/topholds.com\/de\/wp-json\/wp\/v2\/types\/product"}],"replies":[{"embeddable":true,"href":"https:\/\/topholds.com\/de\/wp-json\/wp\/v2\/comments?post=17031"}],"wp:featuredmedia":[{"embeddable":true,"href":"https:\/\/topholds.com\/de\/wp-json\/wp\/v2\/media\/20390"}],"wp:attachment":[{"href":"https:\/\/topholds.com\/de\/wp-json\/wp\/v2\/media?parent=17031"}],"wp:term":[{"taxonomy":"product_brand","embeddable":true,"href":"https:\/\/topholds.com\/de\/wp-json\/wp\/v2\/product_brand?post=17031"},{"taxonomy":"product_cat","embeddable":true,"href":"https:\/\/topholds.com\/de\/wp-json\/wp\/v2\/product_cat?post=17031"},{"taxonomy":"product_tag","embeddable":true,"href":"https:\/\/topholds.com\/de\/wp-json\/wp\/v2\/product_tag?post=17031"}],"curies":[{"name":"wp","href":"https:\/\/api.w.org\/{rel}","templated":true}]}}