{"id":17036,"date":"2021-08-17T18:46:48","date_gmt":"2021-08-17T18:46:48","guid":{"rendered":"https:\/\/topholds.com\/lunas-s15\/"},"modified":"2024-08-26T04:38:36","modified_gmt":"2024-08-26T04:38:36","slug":"lunas-s15","status":"publish","type":"product","link":"https:\/\/topholds.com\/de\/angebot\/klettergriffe\/lunas-s15\/","title":{"rendered":"Klettergriff-Paket Lunas S15"},"content":{"rendered":"<p><strong>Lunas S15 ist ein Set von Klettergriffen<\/strong> von hoher Qualit\u00e4t, das entwickelt wurde, um die Bed\u00fcrfnisse von Kletterern aller Niveaus zu erf\u00fcllen.<\/p>\n<p>Mit insgesamt 15 Griffen, darunter positive und neutrale Leisten sowie Zangen mit <strong>weicher Sandsteinoberfl\u00e4che<\/strong>, bietet dieses Set eine gro\u00dfe Auswahl an Optionen, um deine F\u00e4higkeiten an der Wand herauszufordern.<\/p>\n<p>Jeder Griff verf\u00fcgt \u00fcber ein <strong>Anti-Rotationsloch<\/strong> f\u00fcr zus\u00e4tzliche Stabilit\u00e4t w\u00e4hrend der Benutzung.<\/p>\n<p>Die erforderlichen Schrauben f\u00fcr die Installation sind M10x40 (empfohlen) oder M8x40.<\/p>\n<p>Die Farben k\u00f6nnten von denen auf dem Foto abweichen. Wenn du eine spezielle Farbe w\u00fcnschst, nimm bitte Kontakt mit uns auf.<\/p>\n","protected":false},"excerpt":{"rendered":"<ul>\n<li>Lunas S15 ist ein Set von 15 Griffen mit feiner sandiger Textur.<\/li>\n<li>Griffe mit Leisten (positiv \/ neutral) und Zangen.<\/li>\n<li>Alle sind mit einem Anti-Rotationsloch ausgestattet.<\/li>\n<\/ul>\n<p>&nbsp;<\/p>\n<p>&nbsp;<\/p>\n","protected":false},"featured_media":20410,"comment_status":"open","ping_status":"closed","template":"","meta":[],"product_brand":[],"product_cat":[418],"product_tag":[],"class_list":{"0":"post-17036","1":"product","2":"type-product","3":"status-publish","4":"has-post-thumbnail","6":"product_cat-klettergriffe","8":"first","9":"instock","10":"taxable","11":"shipping-taxable","12":"purchasable","13":"product-type-simple"},"_links":{"self":[{"href":"https:\/\/topholds.com\/de\/wp-json\/wp\/v2\/product\/17036","targetHints":{"allow":["GET"]}}],"collection":[{"href":"https:\/\/topholds.com\/de\/wp-json\/wp\/v2\/product"}],"about":[{"href":"https:\/\/topholds.com\/de\/wp-json\/wp\/v2\/types\/product"}],"replies":[{"embeddable":true,"href":"https:\/\/topholds.com\/de\/wp-json\/wp\/v2\/comments?post=17036"}],"wp:featuredmedia":[{"embeddable":true,"href":"https:\/\/topholds.com\/de\/wp-json\/wp\/v2\/media\/20410"}],"wp:attachment":[{"href":"https:\/\/topholds.com\/de\/wp-json\/wp\/v2\/media?parent=17036"}],"wp:term":[{"taxonomy":"product_brand","embeddable":true,"href":"https:\/\/topholds.com\/de\/wp-json\/wp\/v2\/product_brand?post=17036"},{"taxonomy":"product_cat","embeddable":true,"href":"https:\/\/topholds.com\/de\/wp-json\/wp\/v2\/product_cat?post=17036"},{"taxonomy":"product_tag","embeddable":true,"href":"https:\/\/topholds.com\/de\/wp-json\/wp\/v2\/product_tag?post=17036"}],"curies":[{"name":"wp","href":"https:\/\/api.w.org\/{rel}","templated":true}]}}