{"id":17051,"date":"2021-08-18T15:06:46","date_gmt":"2021-08-18T15:06:46","guid":{"rendered":"https:\/\/topholds.com\/bubble-mg10\/"},"modified":"2024-08-26T04:40:27","modified_gmt":"2024-08-26T04:40:27","slug":"bubble-mg10","status":"publish","type":"product","link":"https:\/\/topholds.com\/de\/angebot\/klettergriffe\/bubble-mg10\/","title":{"rendered":"Klettergriff-Paket Bubble MG10"},"content":{"rendered":"<p><strong>Bubble MG10 ist ein Set aus 10 Klettergriffen<\/strong> mit einer sanften, sandigen Textur.<\/p>\n<p>Diese Griffe bieten dir verschiedene Griffoptionen wie: <strong>Kanten, L\u00f6cher und Zangen, damit du mit unterschiedlichen Schwierigkeitsgraden klettern kannst<\/strong>. Zudem haben sie ein Loch f\u00fcr eine Schraube, die sie fixiert und ein Drehen verhindert.<\/p>\n<p>F\u00fcr die Installation sind die Schrauben in der Gr\u00f6\u00dfe M10x50 am besten geeignet, aber du kannst auch M8x50 verwenden.<\/p>\n<p>Die Griffe k\u00f6nnen je nach Lagerbestand unterschiedliche Farben haben. Wenn du eine bestimmte Farbe bevorzugst, kontaktiere uns bitte.<\/p>\n","protected":false},"excerpt":{"rendered":"<ul>\n<li>Bubble MG10 ist ein Set von 10 Griffen mit sanfter Sandstein-Textur.<\/li>\n<li>Griffe mit Kanten, Tassen und Zangen.<\/li>\n<li>Alle mit einem Loch f\u00fcr eine anti-rotierende Schraube ausgestattet.<\/li>\n<\/ul>\n","protected":false},"featured_media":20480,"comment_status":"open","ping_status":"closed","template":"","meta":[],"product_brand":[],"product_cat":[418],"product_tag":[],"class_list":{"0":"post-17051","1":"product","2":"type-product","3":"status-publish","4":"has-post-thumbnail","6":"product_cat-klettergriffe","8":"first","9":"instock","10":"taxable","11":"shipping-taxable","12":"purchasable","13":"product-type-simple"},"_links":{"self":[{"href":"https:\/\/topholds.com\/de\/wp-json\/wp\/v2\/product\/17051","targetHints":{"allow":["GET"]}}],"collection":[{"href":"https:\/\/topholds.com\/de\/wp-json\/wp\/v2\/product"}],"about":[{"href":"https:\/\/topholds.com\/de\/wp-json\/wp\/v2\/types\/product"}],"replies":[{"embeddable":true,"href":"https:\/\/topholds.com\/de\/wp-json\/wp\/v2\/comments?post=17051"}],"wp:featuredmedia":[{"embeddable":true,"href":"https:\/\/topholds.com\/de\/wp-json\/wp\/v2\/media\/20480"}],"wp:attachment":[{"href":"https:\/\/topholds.com\/de\/wp-json\/wp\/v2\/media?parent=17051"}],"wp:term":[{"taxonomy":"product_brand","embeddable":true,"href":"https:\/\/topholds.com\/de\/wp-json\/wp\/v2\/product_brand?post=17051"},{"taxonomy":"product_cat","embeddable":true,"href":"https:\/\/topholds.com\/de\/wp-json\/wp\/v2\/product_cat?post=17051"},{"taxonomy":"product_tag","embeddable":true,"href":"https:\/\/topholds.com\/de\/wp-json\/wp\/v2\/product_tag?post=17051"}],"curies":[{"name":"wp","href":"https:\/\/api.w.org\/{rel}","templated":true}]}}