{"id":17056,"date":"2021-08-18T15:17:47","date_gmt":"2021-08-18T15:17:47","guid":{"rendered":"https:\/\/topholds.com\/bubble-mp10\/"},"modified":"2024-08-26T04:41:02","modified_gmt":"2024-08-26T04:41:02","slug":"bubble-mp10","status":"publish","type":"product","link":"https:\/\/topholds.com\/de\/angebot\/klettergriffe\/bubble-mp10\/","title":{"rendered":"Klettergriff-Paket Bubble MP10"},"content":{"rendered":"<p><strong>Bubble MP10 ist ein Pack mit 10 Klettergriffen<\/strong> mit einer sanften Sandstein-Textur.<\/p>\n<p>Diese Griffe bieten verschiedene Arten von Halt, wie: Leisten, Taschen und Klemmen, um sich unterschiedlichen Schwierigkeitsgraden anzupassen. Au\u00dferdem verf\u00fcgen sie \u00fcber ein Anti-Dreh-Loch, das verhindert, dass sie sich bewegen oder drehen.<\/p>\n<p>Die empfohlenen Schrauben f\u00fcr die <strong>Installation des Bubble MP10 Packs<\/strong> sind die M10x40, obwohl auch die M8x40 verwendet werden k\u00f6nnen.<\/p>\n<p>Die Griffe k\u00f6nnen je nach Verf\u00fcgbarkeit in verschiedenen Farben erh\u00e4ltlich sein. Wenn Sie eine bestimmte Farbe ausw\u00e4hlen m\u00f6chten, kontaktieren Sie uns bitte.<\/p>\n","protected":false},"excerpt":{"rendered":"<ul>\n<li>Bubble MP10 ist ein Satz von 10 Griffen mit sanfter Sandsteinstruktur.<\/li>\n<li>Griffe mit Kanten, Mulden und Pinzetten.<\/li>\n<li>Alle mit einem Anti-Rotationsloch ausgestattet.<\/li>\n<\/ul>\n","protected":false},"featured_media":20500,"comment_status":"open","ping_status":"closed","template":"","meta":[],"product_brand":[],"product_cat":[418],"product_tag":[],"class_list":{"0":"post-17056","1":"product","2":"type-product","3":"status-publish","4":"has-post-thumbnail","6":"product_cat-klettergriffe","8":"first","9":"instock","10":"featured","11":"taxable","12":"shipping-taxable","13":"purchasable","14":"product-type-simple"},"_links":{"self":[{"href":"https:\/\/topholds.com\/de\/wp-json\/wp\/v2\/product\/17056","targetHints":{"allow":["GET"]}}],"collection":[{"href":"https:\/\/topholds.com\/de\/wp-json\/wp\/v2\/product"}],"about":[{"href":"https:\/\/topholds.com\/de\/wp-json\/wp\/v2\/types\/product"}],"replies":[{"embeddable":true,"href":"https:\/\/topholds.com\/de\/wp-json\/wp\/v2\/comments?post=17056"}],"wp:featuredmedia":[{"embeddable":true,"href":"https:\/\/topholds.com\/de\/wp-json\/wp\/v2\/media\/20500"}],"wp:attachment":[{"href":"https:\/\/topholds.com\/de\/wp-json\/wp\/v2\/media?parent=17056"}],"wp:term":[{"taxonomy":"product_brand","embeddable":true,"href":"https:\/\/topholds.com\/de\/wp-json\/wp\/v2\/product_brand?post=17056"},{"taxonomy":"product_cat","embeddable":true,"href":"https:\/\/topholds.com\/de\/wp-json\/wp\/v2\/product_cat?post=17056"},{"taxonomy":"product_tag","embeddable":true,"href":"https:\/\/topholds.com\/de\/wp-json\/wp\/v2\/product_tag?post=17056"}],"curies":[{"name":"wp","href":"https:\/\/api.w.org\/{rel}","templated":true}]}}