{"id":17061,"date":"2021-08-18T15:18:26","date_gmt":"2021-08-18T15:18:26","guid":{"rendered":"https:\/\/topholds.com\/bubble-s10\/"},"modified":"2024-08-26T04:41:39","modified_gmt":"2024-08-26T04:41:39","slug":"bubble-s10","status":"publish","type":"product","link":"https:\/\/topholds.com\/de\/angebot\/klettergriffe\/bubble-s10\/","title":{"rendered":"Klettergriff-Set Bubble S10"},"content":{"rendered":"<p>Das <strong>Set von Klettergriffen Bubble MG10<\/strong> bietet dir 10 Griffe mit einer sanften Sandsteinktexture, die dir das Gef\u00fchl geben, an nat\u00fcrlichem Fels zu klettern. Es handelt sich um Griffe mit Kanten, Mulden und Pinzetten, die es dir erm\u00f6glichen, die Art des Griffs zu variieren und dein Gleichgewicht sowie deine Koordination zu trainieren.<\/p>\n<p>Die <em>Bubble MG10 Griffe<\/em> verf\u00fcgen \u00fcber ein sicheres und robustes Befestigungssystem: Alle haben ein Antidreh-Loch f\u00fcr Schrauben, das verhindert, dass sie sich bewegen oder fallen. Dar\u00fcber hinaus sind sie einfach zu installieren: Du ben\u00f6tigst nur M10x40 Schrauben (empfohlen) oder M8x40.<\/p>\n<p>Die Farben k\u00f6nnen von denen auf dem Foto abweichen. Wenn du eine spezielle Farbe m\u00f6chtest, kontaktiere uns bitte.<\/p>\n","protected":false},"excerpt":{"rendered":"<ul>\n<li>Bubble MG10 ist ein Set von 10 Griffen mit einer sanften sandsteinartigen Textur.<\/li>\n<li>Griffe mit Kanten, Henkel und Zangen.<\/li>\n<li>Alle mit einem Loch f\u00fcr schrauben gegen das Drehen ausgestattet.<\/li>\n<\/ul>\n","protected":false},"featured_media":20525,"comment_status":"open","ping_status":"closed","template":"","meta":[],"product_brand":[],"product_cat":[418],"product_tag":[],"class_list":{"0":"post-17061","1":"product","2":"type-product","3":"status-publish","4":"has-post-thumbnail","6":"product_cat-klettergriffe","8":"first","9":"instock","10":"taxable","11":"shipping-taxable","12":"purchasable","13":"product-type-simple"},"_links":{"self":[{"href":"https:\/\/topholds.com\/de\/wp-json\/wp\/v2\/product\/17061","targetHints":{"allow":["GET"]}}],"collection":[{"href":"https:\/\/topholds.com\/de\/wp-json\/wp\/v2\/product"}],"about":[{"href":"https:\/\/topholds.com\/de\/wp-json\/wp\/v2\/types\/product"}],"replies":[{"embeddable":true,"href":"https:\/\/topholds.com\/de\/wp-json\/wp\/v2\/comments?post=17061"}],"wp:featuredmedia":[{"embeddable":true,"href":"https:\/\/topholds.com\/de\/wp-json\/wp\/v2\/media\/20525"}],"wp:attachment":[{"href":"https:\/\/topholds.com\/de\/wp-json\/wp\/v2\/media?parent=17061"}],"wp:term":[{"taxonomy":"product_brand","embeddable":true,"href":"https:\/\/topholds.com\/de\/wp-json\/wp\/v2\/product_brand?post=17061"},{"taxonomy":"product_cat","embeddable":true,"href":"https:\/\/topholds.com\/de\/wp-json\/wp\/v2\/product_cat?post=17061"},{"taxonomy":"product_tag","embeddable":true,"href":"https:\/\/topholds.com\/de\/wp-json\/wp\/v2\/product_tag?post=17061"}],"curies":[{"name":"wp","href":"https:\/\/api.w.org\/{rel}","templated":true}]}}