{"id":17066,"date":"2021-08-18T15:53:36","date_gmt":"2021-08-18T15:53:36","guid":{"rendered":"https:\/\/topholds.com\/romos-l10\/"},"modified":"2024-08-26T04:42:14","modified_gmt":"2024-08-26T04:42:14","slug":"romos-l10","status":"publish","type":"product","link":"https:\/\/topholds.com\/de\/angebot\/klettergriffe\/romos-l10\/","title":{"rendered":"Klettergriff-Set Romos L10"},"content":{"rendered":"<p>Der <strong>Set von Klettergriffen Romos L10<\/strong> bietet dir 10 Griffe mit einer samtigen Sandsteingravur, die dir das Gef\u00fchl geben, an nat\u00fcrlichem Fels zu klettern. Es handelt sich um runde Griffe, die dich herausfordern werden, den Halt mit Kraft und Pr\u00e4zision zu bewahren.<\/p>\n<p>Die <em><strong>Griffe Romos L10<\/strong><\/em> verf\u00fcgen \u00fcber ein vielseitiges und sicheres Befestigungssystem: Alle haben 2 kleine L\u00f6cher und ein gro\u00dfes, sodass du sie mit Innensechskantschrauben oder Holzschrauben montieren kannst. Au\u00dferdem kannst du sie f\u00fcr romo oder mit Leiste installieren, je nach Schwierigkeitsgrad, den du m\u00f6chtest.<\/p>\n<p>Die Griffe Romos L10 haben positive und neutrale Leisten, die es dir erm\u00f6glichen, deine Finger und Unterarme zu trainieren, ohne dich zu verletzen. Sie sind ideal, um deine Ausdauer und Technik zu trainieren.<\/p>\n<p>Um die Griffe zu installieren, ben\u00f6tigst du die folgenden Schrauben:<\/p>\n<ul>\n<li>5 St\u00fcck M10x40 (empfohlen) oder M8x40<\/li>\n<li>2 St\u00fcck M10x50 (empfohlen) oder M8x50<\/li>\n<li>3 St\u00fcck M10x60 (empfohlen) oder M8x60<\/li>\n<\/ul>\n<p>Die Farben k\u00f6nnten von denen auf dem Foto abweichen. Wenn du eine spezielle Farbe w\u00fcnscht, kontaktiere uns bitte.<\/p>\n","protected":false},"excerpt":{"rendered":"<ul>\n<li>Romos L10 ist ein Griffset mit sanfter Sandsteinoberfl\u00e4che.<\/li>\n<li>Die M\u00f6glichkeit, sie f\u00fcr einen stumpfen Griff oder mit Leisten zu verwenden.<\/li>\n<li>Positive und neutrale Leisten.<\/li>\n<li>Installation mit Schrauben oder Holzschrauben.<\/li>\n<\/ul>\n","protected":false},"featured_media":20550,"comment_status":"open","ping_status":"closed","template":"","meta":[],"product_brand":[],"product_cat":[418],"product_tag":[],"class_list":{"0":"post-17066","1":"product","2":"type-product","3":"status-publish","4":"has-post-thumbnail","6":"product_cat-klettergriffe","8":"first","9":"instock","10":"taxable","11":"shipping-taxable","12":"purchasable","13":"product-type-simple"},"_links":{"self":[{"href":"https:\/\/topholds.com\/de\/wp-json\/wp\/v2\/product\/17066","targetHints":{"allow":["GET"]}}],"collection":[{"href":"https:\/\/topholds.com\/de\/wp-json\/wp\/v2\/product"}],"about":[{"href":"https:\/\/topholds.com\/de\/wp-json\/wp\/v2\/types\/product"}],"replies":[{"embeddable":true,"href":"https:\/\/topholds.com\/de\/wp-json\/wp\/v2\/comments?post=17066"}],"wp:featuredmedia":[{"embeddable":true,"href":"https:\/\/topholds.com\/de\/wp-json\/wp\/v2\/media\/20550"}],"wp:attachment":[{"href":"https:\/\/topholds.com\/de\/wp-json\/wp\/v2\/media?parent=17066"}],"wp:term":[{"taxonomy":"product_brand","embeddable":true,"href":"https:\/\/topholds.com\/de\/wp-json\/wp\/v2\/product_brand?post=17066"},{"taxonomy":"product_cat","embeddable":true,"href":"https:\/\/topholds.com\/de\/wp-json\/wp\/v2\/product_cat?post=17066"},{"taxonomy":"product_tag","embeddable":true,"href":"https:\/\/topholds.com\/de\/wp-json\/wp\/v2\/product_tag?post=17066"}],"curies":[{"name":"wp","href":"https:\/\/api.w.org\/{rel}","templated":true}]}}