{"id":17071,"date":"2021-08-18T16:15:41","date_gmt":"2021-08-18T16:15:41","guid":{"rendered":"https:\/\/topholds.com\/poliedro-02\/"},"modified":"2024-08-26T04:42:47","modified_gmt":"2024-08-26T04:42:47","slug":"poliedro-02","status":"publish","type":"product","link":"https:\/\/topholds.com\/de\/angebot\/klettergriffe\/poliedro-02\/","title":{"rendered":"Klettergriff Polyhedron 02"},"content":{"rendered":"<p>Der <strong>Set von Klettergriffen Poliedro 02<\/strong> bietet dir 10 Griffe mit <strong>sanfter Sandsteinoberfl\u00e4che<\/strong>, die dir das Gef\u00fchl geben, als w\u00fcrdest du an nat\u00fcrlichem Fels klettern. Es sind Griffe mit Leisten und Zangen, die dich herausfordern werden, deine Technik und Kraft zu verbessern.<\/p>\n<p>Die <em>Griffe Poliedro 02<\/em> verf\u00fcgen \u00fcber ein sicheres und widerstandsf\u00e4higes Montagesystem: Alle sind mit einem Anti-Rotationsloch ausgestattet, das verhindert, dass sie sich verschieben oder fallen. Au\u00dferdem sind sie einfach zu installieren: Du ben\u00f6tigst nur M10x40 Schrauben (empfohlen) oder M8x40.<\/p>\n<p>Die Farben k\u00f6nnten von denen auf dem Foto abweichen. Wenn du eine spezielle Farbe w\u00fcnschst, kontaktiere uns bitte.<\/p>\n","protected":false},"excerpt":{"rendered":"<ul>\n<li>Poliedro 02 ist ein Set von 10 Griffen mit sanfter Sandsteinnoberfl\u00e4che.<\/li>\n<li>Griffe mit Leisten und Zangen.<\/li>\n<li>Alle mit einem Loch f\u00fcr eine Anti-Rotationsschraube ausgestattet.<\/li>\n<\/ul>\n","protected":false},"featured_media":20570,"comment_status":"open","ping_status":"closed","template":"","meta":[],"product_brand":[],"product_cat":[418],"product_tag":[],"class_list":{"0":"post-17071","1":"product","2":"type-product","3":"status-publish","4":"has-post-thumbnail","6":"product_cat-klettergriffe","8":"first","9":"instock","10":"taxable","11":"shipping-taxable","12":"purchasable","13":"product-type-simple"},"_links":{"self":[{"href":"https:\/\/topholds.com\/de\/wp-json\/wp\/v2\/product\/17071","targetHints":{"allow":["GET"]}}],"collection":[{"href":"https:\/\/topholds.com\/de\/wp-json\/wp\/v2\/product"}],"about":[{"href":"https:\/\/topholds.com\/de\/wp-json\/wp\/v2\/types\/product"}],"replies":[{"embeddable":true,"href":"https:\/\/topholds.com\/de\/wp-json\/wp\/v2\/comments?post=17071"}],"wp:featuredmedia":[{"embeddable":true,"href":"https:\/\/topholds.com\/de\/wp-json\/wp\/v2\/media\/20570"}],"wp:attachment":[{"href":"https:\/\/topholds.com\/de\/wp-json\/wp\/v2\/media?parent=17071"}],"wp:term":[{"taxonomy":"product_brand","embeddable":true,"href":"https:\/\/topholds.com\/de\/wp-json\/wp\/v2\/product_brand?post=17071"},{"taxonomy":"product_cat","embeddable":true,"href":"https:\/\/topholds.com\/de\/wp-json\/wp\/v2\/product_cat?post=17071"},{"taxonomy":"product_tag","embeddable":true,"href":"https:\/\/topholds.com\/de\/wp-json\/wp\/v2\/product_tag?post=17071"}],"curies":[{"name":"wp","href":"https:\/\/api.w.org\/{rel}","templated":true}]}}