{"id":17076,"date":"2021-08-18T16:41:31","date_gmt":"2021-08-18T16:41:31","guid":{"rendered":"https:\/\/topholds.com\/soft-0\/"},"modified":"2024-08-26T04:43:23","modified_gmt":"2024-08-26T04:43:23","slug":"soft-0","status":"publish","type":"product","link":"https:\/\/topholds.com\/de\/angebot\/klettergriffe\/soft-0\/","title":{"rendered":"Klettergriff Soft 0"},"content":{"rendered":"<p>Wenn du das Klettern mit sanften und angenehm zu greifenden Griffen genie\u00dfen m\u00f6chtest, wirst du das <strong>Set von Soft 0 Griffen<\/strong> lieben. Es besteht aus 10 Griffen mit <strong>Sandeffekt<\/strong>, die nat\u00fcrliche Felsen imitieren und dir verschiedene Arten von Griffen bieten.<\/p>\n<p>Die <em>Soft 0 Griffe<\/em> verf\u00fcgen \u00fcber ein sicheres und robustes Befestigungssystem: Alle <strong>haben ein Loch f\u00fcr Schraubenzubeh\u00f6r gegen das Verdrehen<\/strong>, das verhindert, dass sie sich bewegen oder herunterfallen. Zudem sind sie einfach zu installieren: Du ben\u00f6tigst nur M10x40 Schrauben (empfohlen) oder M8x40.<\/p>\n<p>Die Farben k\u00f6nnten von den abgebildeten abweichen. Wenn du eine spezielle Farbe w\u00fcnschst, kontaktiere uns bitte.<\/p>\n","protected":false},"excerpt":{"rendered":"<ul>\n<li>Soft 0 ist ein Satz von 10 Werkst\u00fccken mit weichsandiger Textur.<\/li>\n<li>Alle mit einem Loch f\u00fcr eine Antidrehschraube ausgestattet.<\/li>\n<li>Einfache Installation<\/li>\n<\/ul>\n","protected":false},"featured_media":10733,"comment_status":"open","ping_status":"closed","template":"","meta":[],"product_brand":[],"product_cat":[418],"product_tag":[],"class_list":{"0":"post-17076","1":"product","2":"type-product","3":"status-publish","4":"has-post-thumbnail","6":"product_cat-klettergriffe","8":"first","9":"instock","10":"taxable","11":"shipping-taxable","12":"purchasable","13":"product-type-simple"},"_links":{"self":[{"href":"https:\/\/topholds.com\/de\/wp-json\/wp\/v2\/product\/17076","targetHints":{"allow":["GET"]}}],"collection":[{"href":"https:\/\/topholds.com\/de\/wp-json\/wp\/v2\/product"}],"about":[{"href":"https:\/\/topholds.com\/de\/wp-json\/wp\/v2\/types\/product"}],"replies":[{"embeddable":true,"href":"https:\/\/topholds.com\/de\/wp-json\/wp\/v2\/comments?post=17076"}],"wp:featuredmedia":[{"embeddable":true,"href":"https:\/\/topholds.com\/de\/wp-json\/wp\/v2\/media\/10733"}],"wp:attachment":[{"href":"https:\/\/topholds.com\/de\/wp-json\/wp\/v2\/media?parent=17076"}],"wp:term":[{"taxonomy":"product_brand","embeddable":true,"href":"https:\/\/topholds.com\/de\/wp-json\/wp\/v2\/product_brand?post=17076"},{"taxonomy":"product_cat","embeddable":true,"href":"https:\/\/topholds.com\/de\/wp-json\/wp\/v2\/product_cat?post=17076"},{"taxonomy":"product_tag","embeddable":true,"href":"https:\/\/topholds.com\/de\/wp-json\/wp\/v2\/product_tag?post=17076"}],"curies":[{"name":"wp","href":"https:\/\/api.w.org\/{rel}","templated":true}]}}