{"id":17081,"date":"2021-08-22T11:43:41","date_gmt":"2021-08-22T11:43:41","guid":{"rendered":"https:\/\/topholds.com\/heftpflaster-climbskin-tape\/"},"modified":"2024-08-26T04:44:01","modified_gmt":"2024-08-26T04:44:01","slug":"heftpflaster-climbskin-tape","status":"publish","type":"product","link":"https:\/\/topholds.com\/de\/angebot\/zubehoer\/heftpflaster\/heftpflaster-climbskin-tape\/","title":{"rendered":"Heftpflaster Climbskin Tape"},"content":{"rendered":"<p>Wenn du ein leidenschaftlicher Kletterer bist, wei\u00dft du, wie wichtig es ist, deine Finger vor Verletzungen und Abnutzung zu sch\u00fctzen. Deshalb pr\u00e4sentieren wir dir das widerstandsf\u00e4higste und bequemste Klettertape auf dem Markt.<\/p>\n<p>Das <strong>Climbskin Tape<\/strong> besteht aus 100% Baumwolle, ist atmungsaktiv und hypoallergen. Der Hei\u00dfschmelzkleber haftet gut auf der Haut, ohne R\u00fcckst\u00e4nde zu hinterlassen oder sie zu irritieren. Die Textur bietet eine hohe Reibung und guten Halt in Rissen.<\/p>\n<p>Au\u00dferdem ist das Climbskin Tape einfach zu verwenden: <strong>Es l\u00e4sst sich von Hand ohne Schere schneiden<\/strong> und passt sich an jede Fingergr\u00f6\u00dfe an. Es hat eine kontinuierliche Spannung, die sich nicht lockert oder abbl\u00e4ttert.<\/p>\n<p>Mit dem <em>Climbskin Tape kannst du sicher und mit Vertrauen klettern<\/em>, egal ob du <strong>Verletzungen vorbeugen<\/strong> oder dich von ihnen erholen m\u00f6chtest. Das Climbskin Tape enth\u00e4lt 1 Rolle mit 1,25 cm x 13,7 m und 2 Rollen mit 0,5 cm x 13,7 m, die speziell f\u00fcr die Fingerkuppen gedacht sind.<\/p>\n<p>Z\u00f6gere nicht l\u00e4nger und probiere das Tape aus, das <strong>von den besten Kletterern empfohlen wird<\/strong>: Javier Cano sagt, \u201eEs ist das einzige Tape, mit dem ich Suspensionstraining machen kann\u201c und KraftFactory behauptet, \u201eDas beste Tape, das wir je getestet haben\u201c.<\/p>\n","protected":false},"excerpt":{"rendered":"<ul>\n<li>100% Baumwolle, atmungsaktiv.<\/li>\n<li>Starker Hotmelt-Kleber, hinterl\u00e4sst keine R\u00fcckst\u00e4nde auf der Haut.<\/li>\n<li>Hypoallergen und latexfrei.<\/li>\n<li>Widerstandsf\u00e4hig und hohe Reibung mit dem Griff.<\/li>\n<\/ul>\n","protected":false},"featured_media":20610,"comment_status":"open","ping_status":"closed","template":"","meta":[],"product_brand":[],"product_cat":[484,421],"product_tag":[],"class_list":{"0":"post-17081","1":"product","2":"type-product","3":"status-publish","4":"has-post-thumbnail","6":"product_cat-heftpflaster","7":"product_cat-zubehoer","8":"product_shipping_class-economy-versand","10":"first","11":"outofstock","12":"sale","13":"taxable","14":"shipping-taxable","15":"purchasable","16":"product-type-simple"},"_links":{"self":[{"href":"https:\/\/topholds.com\/de\/wp-json\/wp\/v2\/product\/17081","targetHints":{"allow":["GET"]}}],"collection":[{"href":"https:\/\/topholds.com\/de\/wp-json\/wp\/v2\/product"}],"about":[{"href":"https:\/\/topholds.com\/de\/wp-json\/wp\/v2\/types\/product"}],"replies":[{"embeddable":true,"href":"https:\/\/topholds.com\/de\/wp-json\/wp\/v2\/comments?post=17081"}],"wp:featuredmedia":[{"embeddable":true,"href":"https:\/\/topholds.com\/de\/wp-json\/wp\/v2\/media\/20610"}],"wp:attachment":[{"href":"https:\/\/topholds.com\/de\/wp-json\/wp\/v2\/media?parent=17081"}],"wp:term":[{"taxonomy":"product_brand","embeddable":true,"href":"https:\/\/topholds.com\/de\/wp-json\/wp\/v2\/product_brand?post=17081"},{"taxonomy":"product_cat","embeddable":true,"href":"https:\/\/topholds.com\/de\/wp-json\/wp\/v2\/product_cat?post=17081"},{"taxonomy":"product_tag","embeddable":true,"href":"https:\/\/topholds.com\/de\/wp-json\/wp\/v2\/product_tag?post=17081"}],"curies":[{"name":"wp","href":"https:\/\/api.w.org\/{rel}","templated":true}]}}