{"id":17086,"date":"2021-09-16T16:43:45","date_gmt":"2021-09-16T16:43:45","guid":{"rendered":"https:\/\/topholds.com\/expresions\/"},"modified":"2024-08-26T04:44:40","modified_gmt":"2024-08-26T04:44:40","slug":"expresions","status":"publish","type":"product","link":"https:\/\/topholds.com\/de\/angebot\/klettergriffe\/kinder\/expresions\/","title":{"rendered":"Klettergriff Expressions"},"content":{"rendered":"<p><strong>Expresions ist ein Set von 6 Klettergriffen f\u00fcr Kinder<\/strong> mit lustigen Formen und einer sanften Sandsteintextur. Diese Griffe sind so gestaltet, dass sie sich an die H\u00e4nde von Kindern jeden Alters anpassen und guten Halt f\u00fcr die F\u00fc\u00dfe bieten.<\/p>\n<p>Mit Expresions <strong>k\u00f6nnen Kinder verschiedene Gesichts\u00e4u\u00dferungen nachspielen, w\u00e4hrend sie klettern<\/strong> und ihre Koordination und ihr Gleichgewicht entwickeln.<\/p>\n<p>Alle Griffe sind mit einem Anti-Dreh-Loch f\u00fcr mehr Sicherheit ausgestattet.<\/p>\n<p>F\u00fcr die Installation der <em>Expresions-Griffe<\/em> ben\u00f6tigst du M10x40 Schrauben (empfohlen) oder M8x40.<\/p>\n<p>Die Griffe werden in verschiedenen Farben versendet. Wenn du eine bestimmte Farbe w\u00fcnschst, gib dies im Abschnitt \u201eNotizen\u201c an oder kontaktiere uns.<\/p>\n","protected":false},"excerpt":{"rendered":"<ul>\n<li>Entwickelt, um sich an die H\u00e4nde und F\u00fc\u00dfe von Kindern anzupassen.<\/li>\n<li>Sanfte sandige Textur<\/li>\n<li>Helfen, Koordination und Gleichgewicht zu entwickeln.<\/li>\n<li>Anti-Rotationsl\u00f6cher f\u00fcr mehr Sicherheit.<\/li>\n<\/ul>\n","protected":false},"featured_media":20625,"comment_status":"open","ping_status":"closed","template":"","meta":[],"product_brand":[],"product_cat":[457],"product_tag":[],"class_list":{"0":"post-17086","1":"product","2":"type-product","3":"status-publish","4":"has-post-thumbnail","6":"product_cat-kinder","8":"first","9":"instock","10":"sale","11":"taxable","12":"shipping-taxable","13":"purchasable","14":"product-type-simple"},"_links":{"self":[{"href":"https:\/\/topholds.com\/de\/wp-json\/wp\/v2\/product\/17086","targetHints":{"allow":["GET"]}}],"collection":[{"href":"https:\/\/topholds.com\/de\/wp-json\/wp\/v2\/product"}],"about":[{"href":"https:\/\/topholds.com\/de\/wp-json\/wp\/v2\/types\/product"}],"replies":[{"embeddable":true,"href":"https:\/\/topholds.com\/de\/wp-json\/wp\/v2\/comments?post=17086"}],"wp:featuredmedia":[{"embeddable":true,"href":"https:\/\/topholds.com\/de\/wp-json\/wp\/v2\/media\/20625"}],"wp:attachment":[{"href":"https:\/\/topholds.com\/de\/wp-json\/wp\/v2\/media?parent=17086"}],"wp:term":[{"taxonomy":"product_brand","embeddable":true,"href":"https:\/\/topholds.com\/de\/wp-json\/wp\/v2\/product_brand?post=17086"},{"taxonomy":"product_cat","embeddable":true,"href":"https:\/\/topholds.com\/de\/wp-json\/wp\/v2\/product_cat?post=17086"},{"taxonomy":"product_tag","embeddable":true,"href":"https:\/\/topholds.com\/de\/wp-json\/wp\/v2\/product_tag?post=17086"}],"curies":[{"name":"wp","href":"https:\/\/api.w.org\/{rel}","templated":true}]}}