{"id":17091,"date":"2021-09-21T13:49:18","date_gmt":"2021-09-21T13:49:18","guid":{"rendered":"https:\/\/topholds.com\/egyptian-grips\/"},"modified":"2025-07-31T08:26:25","modified_gmt":"2025-07-31T08:26:25","slug":"egyptian-grips","status":"publish","type":"product","link":"https:\/\/topholds.com\/de\/angebot\/hindernisparcours\/trainingc\/aufhangung\/egyptian-grips\/","title":{"rendered":"Aufh\u00e4ngung f\u00fcr Hindernisparcours Egyptian Grips"},"content":{"rendered":"<p><strong>Egiptian Grips sind Greifst\u00fccke<\/strong> f\u00fcr H\u00e4ngungen und Zieh\u00fcbungen, die dich zum Schwitzen bringen und gleichzeitig Spa\u00df machen. Mit ihnen kannst du Kraft, Ausdauer und Koordination auf abwechslungsreiche und unterhaltsame Weise trainieren.<\/p>\n<p>Du kannst sie einh\u00e4ndig von oben oder beidh\u00e4ndig von den Seiten halten, je nach gew\u00fcnschtem Schwierigkeitsgrad. Ihre Textur ist weich, aber griffig, <strong>ideal f\u00fcr OCR, Klettern, Calisthenics oder CrossFit<\/strong>. Au\u00dferdem sind sie sehr leicht und lassen sich mit einem einfachen Schmetterlingsknoten \u00fcberall aufh\u00e4ngen.<\/p>\n<p>Die Farben k\u00f6nnen von denen auf dem Foto abweichen (frag uns, wenn du eine spezielle Farbe m\u00f6chtest).<\/p>\n","protected":false},"excerpt":{"rendered":"<ul>\n<li>\u00c4gyptische Griffe sind ein Element f\u00fcr Aufh\u00e4ngungen\/Ziehbewegungen.<\/li>\n<li>Ideal zum Trainieren von Kraft, Ausdauer und Koordination.<\/li>\n<li>Weiche, aber haftende Textur.<\/li>\n<\/ul>\n","protected":false},"featured_media":20635,"comment_status":"open","ping_status":"closed","template":"","meta":[],"product_brand":[],"product_cat":[496,403,492],"product_tag":[],"class_list":{"0":"post-17091","1":"product","2":"type-product","3":"status-publish","4":"has-post-thumbnail","6":"product_cat-aufhangung","7":"product_cat-hindernisparcours","8":"product_cat-trainingc","10":"first","11":"instock","12":"taxable","13":"shipping-taxable","14":"purchasable","15":"product-type-simple"},"_links":{"self":[{"href":"https:\/\/topholds.com\/de\/wp-json\/wp\/v2\/product\/17091","targetHints":{"allow":["GET"]}}],"collection":[{"href":"https:\/\/topholds.com\/de\/wp-json\/wp\/v2\/product"}],"about":[{"href":"https:\/\/topholds.com\/de\/wp-json\/wp\/v2\/types\/product"}],"replies":[{"embeddable":true,"href":"https:\/\/topholds.com\/de\/wp-json\/wp\/v2\/comments?post=17091"}],"wp:featuredmedia":[{"embeddable":true,"href":"https:\/\/topholds.com\/de\/wp-json\/wp\/v2\/media\/20635"}],"wp:attachment":[{"href":"https:\/\/topholds.com\/de\/wp-json\/wp\/v2\/media?parent=17091"}],"wp:term":[{"taxonomy":"product_brand","embeddable":true,"href":"https:\/\/topholds.com\/de\/wp-json\/wp\/v2\/product_brand?post=17091"},{"taxonomy":"product_cat","embeddable":true,"href":"https:\/\/topholds.com\/de\/wp-json\/wp\/v2\/product_cat?post=17091"},{"taxonomy":"product_tag","embeddable":true,"href":"https:\/\/topholds.com\/de\/wp-json\/wp\/v2\/product_tag?post=17091"}],"curies":[{"name":"wp","href":"https:\/\/api.w.org\/{rel}","templated":true}]}}