{"id":17096,"date":"2021-09-21T13:49:54","date_gmt":"2021-09-21T13:49:54","guid":{"rendered":"https:\/\/topholds.com\/egyptian\/"},"modified":"2024-08-26T04:45:47","modified_gmt":"2024-08-26T04:45:47","slug":"egyptian","status":"publish","type":"product","link":"https:\/\/topholds.com\/de\/angebot\/hindernisparcours\/trainingc\/griffe\/egyptian\/","title":{"rendered":"Griff f\u00fcr Hindernisparcours Egyptian"},"content":{"rendered":"<p><strong>Egyptian ist ein OCR-Halter<\/strong>, inspiriert von der Kletterwand des <strong>Egyptian Race<\/strong>.<\/p>\n<p>Er hat eine sanfte Sandsteintextur und eine breite Mulde, die das Greifen mit einer oder beiden H\u00e4nden erm\u00f6glicht. Er eignet sich perfekt f\u00fcr alle \u00dcberh\u00e4nge und wird mit 4 Schrauben befestigt.<\/p>\n<p>Die Farben k\u00f6nnen von dem Foto abweichen, aber wenn Sie eine bestimmte Farbe w\u00fcnschen, k\u00f6nnen Sie uns kontaktieren oder dies in den Anmerkungen angeben.<\/p>\n","protected":false},"excerpt":{"rendered":"<ul>\n<li>Hat einen gro\u00dfen Kessel f\u00fcr eine oder zwei H\u00e4nde.<\/li>\n<li>Weiche, arsenartige Textur.<\/li>\n<li>Ideal f\u00fcr jede \u00dcberh\u00e4ngung.<\/li>\n<\/ul>\n","protected":false},"featured_media":20645,"comment_status":"open","ping_status":"closed","template":"","meta":[],"product_brand":[],"product_cat":[497,403,492,418],"product_tag":[],"class_list":{"0":"post-17096","1":"product","2":"type-product","3":"status-publish","4":"has-post-thumbnail","6":"product_cat-griffe","7":"product_cat-hindernisparcours","8":"product_cat-trainingc","9":"product_cat-klettergriffe","11":"first","12":"instock","13":"sale","14":"taxable","15":"shipping-taxable","16":"purchasable","17":"product-type-simple"},"_links":{"self":[{"href":"https:\/\/topholds.com\/de\/wp-json\/wp\/v2\/product\/17096","targetHints":{"allow":["GET"]}}],"collection":[{"href":"https:\/\/topholds.com\/de\/wp-json\/wp\/v2\/product"}],"about":[{"href":"https:\/\/topholds.com\/de\/wp-json\/wp\/v2\/types\/product"}],"replies":[{"embeddable":true,"href":"https:\/\/topholds.com\/de\/wp-json\/wp\/v2\/comments?post=17096"}],"wp:featuredmedia":[{"embeddable":true,"href":"https:\/\/topholds.com\/de\/wp-json\/wp\/v2\/media\/20645"}],"wp:attachment":[{"href":"https:\/\/topholds.com\/de\/wp-json\/wp\/v2\/media?parent=17096"}],"wp:term":[{"taxonomy":"product_brand","embeddable":true,"href":"https:\/\/topholds.com\/de\/wp-json\/wp\/v2\/product_brand?post=17096"},{"taxonomy":"product_cat","embeddable":true,"href":"https:\/\/topholds.com\/de\/wp-json\/wp\/v2\/product_cat?post=17096"},{"taxonomy":"product_tag","embeddable":true,"href":"https:\/\/topholds.com\/de\/wp-json\/wp\/v2\/product_tag?post=17096"}],"curies":[{"name":"wp","href":"https:\/\/api.w.org\/{rel}","templated":true}]}}