{"id":17106,"date":"2021-10-11T17:00:11","date_gmt":"2021-10-11T17:00:11","guid":{"rendered":"https:\/\/topholds.com\/educa\/"},"modified":"2024-08-26T04:47:00","modified_gmt":"2024-08-26T04:47:00","slug":"educa","status":"publish","type":"product","link":"https:\/\/topholds.com\/de\/angebot\/klettergriffe\/kinder\/educa\/","title":{"rendered":"Educa Klettergriff-Paket"},"content":{"rendered":"<p>Der <strong>Pack Educa ist ein Set von 50 Klettergriffen<\/strong>, das f\u00fcr Kinder und Anf\u00e4nger entwickelt wurde. Diese Griffe haben eine weiche Textur und sind leicht und bequem zu greifen, selbst die kleinsten. Au\u00dferdem haben sie eine ausreichende H\u00f6he, um den Fu\u00df gut zu unterst\u00fctzen, was das Klettern mit Schuhen erleichtert.<\/p>\n<p>Das Lustigste an diesem Pack ist, dass die Griffe Formen von Zahlen, mathematischen Symbolen, Vokalen und Gesichtsausdr\u00fccken haben. So kannst du <strong>bildende Spiele erstellen<\/strong>, damit die Kleinen beim Klettern lernen.<\/p>\n<p>Mit diesen Spielen <strong>wird die motorische Probleml\u00f6sung, die schnelle Entscheidungsfindung<\/strong>, das Kopfrechnen und die Kreativit\u00e4t gef\u00f6rdert.<\/p>\n<p>Diese <em>kindgerechten Griffe<\/em> f\u00fcllen deine Wand mit Farbe und Spa\u00df und machen sie f\u00fcr kleine Kletterer attraktiver.<\/p>\n<p>Um diese Griffe an einem Brett bis 19mm Dicke zu installieren, ben\u00f6tigst du 50 M10x40 Inbusschrauben und 50 M10 Spinnenmuttern (du kannst auch M8 Schrauben und Muttern verwenden). Wenn du sie auf einer anderen Oberfl\u00e4che (Ziegel, Beton, Stein&#8230;) anbringen m\u00f6chtest, kontaktiere uns bitte.<\/p>\n<p>Die Farben k\u00f6nnen von dem Foto abweichen, sind jedoch immer so vielf\u00e4ltig wie m\u00f6glich.<\/p>\n<p>Die Chargen, die dieses Pack bilden, sind: Zahlen, mathematische Zeichen, Vokale, Ausdr\u00fccke, Polyeder 01 und Polyeder 02.<\/p>\n","protected":false},"excerpt":{"rendered":"<ul>\n<li>Das Educa-Paket besteht aus 50 Griffen, die ideal f\u00fcr Kinder und Anf\u00e4nger sind.<\/li>\n<li>Weiche Textur und angenehmer Grip<\/li>\n<li>Bildungsspiele mit Zahlen, Buchstaben und Gesichtern<\/li>\n<li>F\u00f6rderung von kognitiven und motorischen F\u00e4higkeiten<\/li>\n<\/ul>\n","protected":false},"featured_media":20685,"comment_status":"open","ping_status":"closed","template":"","meta":[],"product_brand":[],"product_cat":[457],"product_tag":[],"class_list":{"0":"post-17106","1":"product","2":"type-product","3":"status-publish","4":"has-post-thumbnail","6":"product_cat-kinder","8":"first","9":"instock","10":"sale","11":"taxable","12":"shipping-taxable","13":"purchasable","14":"product-type-simple"},"_links":{"self":[{"href":"https:\/\/topholds.com\/de\/wp-json\/wp\/v2\/product\/17106","targetHints":{"allow":["GET"]}}],"collection":[{"href":"https:\/\/topholds.com\/de\/wp-json\/wp\/v2\/product"}],"about":[{"href":"https:\/\/topholds.com\/de\/wp-json\/wp\/v2\/types\/product"}],"replies":[{"embeddable":true,"href":"https:\/\/topholds.com\/de\/wp-json\/wp\/v2\/comments?post=17106"}],"wp:featuredmedia":[{"embeddable":true,"href":"https:\/\/topholds.com\/de\/wp-json\/wp\/v2\/media\/20685"}],"wp:attachment":[{"href":"https:\/\/topholds.com\/de\/wp-json\/wp\/v2\/media?parent=17106"}],"wp:term":[{"taxonomy":"product_brand","embeddable":true,"href":"https:\/\/topholds.com\/de\/wp-json\/wp\/v2\/product_brand?post=17106"},{"taxonomy":"product_cat","embeddable":true,"href":"https:\/\/topholds.com\/de\/wp-json\/wp\/v2\/product_cat?post=17106"},{"taxonomy":"product_tag","embeddable":true,"href":"https:\/\/topholds.com\/de\/wp-json\/wp\/v2\/product_tag?post=17106"}],"curies":[{"name":"wp","href":"https:\/\/api.w.org\/{rel}","templated":true}]}}