{"id":17111,"date":"2021-10-11T17:00:50","date_gmt":"2021-10-11T17:00:50","guid":{"rendered":"https:\/\/topholds.com\/diverti\/"},"modified":"2025-05-21T08:44:38","modified_gmt":"2025-05-21T08:44:38","slug":"diverti","status":"publish","type":"product","link":"https:\/\/topholds.com\/de\/angebot\/klettergriffe\/kinder\/diverti\/","title":{"rendered":"Diverti Klettergriff-Paket"},"content":{"rendered":"<p>Das <strong>Diverti-Set ist eine Gruppe von 54 Klettergriffen f\u00fcr Kinder<\/strong> in verschiedenen Farben und Formen, die so gestaltet sind, dass Kinder und Anf\u00e4nger das Klettern genie\u00dfen k\u00f6nnen.<\/p>\n<p>Die <em>Griffe f\u00fchlen sich weich an, sind leicht zu greifen und f\u00fcr die F\u00fc\u00dfe geeignet<\/em>. Sogar die kleinsten haben eine ausreichende H\u00f6he, um den Komfort und die Sicherheit der Kleinen zu gew\u00e4hrleisten. Dar\u00fcber hinaus erm\u00f6glichen die Griffe <strong>die Entwicklung von Spielen und Aktivit\u00e4ten, die das spielerische Lernen<\/strong> sowie die k\u00f6rperliche, geistige und emotionale Entwicklung der Kinder f\u00f6rdern.<\/p>\n<p>Die Chargen, die dieses Set bilden, umfassen: Dschungel, Aquarium, Happy, Expressions, The Game, Bubble S10, Pr\u00e4historisch S und Iris.<\/p>\n<p>Diese Griffe <strong>k\u00f6nnen auf verschiedenen Oberfl\u00e4chen mit den geeigneten Ankern installiert werden<\/strong> (bitte je nach Fall anfragen).<\/p>\n<p>Die empfohlenen Anker f\u00fcr die Installation an einer Platte von bis zu 19 mm w\u00e4ren 54 M10x40 Innensechskantschrauben, 12 M10x50 Innensechskantschrauben und 54 M10 Spackschrauben (es k\u00f6nnten auch M8 Schrauben und Muttern verwendet werden). Wenn Sie sie auf einer anderen Oberfl\u00e4che wie Ziegel, Beton oder Stein installieren m\u00f6chten, kontaktieren Sie uns bitte f\u00fcr spezifische Empfehlungen.<\/p>\n<p>Die Farben k\u00f6nnten von denen auf dem Foto abweichen, werden jedoch immer so vielf\u00e4ltig wie m\u00f6glich in den Farbt\u00f6nen sein.<\/p>\n","protected":false},"excerpt":{"rendered":"<ul>\n<li>Das Diverti-Pack besteht aus 54 bunten Klettergriffen f\u00fcr Kinder in verschiedenen Formen.<\/li>\n<li>Entwickelt, damit Kinder und Anf\u00e4nger das Klettern genie\u00dfen k\u00f6nnen.<\/li>\n<li>Angenehm im Griff, leicht zu greifen und um den Fu\u00df abzustellen.<\/li>\n<li>F\u00f6rdert die k\u00f6rperliche, geistige und emotionale Entwicklung von Kindern.<\/li>\n<\/ul>\n","protected":false},"featured_media":20695,"comment_status":"open","ping_status":"closed","template":"","meta":[],"product_brand":[],"product_cat":[457],"product_tag":[],"class_list":{"0":"post-17111","1":"product","2":"type-product","3":"status-publish","4":"has-post-thumbnail","6":"product_cat-kinder","8":"first","9":"instock","10":"sale","11":"taxable","12":"shipping-taxable","13":"purchasable","14":"product-type-simple"},"_links":{"self":[{"href":"https:\/\/topholds.com\/de\/wp-json\/wp\/v2\/product\/17111","targetHints":{"allow":["GET"]}}],"collection":[{"href":"https:\/\/topholds.com\/de\/wp-json\/wp\/v2\/product"}],"about":[{"href":"https:\/\/topholds.com\/de\/wp-json\/wp\/v2\/types\/product"}],"replies":[{"embeddable":true,"href":"https:\/\/topholds.com\/de\/wp-json\/wp\/v2\/comments?post=17111"}],"wp:featuredmedia":[{"embeddable":true,"href":"https:\/\/topholds.com\/de\/wp-json\/wp\/v2\/media\/20695"}],"wp:attachment":[{"href":"https:\/\/topholds.com\/de\/wp-json\/wp\/v2\/media?parent=17111"}],"wp:term":[{"taxonomy":"product_brand","embeddable":true,"href":"https:\/\/topholds.com\/de\/wp-json\/wp\/v2\/product_brand?post=17111"},{"taxonomy":"product_cat","embeddable":true,"href":"https:\/\/topholds.com\/de\/wp-json\/wp\/v2\/product_cat?post=17111"},{"taxonomy":"product_tag","embeddable":true,"href":"https:\/\/topholds.com\/de\/wp-json\/wp\/v2\/product_tag?post=17111"}],"curies":[{"name":"wp","href":"https:\/\/api.w.org\/{rel}","templated":true}]}}