{"id":17121,"date":"2021-10-12T09:29:50","date_gmt":"2021-10-12T09:29:50","guid":{"rendered":"https:\/\/topholds.com\/campus\/"},"modified":"2024-08-26T04:48:43","modified_gmt":"2024-08-26T04:48:43","slug":"campus","status":"publish","type":"product","link":"https:\/\/topholds.com\/de\/angebot\/hindernisparcours\/trainingc\/griffe\/campus\/","title":{"rendered":"Campusleiste"},"content":{"rendered":"<p>Die <strong>Campus-Kletterleiste<\/strong> ist ein vielseitiges Zubeh\u00f6r, um die Fingerkraft und -ausdauer zu trainieren. Sie kann <strong>am Campus Board<\/strong>, an der <strong>Multigrip-Tafel<\/strong> oder <strong>als Griff f\u00fcr die Kletterwand<\/strong> verwendet werden.<\/p>\n<p>Ihre sanfte Sandstein-Textur sch\u00fctzt die Haut und erleichtert den Griff. Die Leiste hat zwei Seiten mit unterschiedlichen Winkeln: eine positive von 105\u00b0 und eine neutrale von 90\u00b0. So kannst du die Schwierigkeit und die Art der \u00dcbung entsprechend deinen Bed\u00fcrfnissen variieren.<\/p>\n<p>Die Tiefe der Leiste wird durch eine Zahl angezeigt: zum Beispiel hat die <strong>Campus-Leiste<\/strong> 40 einen St\u00fctzpunkt von 40 Millimetern.<\/p>\n<p>Um die Leiste zu befestigen, kannst du M10x40-Schrauben (empfohlen) oder M8x40 verwenden, oder auch Holzschrauben. Die Leiste von 15 akzeptiert nur Holzschrauben.<\/p>\n<p>Die Farben k\u00f6nnen je nach Verf\u00fcgbarkeit variieren. Wenn du eine bestimmte Farbe w\u00fcnschst, kontaktiere uns oder gib es in den Anmerkungen deiner Bestellung an.<\/p>\n","protected":false},"excerpt":{"rendered":"<ul>\n<li>Vielseitiges Zubeh\u00f6r zum Trainieren der Fingerkraft und -ausdauer.<\/li>\n<li>Sanfte, sandige Textur zum Schutz der Haut und zur Erleichterung des Griffs.<\/li>\n<li>Zwei Seiten mit unterschiedlichen Winkeln, um die Schwierigkeit und Art der Arbeit zu variieren.<\/li>\n<li>Kann an der Campus Board, Multigrip-Board oder als Griff f\u00fcr die Kletterwand verwendet werden.<\/li>\n<\/ul>\n","protected":false},"featured_media":10954,"comment_status":"open","ping_status":"closed","template":"","meta":[],"product_brand":[],"product_cat":[497,403,492,458],"product_tag":[],"class_list":{"0":"post-17121","1":"product","2":"type-product","3":"status-publish","4":"has-post-thumbnail","6":"product_cat-griffe","7":"product_cat-hindernisparcours","8":"product_cat-trainingc","9":"product_cat-trainingss","11":"first","12":"instock","13":"taxable","14":"shipping-taxable","15":"purchasable","16":"product-type-variable"},"_links":{"self":[{"href":"https:\/\/topholds.com\/de\/wp-json\/wp\/v2\/product\/17121","targetHints":{"allow":["GET"]}}],"collection":[{"href":"https:\/\/topholds.com\/de\/wp-json\/wp\/v2\/product"}],"about":[{"href":"https:\/\/topholds.com\/de\/wp-json\/wp\/v2\/types\/product"}],"replies":[{"embeddable":true,"href":"https:\/\/topholds.com\/de\/wp-json\/wp\/v2\/comments?post=17121"}],"wp:featuredmedia":[{"embeddable":true,"href":"https:\/\/topholds.com\/de\/wp-json\/wp\/v2\/media\/10954"}],"wp:attachment":[{"href":"https:\/\/topholds.com\/de\/wp-json\/wp\/v2\/media?parent=17121"}],"wp:term":[{"taxonomy":"product_brand","embeddable":true,"href":"https:\/\/topholds.com\/de\/wp-json\/wp\/v2\/product_brand?post=17121"},{"taxonomy":"product_cat","embeddable":true,"href":"https:\/\/topholds.com\/de\/wp-json\/wp\/v2\/product_cat?post=17121"},{"taxonomy":"product_tag","embeddable":true,"href":"https:\/\/topholds.com\/de\/wp-json\/wp\/v2\/product_tag?post=17121"}],"curies":[{"name":"wp","href":"https:\/\/api.w.org\/{rel}","templated":true}]}}