{"id":17126,"date":"2021-10-13T17:43:07","date_gmt":"2021-10-13T17:43:07","guid":{"rendered":"https:\/\/topholds.com\/innensechskantschraube-m10\/"},"modified":"2024-08-26T04:49:27","modified_gmt":"2024-08-26T04:49:27","slug":"innensechskantschraube-m10","status":"publish","type":"product","link":"https:\/\/topholds.com\/de\/angebot\/befestigungen\/innensechskantschrauben\/innensechskantschraube-m10\/","title":{"rendered":"Innensechskantschraube M10"},"content":{"rendered":"<p>Der <strong>Innensechskantschraube DIN 912 Qualit\u00e4t 8.8 verzinkt<\/strong> ist ideal, um deine Klettergriffen oder OCR mit glatten Oberfl\u00e4chen zu verbinden und sie pr\u00e4zise und sicher anzuziehen.<\/p>\n<p>Er besteht aus hochfestem Stahl und hat eine verzinkte Oberfl\u00e4che, die ihn vor Korrosion sch\u00fctzt. Er hat einen zylindrischen Kopf mit einem hexagonalen Loch, das zu einem Innensechskantschl\u00fcssel passt.<\/p>\n<p>Seine L\u00e4nge wird in Millimetern ohne den Kopf gemessen.<\/p>\n<p>Wenn du gro\u00dfe Mengen dieser Schraube ben\u00f6tigst, kontaktiere uns.<\/p>\n","protected":false},"excerpt":{"rendered":"<ul>\n<li>Sechskantschraube DIN 912 Qualit\u00e4t 8.8 verzinkt. Metrisch 10<\/li>\n<li>Hergestellt aus hochfestem Stahl<\/li>\n<li>Verzinkte Oberfl\u00e4che sch\u00fctzt vor Korrosion<\/li>\n<\/ul>\n","protected":false},"featured_media":10975,"comment_status":"open","ping_status":"closed","template":"","meta":[],"product_brand":[],"product_cat":[419,467],"product_tag":[],"class_list":{"0":"post-17126","1":"product","2":"type-product","3":"status-publish","4":"has-post-thumbnail","6":"product_cat-befestigungen","7":"product_cat-innensechskantschrauben","9":"first","10":"instock","11":"taxable","12":"shipping-taxable","13":"purchasable","14":"product-type-variable"},"_links":{"self":[{"href":"https:\/\/topholds.com\/de\/wp-json\/wp\/v2\/product\/17126","targetHints":{"allow":["GET"]}}],"collection":[{"href":"https:\/\/topholds.com\/de\/wp-json\/wp\/v2\/product"}],"about":[{"href":"https:\/\/topholds.com\/de\/wp-json\/wp\/v2\/types\/product"}],"replies":[{"embeddable":true,"href":"https:\/\/topholds.com\/de\/wp-json\/wp\/v2\/comments?post=17126"}],"wp:featuredmedia":[{"embeddable":true,"href":"https:\/\/topholds.com\/de\/wp-json\/wp\/v2\/media\/10975"}],"wp:attachment":[{"href":"https:\/\/topholds.com\/de\/wp-json\/wp\/v2\/media?parent=17126"}],"wp:term":[{"taxonomy":"product_brand","embeddable":true,"href":"https:\/\/topholds.com\/de\/wp-json\/wp\/v2\/product_brand?post=17126"},{"taxonomy":"product_cat","embeddable":true,"href":"https:\/\/topholds.com\/de\/wp-json\/wp\/v2\/product_cat?post=17126"},{"taxonomy":"product_tag","embeddable":true,"href":"https:\/\/topholds.com\/de\/wp-json\/wp\/v2\/product_tag?post=17126"}],"curies":[{"name":"wp","href":"https:\/\/api.w.org\/{rel}","templated":true}]}}