{"id":17131,"date":"2021-10-13T18:15:23","date_gmt":"2021-10-13T18:15:23","guid":{"rendered":"https:\/\/topholds.com\/innensechskantschraube-m8\/"},"modified":"2024-08-26T04:50:12","modified_gmt":"2024-08-26T04:50:12","slug":"innensechskantschraube-m8","status":"publish","type":"product","link":"https:\/\/topholds.com\/de\/angebot\/befestigungen\/innensechskantschrauben\/innensechskantschraube-m8\/","title":{"rendered":"Innensechskantschraube M8"},"content":{"rendered":"<p>Der <strong>Innenvielzahn-Schraube DIN 912 Qualit\u00e4t 8.8 verzinkt<\/strong> ist ideal, um deine Klettergriffe oder OCR mit glatten Oberfl\u00e4chen zu verbinden und pr\u00e4zise und sicher anzuziehen.<\/p>\n<p>Er besteht aus hochfestem Stahl und hat eine verzinkte Oberfl\u00e4che, die ihn vor Korrosion sch\u00fctzt. Er verf\u00fcgt \u00fcber einen zylindrischen Kopf mit einem sechseckigen Loch, das sich f\u00fcr einen Innensechskantschl\u00fcssel eignet.<\/p>\n<p>Seine L\u00e4nge wird in Millimetern ohne den Kopf gemessen.<\/p>\n<p>Wenn du gr\u00f6\u00dfere Mengen dieser Schraube ben\u00f6tigst, kontaktiere uns.<\/p>\n","protected":false},"excerpt":{"rendered":"<ul>\n<li>Inbusschraube DIN 912 Qualit\u00e4t 8.8 verzinkt. Gewinde M8<\/li>\n<li>Hergestellt aus hochfestem Stahl<\/li>\n<li>Verzinkte Oberfl\u00e4che, die vor Korrosion sch\u00fctzt<\/li>\n<\/ul>\n","protected":false},"featured_media":10975,"comment_status":"open","ping_status":"closed","template":"","meta":[],"product_brand":[],"product_cat":[419,467],"product_tag":[],"class_list":{"0":"post-17131","1":"product","2":"type-product","3":"status-publish","4":"has-post-thumbnail","6":"product_cat-befestigungen","7":"product_cat-innensechskantschrauben","9":"first","10":"instock","11":"taxable","12":"shipping-taxable","13":"purchasable","14":"product-type-variable"},"_links":{"self":[{"href":"https:\/\/topholds.com\/de\/wp-json\/wp\/v2\/product\/17131","targetHints":{"allow":["GET"]}}],"collection":[{"href":"https:\/\/topholds.com\/de\/wp-json\/wp\/v2\/product"}],"about":[{"href":"https:\/\/topholds.com\/de\/wp-json\/wp\/v2\/types\/product"}],"replies":[{"embeddable":true,"href":"https:\/\/topholds.com\/de\/wp-json\/wp\/v2\/comments?post=17131"}],"wp:featuredmedia":[{"embeddable":true,"href":"https:\/\/topholds.com\/de\/wp-json\/wp\/v2\/media\/10975"}],"wp:attachment":[{"href":"https:\/\/topholds.com\/de\/wp-json\/wp\/v2\/media?parent=17131"}],"wp:term":[{"taxonomy":"product_brand","embeddable":true,"href":"https:\/\/topholds.com\/de\/wp-json\/wp\/v2\/product_brand?post=17131"},{"taxonomy":"product_cat","embeddable":true,"href":"https:\/\/topholds.com\/de\/wp-json\/wp\/v2\/product_cat?post=17131"},{"taxonomy":"product_tag","embeddable":true,"href":"https:\/\/topholds.com\/de\/wp-json\/wp\/v2\/product_tag?post=17131"}],"curies":[{"name":"wp","href":"https:\/\/api.w.org\/{rel}","templated":true}]}}