{"id":17141,"date":"2021-10-14T16:58:30","date_gmt":"2021-10-14T16:58:30","guid":{"rendered":"https:\/\/topholds.com\/bestial-holds-2\/"},"modified":"2024-08-26T04:51:33","modified_gmt":"2024-08-26T04:51:33","slug":"bestial-holds-2","status":"publish","type":"product","link":"https:\/\/topholds.com\/de\/angebot\/hindernisparcours\/trainingc\/griffe\/bestial-holds-2\/","title":{"rendered":"Griff f\u00fcr Hindernisparcours Bestial Holds 2"},"content":{"rendered":"<div class=\"flex-1 overflow-hidden\">\n<div class=\"react-scroll-to-bottom--css-ccche-79elbk h-full dark:bg-gray-800\">\n<div class=\"react-scroll-to-bottom--css-ccche-1n7m0yu\">\n<div class=\"flex flex-col items-center text-sm dark:bg-gray-800\">\n<div class=\"w-full border-b border-black\/10 dark:border-gray-900\/50 text-gray-800 dark:text-gray-100 group bg-gray-50 dark:bg-[#444654]\">\n<div class=\"text-base gap-4 md:gap-6 m-auto md:max-w-2xl lg:max-w-2xl xl:max-w-3xl p-4 md:py-6 flex lg:px-0\">\n<div class=\"relative flex w-[calc(100%-50px)] flex-col gap-1 md:gap-3 lg:w-[calc(100%-115px)]\">\n<div class=\"flex flex-grow flex-col gap-3\">\n<div class=\"min-h-[20px] flex flex-col items-start gap-4 whitespace-pre-wrap\">\n<div class=\"markdown prose w-full break-words dark:prose-invert light\">\n<p>Die <strong>OCR Bestial Holds 2<\/strong> wurde entwickelt, um die weiche Sandsteintextur der Natur nachzuahmen und bietet ein einzigartiges und aufregendes Klettererlebnis.<\/p>\n<p>Sie verf\u00fcgt \u00fcber ein Anti-Rotations-Loch f\u00fcr die Schraube, das eine sichere und stabile Befestigung an der Wand gew\u00e4hrleistet.<\/p>\n<p>Die <em>Bestial Holds ist eine hochwertige Griffunktion<\/em>, die du in der <strong>Bestial Wettkampf-Kletterhalle<\/strong> finden wirst.<\/p>\n<p>F\u00fcr die Installation wird empfohlen, eine Schraube M10x60 oder M8x60 zu verwenden, die nicht im Paket enthalten ist.<\/p>\n<p>Wenn du eine bestimmte Farbe ben\u00f6tigst, kontaktiere uns bitte und wir werden unser Bestes tun, um dir den Griff in der gew\u00fcnschten Farbe anzubieten.<\/p>\n<\/div>\n<\/div>\n<\/div>\n<\/div>\n<\/div>\n<\/div>\n<\/div>\n<\/div>\n<\/div>\n","protected":false},"excerpt":{"rendered":"<ul>\n<li>Sanfte Sandsteinstruktur<\/li>\n<li>Sichere und stabile Befestigung an der Wand dank des Anti-Drehschraubenlochs.<\/li>\n<li>Hochwertig und pr\u00e4sent in der Kletterhalle der Bestial-Rennen.<\/li>\n<\/ul>\n","protected":false},"featured_media":20845,"comment_status":"open","ping_status":"closed","template":"","meta":[],"product_brand":[],"product_cat":[497,403,492,418],"product_tag":[],"class_list":{"0":"post-17141","1":"product","2":"type-product","3":"status-publish","4":"has-post-thumbnail","6":"product_cat-griffe","7":"product_cat-hindernisparcours","8":"product_cat-trainingc","9":"product_cat-klettergriffe","11":"first","12":"instock","13":"taxable","14":"shipping-taxable","15":"purchasable","16":"product-type-simple"},"_links":{"self":[{"href":"https:\/\/topholds.com\/de\/wp-json\/wp\/v2\/product\/17141","targetHints":{"allow":["GET"]}}],"collection":[{"href":"https:\/\/topholds.com\/de\/wp-json\/wp\/v2\/product"}],"about":[{"href":"https:\/\/topholds.com\/de\/wp-json\/wp\/v2\/types\/product"}],"replies":[{"embeddable":true,"href":"https:\/\/topholds.com\/de\/wp-json\/wp\/v2\/comments?post=17141"}],"wp:featuredmedia":[{"embeddable":true,"href":"https:\/\/topholds.com\/de\/wp-json\/wp\/v2\/media\/20845"}],"wp:attachment":[{"href":"https:\/\/topholds.com\/de\/wp-json\/wp\/v2\/media?parent=17141"}],"wp:term":[{"taxonomy":"product_brand","embeddable":true,"href":"https:\/\/topholds.com\/de\/wp-json\/wp\/v2\/product_brand?post=17141"},{"taxonomy":"product_cat","embeddable":true,"href":"https:\/\/topholds.com\/de\/wp-json\/wp\/v2\/product_cat?post=17141"},{"taxonomy":"product_tag","embeddable":true,"href":"https:\/\/topholds.com\/de\/wp-json\/wp\/v2\/product_tag?post=17141"}],"curies":[{"name":"wp","href":"https:\/\/api.w.org\/{rel}","templated":true}]}}