{"id":17146,"date":"2021-10-28T18:10:11","date_gmt":"2021-10-28T18:10:11","guid":{"rendered":"https:\/\/topholds.com\/sicherheitskarabiner\/"},"modified":"2024-08-26T04:52:06","modified_gmt":"2024-08-26T04:52:06","slug":"sicherheitskarabiner","status":"publish","type":"product","link":"https:\/\/topholds.com\/de\/angebot\/hindernisparcours\/trainingc\/sicherheitskarabiner\/","title":{"rendered":"Sicherheitskarabiner"},"content":{"rendered":"<div class=\"flex-1 overflow-hidden\">\n<div class=\"react-scroll-to-bottom--css-ccche-79elbk h-full dark:bg-gray-800\">\n<div class=\"react-scroll-to-bottom--css-ccche-1n7m0yu\">\n<div class=\"flex flex-col items-center text-sm dark:bg-gray-800\">\n<div class=\"w-full border-b border-black\/10 dark:border-gray-900\/50 text-gray-800 dark:text-gray-100 group bg-gray-50 dark:bg-[#444654]\">\n<div class=\"text-base gap-4 md:gap-6 m-auto md:max-w-2xl lg:max-w-2xl xl:max-w-3xl p-4 md:py-6 flex lg:px-0\">\n<div class=\"relative flex w-[calc(100%-50px)] flex-col gap-1 md:gap-3 lg:w-[calc(100%-115px)]\">\n<div class=\"flex flex-grow flex-col gap-3\">\n<div class=\"min-h-[20px] flex flex-col items-start gap-4 whitespace-pre-wrap\">\n<div class=\"markdown prose w-full break-words dark:prose-invert light\">\n<p>Wenn Sie nach einem <strong>sicheren und zuverl\u00e4ssigen Karabinerhaken zum Aufh\u00e4ngen von Aufh\u00e4ngungen und\/oder OCR-Griffen<\/strong> suchen, ist unser Karabinerhaken mit sicherem Schraubverschluss die ideale Wahl f\u00fcr Sie. Dank seines Schraubverschlusses k\u00f6nnen Sie sicher sein, dass es keine unbeabsichtigten \u00d6ffnungen geben wird, die Ihre Sicherheit gef\u00e4hrden.<\/p>\n<p>Diese Karabinerhaken sind aus verzinktem Stahl gefertigt, was sie robust und langlebig macht. Dar\u00fcber hinaus ist ihr Design perfekt geeignet, um <em>Ihre Aufh\u00e4ngungen und Griffe einfach und sicher aufzuh\u00e4ngen<\/em>.<\/p>\n<p>Bitte beachten Sie, dass diese Karabinerhaken nicht f\u00fcr das Klettern oder vertikale Arbeiten zugelassen sind. Die vom Hersteller empfohlene maximale Last betr\u00e4gt jedoch 230 Kilogramm f\u00fcr die Gr\u00f6\u00dfe 8&#215;80 und 350 Kilogramm f\u00fcr die Gr\u00f6\u00dfe 10&#215;100, was sie ideal f\u00fcr den Einsatz in Aufh\u00e4ngungen und OCR-Griffen macht.<\/p>\n<p>Setzen Sie Ihre Sicherheit nicht durch minderwertige Produkte aufs Spiel.<\/p>\n<\/div>\n<\/div>\n<\/div>\n<\/div>\n<\/div>\n<\/div>\n<\/div>\n<\/div>\n<\/div>\n","protected":false},"excerpt":{"rendered":"<ul>\n<li>Karabiner mit verschraubbarem Sicherheitsverschluss.<\/li>\n<li>Verhindert das versehentliche \u00d6ffnen.<\/li>\n<li>Ideal zum Aufh\u00e4ngen deiner Aufh\u00e4ngungen und OCR-Griffe.<\/li>\n<li>Hergestellt aus verzinktem Stahl.<\/li>\n<\/ul>\n<p>&nbsp;<\/p>\n<p>&nbsp;<\/p>\n","protected":false},"featured_media":20860,"comment_status":"open","ping_status":"closed","template":"","meta":[],"product_brand":[],"product_cat":[403,492,483,421],"product_tag":[],"class_list":{"0":"post-17146","1":"product","2":"type-product","3":"status-publish","4":"has-post-thumbnail","6":"product_cat-hindernisparcours","7":"product_cat-trainingc","8":"product_cat-verschiedenes","9":"product_cat-zubehoer","11":"first","12":"instock","13":"taxable","14":"shipping-taxable","15":"purchasable","16":"product-type-variable"},"_links":{"self":[{"href":"https:\/\/topholds.com\/de\/wp-json\/wp\/v2\/product\/17146","targetHints":{"allow":["GET"]}}],"collection":[{"href":"https:\/\/topholds.com\/de\/wp-json\/wp\/v2\/product"}],"about":[{"href":"https:\/\/topholds.com\/de\/wp-json\/wp\/v2\/types\/product"}],"replies":[{"embeddable":true,"href":"https:\/\/topholds.com\/de\/wp-json\/wp\/v2\/comments?post=17146"}],"wp:featuredmedia":[{"embeddable":true,"href":"https:\/\/topholds.com\/de\/wp-json\/wp\/v2\/media\/20860"}],"wp:attachment":[{"href":"https:\/\/topholds.com\/de\/wp-json\/wp\/v2\/media?parent=17146"}],"wp:term":[{"taxonomy":"product_brand","embeddable":true,"href":"https:\/\/topholds.com\/de\/wp-json\/wp\/v2\/product_brand?post=17146"},{"taxonomy":"product_cat","embeddable":true,"href":"https:\/\/topholds.com\/de\/wp-json\/wp\/v2\/product_cat?post=17146"},{"taxonomy":"product_tag","embeddable":true,"href":"https:\/\/topholds.com\/de\/wp-json\/wp\/v2\/product_tag?post=17146"}],"curies":[{"name":"wp","href":"https:\/\/api.w.org\/{rel}","templated":true}]}}