{"id":17151,"date":"2021-10-29T16:05:55","date_gmt":"2021-10-29T16:05:55","guid":{"rendered":"https:\/\/topholds.com\/topholds-seil-6mm\/"},"modified":"2025-07-31T08:26:25","modified_gmt":"2025-07-31T08:26:25","slug":"topholds-seil-6mm","status":"publish","type":"product","link":"https:\/\/topholds.com\/de\/angebot\/hindernisparcours\/trainingc\/topholds-seil-6mm\/","title":{"rendered":"Topholds Seil 6 mm"},"content":{"rendered":"<div class=\"flex-1 overflow-hidden\">\n<div class=\"react-scroll-to-bottom--css-ccche-79elbk h-full dark:bg-gray-800\">\n<div class=\"react-scroll-to-bottom--css-ccche-1n7m0yu\">\n<div class=\"flex flex-col items-center text-sm dark:bg-gray-800\">\n<div class=\"w-full border-b border-black\/10 dark:border-gray-900\/50 text-gray-800 dark:text-gray-100 group bg-gray-50 dark:bg-[#444654]\">\n<div class=\"text-base gap-4 md:gap-6 m-auto md:max-w-2xl lg:max-w-2xl xl:max-w-3xl p-4 md:py-6 flex lg:px-0\">\n<div class=\"relative flex w-[calc(100%-50px)] flex-col gap-1 md:gap-3 lg:w-[calc(100%-115px)]\">\n<div class=\"flex flex-grow flex-col gap-3\">\n<div class=\"min-h-[20px] flex flex-col items-start gap-4 whitespace-pre-wrap\">\n<div class=\"markdown prose w-full break-words dark:prose-invert light\">\n<p>M\u00f6chtest du deine F\u00e4higkeiten im Bereich Suspension auf die n\u00e4chste Stufe heben?<\/p>\n<p>Dann ist unser <strong>Hilfsseil f\u00fcr Suspension und OCR-Griffe<\/strong> genau das, was du brauchst. Dieses Seil erm\u00f6glicht es dir, neue Bindungsm\u00f6glichkeiten \u00fcberall zu erkunden, unabh\u00e4ngig von der Pendeldistanz oder der Schwierigkeit des Gel\u00e4ndes.<\/p>\n<p>Trotz seines geringen Durchmessers von 6 Millimetern ist dieses Seil extrem widerstandsf\u00e4hig und kann Zuglasten von bis zu 730 Kilogramm tragen. Dar\u00fcber hinaus ist es wetterfest, sodass du es unter allen Wetterbedingungen verwenden kannst, ohne dir Sorgen um seine Haltbarkeit machen zu m\u00fcssen.<\/p>\n<p>Das <em>Hilfsseil f\u00fcr Suspension und OCR-Griffe<\/em> kommt in einem eleganten Schwarz, das deinem OCR-Equipment einen stilvollen Touch verleiht. Mit diesem Seil kannst du deine Suspension-F\u00e4higkeiten auf das n\u00e4chste Level bringen und neue Herausforderungen in der vertikalen Welt meistern.<\/p>\n<\/div>\n<\/div>\n<\/div>\n<\/div>\n<\/div>\n<\/div>\n<\/div>\n<\/div>\n<\/div>\n<p>Der Preis gilt pro Meter und wird in einem St\u00fcck in der gew\u00e4hlten L\u00e4nge geliefert.<\/p>\n<p>*Informationen bereitgestellt von unserem Hersteller.<\/p>\n","protected":false},"excerpt":{"rendered":"<ul>\n<li>Viele M\u00f6glichkeiten zum Festmachen an jedem Ort, Pendeldistanzen usw&#8230;<\/li>\n<li>Extrem widerstandsf\u00e4hig. Bruchlast: +-730 Kilogramm*<\/li>\n<li>Wetterbest\u00e4ndig.<\/li>\n<li>Schwarz<\/li>\n<\/ul>\n","protected":false},"featured_media":20875,"comment_status":"open","ping_status":"closed","template":"","meta":[],"product_brand":[],"product_cat":[403,492,483,421],"product_tag":[],"class_list":{"0":"post-17151","1":"product","2":"type-product","3":"status-publish","4":"has-post-thumbnail","6":"product_cat-hindernisparcours","7":"product_cat-trainingc","8":"product_cat-verschiedenes","9":"product_cat-zubehoer","10":"product_shipping_class-economy-versand","12":"first","13":"instock","14":"taxable","15":"shipping-taxable","16":"purchasable","17":"product-type-simple"},"_links":{"self":[{"href":"https:\/\/topholds.com\/de\/wp-json\/wp\/v2\/product\/17151","targetHints":{"allow":["GET"]}}],"collection":[{"href":"https:\/\/topholds.com\/de\/wp-json\/wp\/v2\/product"}],"about":[{"href":"https:\/\/topholds.com\/de\/wp-json\/wp\/v2\/types\/product"}],"replies":[{"embeddable":true,"href":"https:\/\/topholds.com\/de\/wp-json\/wp\/v2\/comments?post=17151"}],"wp:featuredmedia":[{"embeddable":true,"href":"https:\/\/topholds.com\/de\/wp-json\/wp\/v2\/media\/20875"}],"wp:attachment":[{"href":"https:\/\/topholds.com\/de\/wp-json\/wp\/v2\/media?parent=17151"}],"wp:term":[{"taxonomy":"product_brand","embeddable":true,"href":"https:\/\/topholds.com\/de\/wp-json\/wp\/v2\/product_brand?post=17151"},{"taxonomy":"product_cat","embeddable":true,"href":"https:\/\/topholds.com\/de\/wp-json\/wp\/v2\/product_cat?post=17151"},{"taxonomy":"product_tag","embeddable":true,"href":"https:\/\/topholds.com\/de\/wp-json\/wp\/v2\/product_tag?post=17151"}],"curies":[{"name":"wp","href":"https:\/\/api.w.org\/{rel}","templated":true}]}}