{"id":17156,"date":"2021-11-21T18:48:11","date_gmt":"2021-11-21T18:48:11","guid":{"rendered":"https:\/\/topholds.com\/top-jump\/"},"modified":"2026-01-01T14:41:38","modified_gmt":"2026-01-01T14:41:38","slug":"top-jump","status":"publish","type":"product","link":"https:\/\/topholds.com\/de\/angebot\/hindernisparcours\/trainingc\/aufhangung\/top-jump\/","title":{"rendered":"Aufh\u00e4ngung f\u00fcr Hindernisparcours Top Jump"},"content":{"rendered":"<p><strong>Top Jump ist ein Element f\u00fcr Aufh\u00e4ngungen und Traktionen<\/strong>, das es dir erm\u00f6glicht, dein Training auf die n\u00e4chste Stufe zu heben. Entwickelt, um aufregende Herausforderungen zu bieten, ist dieses Teil perfekt f\u00fcr diejenigen, die nach etwas Besonderem suchen.<\/p>\n<p>Neben der herk\u00f6mmlichen Nutzung wurde die <strong>Suspension OCR Top Jump<\/strong> entworfen, um pendelnde Bewegungen oder W\u00fcrfe zwischen den Aufh\u00e4ngungen durchzuf\u00fchren, was ein dynamischeres und intensiveres Training erm\u00f6glicht.<\/p>\n<p>Ihr konische Unterteil verhindert ein Abrutschen und erleichtert den Griff f\u00fcr Anf\u00e4nger in der Aufh\u00e4ngung. Zudem macht ihre weiche, aber griffige Textur sie zu einem idealen Werkzeug f\u00fcr <strong>OCR-Training, Klettern, Calisthenics und CrossFit<\/strong>.<\/p>\n<p>Die <em>Suspension OCR Top Jump<\/em> hat einen etwas gr\u00f6\u00dferen Durchmesser als unser urspr\u00fcngliches Nunchaku, obwohl ihre L\u00e4nge viel gr\u00f6\u00dfer ist.<\/p>\n<p>Mit ihrem leichten Gewicht ist der Top Jump einfach \u00fcberallhin mitzunehmen und kann in Sekundenschnelle mit einem Aiv-Nodus an jedem Ast oder Klimmzugstange aufgeh\u00e4ngt werden.<\/p>\n<p>Trau dich, deine Grenzen mit dem Top Jump zu \u00fcberwinden!<\/p>\n<p>Bitte beachte, dass die Farben variieren k\u00f6nnen. Wenn du eine spezielle Farbe w\u00fcnschst, kontaktiere uns.<\/p>\n","protected":false},"excerpt":{"rendered":"<ul>\n<li>Bietet ein dynamischeres und intensiveres Training mit Pendelbewegungen und W\u00fcrfen.<\/li>\n<li>Der konische Unterteil verhindert das Rutschen und erleichtert den Griff f\u00fcr Anf\u00e4nger in der Suspension.<\/li>\n<li>Weiche, aber griffige Textur, ideal f\u00fcr OCR-Training, Klettern, Calisthenics und CrossFit.<\/li>\n<li>Leicht und einfach \u00fcberallhin zu transportieren.<\/li>\n<\/ul>\n","protected":false},"featured_media":20880,"comment_status":"open","ping_status":"closed","template":"","meta":[],"product_brand":[],"product_cat":[496,403,492],"product_tag":[],"class_list":{"0":"post-17156","1":"product","2":"type-product","3":"status-publish","4":"has-post-thumbnail","6":"product_cat-aufhangung","7":"product_cat-hindernisparcours","8":"product_cat-trainingc","10":"first","11":"instock","12":"sale","13":"taxable","14":"shipping-taxable","15":"purchasable","16":"product-type-simple"},"_links":{"self":[{"href":"https:\/\/topholds.com\/de\/wp-json\/wp\/v2\/product\/17156","targetHints":{"allow":["GET"]}}],"collection":[{"href":"https:\/\/topholds.com\/de\/wp-json\/wp\/v2\/product"}],"about":[{"href":"https:\/\/topholds.com\/de\/wp-json\/wp\/v2\/types\/product"}],"replies":[{"embeddable":true,"href":"https:\/\/topholds.com\/de\/wp-json\/wp\/v2\/comments?post=17156"}],"wp:featuredmedia":[{"embeddable":true,"href":"https:\/\/topholds.com\/de\/wp-json\/wp\/v2\/media\/20880"}],"wp:attachment":[{"href":"https:\/\/topholds.com\/de\/wp-json\/wp\/v2\/media?parent=17156"}],"wp:term":[{"taxonomy":"product_brand","embeddable":true,"href":"https:\/\/topholds.com\/de\/wp-json\/wp\/v2\/product_brand?post=17156"},{"taxonomy":"product_cat","embeddable":true,"href":"https:\/\/topholds.com\/de\/wp-json\/wp\/v2\/product_cat?post=17156"},{"taxonomy":"product_tag","embeddable":true,"href":"https:\/\/topholds.com\/de\/wp-json\/wp\/v2\/product_tag?post=17156"}],"curies":[{"name":"wp","href":"https:\/\/api.w.org\/{rel}","templated":true}]}}