{"id":17161,"date":"2022-01-30T16:46:14","date_gmt":"2022-01-30T16:46:14","guid":{"rendered":"https:\/\/topholds.com\/spartan-holds\/"},"modified":"2024-08-26T04:53:57","modified_gmt":"2024-08-26T04:53:57","slug":"spartan-holds","status":"publish","type":"product","link":"https:\/\/topholds.com\/de\/angebot\/hindernisparcours\/trainingc\/griffe\/spartan-holds\/","title":{"rendered":"Griff f\u00fcr Hindernisparcours Spartan Holds"},"content":{"rendered":"<p><strong>Spartan Holds ist ein OCR-Griff<\/strong> mit einer weichen Sandsteinstextur, die einen sicheren und komfortablen Halt bietet. Ihr gro\u00dfer Henkel macht sie ideal f\u00fcr \u00dcberh\u00e4nge und Decken.<\/p>\n<p>Die Befestigung erfolgt mit 2 Schrauben und gew\u00e4hrleistet eine solide und langlebige Installation.<\/p>\n<p>Dar\u00fcber hinaus, wenn Sie eine spezielle Farbe f\u00fcr Ihren <strong>OCR-Griff<\/strong> w\u00fcnschen, z\u00f6gern Sie nicht, uns zu kontaktieren, und wir werden unser Bestes tun, um Ihre W\u00fcnsche zu erf\u00fcllen.<\/p>\n<p>Wage es, deine Grenzen mit Spartan herauszufordern!<\/p>\n","protected":false},"excerpt":{"rendered":"<ul>\n<li>Sanfte Sandsteinstruktur.<\/li>\n<li>Ideal f\u00fcr jede \u00dcberhang- und Deckenfl\u00e4che.<\/li>\n<li>Befestigung mit 2 Schrauben.<\/li>\n<\/ul>\n","protected":false},"featured_media":20900,"comment_status":"open","ping_status":"closed","template":"","meta":[],"product_brand":[],"product_cat":[497,403,492,418],"product_tag":[],"class_list":{"0":"post-17161","1":"product","2":"type-product","3":"status-publish","4":"has-post-thumbnail","6":"product_cat-griffe","7":"product_cat-hindernisparcours","8":"product_cat-trainingc","9":"product_cat-klettergriffe","11":"first","12":"instock","13":"sale","14":"taxable","15":"shipping-taxable","16":"purchasable","17":"product-type-simple"},"_links":{"self":[{"href":"https:\/\/topholds.com\/de\/wp-json\/wp\/v2\/product\/17161","targetHints":{"allow":["GET"]}}],"collection":[{"href":"https:\/\/topholds.com\/de\/wp-json\/wp\/v2\/product"}],"about":[{"href":"https:\/\/topholds.com\/de\/wp-json\/wp\/v2\/types\/product"}],"replies":[{"embeddable":true,"href":"https:\/\/topholds.com\/de\/wp-json\/wp\/v2\/comments?post=17161"}],"wp:featuredmedia":[{"embeddable":true,"href":"https:\/\/topholds.com\/de\/wp-json\/wp\/v2\/media\/20900"}],"wp:attachment":[{"href":"https:\/\/topholds.com\/de\/wp-json\/wp\/v2\/media?parent=17161"}],"wp:term":[{"taxonomy":"product_brand","embeddable":true,"href":"https:\/\/topholds.com\/de\/wp-json\/wp\/v2\/product_brand?post=17161"},{"taxonomy":"product_cat","embeddable":true,"href":"https:\/\/topholds.com\/de\/wp-json\/wp\/v2\/product_cat?post=17161"},{"taxonomy":"product_tag","embeddable":true,"href":"https:\/\/topholds.com\/de\/wp-json\/wp\/v2\/product_tag?post=17161"}],"curies":[{"name":"wp","href":"https:\/\/api.w.org\/{rel}","templated":true}]}}