{"id":17166,"date":"2022-01-30T17:29:38","date_gmt":"2022-01-30T17:29:38","guid":{"rendered":"https:\/\/topholds.com\/asa-xl\/"},"modified":"2024-08-26T04:54:43","modified_gmt":"2024-08-26T04:54:43","slug":"asa-xl","status":"publish","type":"product","link":"https:\/\/topholds.com\/de\/angebot\/klettergriffe\/asa-xl\/","title":{"rendered":"Klettergriff Asa XL"},"content":{"rendered":"<p>Die <strong>Klettergriff Asa XL<\/strong> ist eine perfekte Wahl f\u00fcr Herausforderungenliebhaber.<\/p>\n<p>Mit ihrer sanften Sandsteintextur bietet sie einen bequemen und sicheren Griff zum <strong>Training mit einer oder beiden H\u00e4nden<\/strong>. Au\u00dferdem erm\u00f6glicht ihre gro\u00dfz\u00fcgige L\u00e4nge von 28 cm einen breiten und variablen Griff.<\/p>\n<p>Die ben\u00f6tigten Schrauben M10x50 und Holzschrauben f\u00fcr die Installation sind enthalten, sodass du in wenigen Minuten mit dem Training beginnen kannst.<\/p>\n<p>Wage es, deine Grenzen mit <strong>Asa XL<\/strong> zu \u00fcberschreiten!<\/p>\n","protected":false},"excerpt":{"rendered":"<ul>\n<li>Sanftes Sandsteinmaterial f\u00fcr einen bequemen und sicheren Grip<\/li>\n<li>Eine L\u00e4nge von 28 cm f\u00fcr einen breiten und vielseitigen Griff<\/li>\n<li>Inklusive Schrauben und D\u00fcbel f\u00fcr einfacheInstallation und schnelles Training.<\/li>\n<\/ul>\n","protected":false},"featured_media":20910,"comment_status":"open","ping_status":"closed","template":"","meta":[],"product_brand":[],"product_cat":[418],"product_tag":[],"class_list":{"0":"post-17166","1":"product","2":"type-product","3":"status-publish","4":"has-post-thumbnail","6":"product_cat-klettergriffe","8":"first","9":"instock","10":"taxable","11":"shipping-taxable","12":"purchasable","13":"product-type-simple"},"_links":{"self":[{"href":"https:\/\/topholds.com\/de\/wp-json\/wp\/v2\/product\/17166","targetHints":{"allow":["GET"]}}],"collection":[{"href":"https:\/\/topholds.com\/de\/wp-json\/wp\/v2\/product"}],"about":[{"href":"https:\/\/topholds.com\/de\/wp-json\/wp\/v2\/types\/product"}],"replies":[{"embeddable":true,"href":"https:\/\/topholds.com\/de\/wp-json\/wp\/v2\/comments?post=17166"}],"wp:featuredmedia":[{"embeddable":true,"href":"https:\/\/topholds.com\/de\/wp-json\/wp\/v2\/media\/20910"}],"wp:attachment":[{"href":"https:\/\/topholds.com\/de\/wp-json\/wp\/v2\/media?parent=17166"}],"wp:term":[{"taxonomy":"product_brand","embeddable":true,"href":"https:\/\/topholds.com\/de\/wp-json\/wp\/v2\/product_brand?post=17166"},{"taxonomy":"product_cat","embeddable":true,"href":"https:\/\/topholds.com\/de\/wp-json\/wp\/v2\/product_cat?post=17166"},{"taxonomy":"product_tag","embeddable":true,"href":"https:\/\/topholds.com\/de\/wp-json\/wp\/v2\/product_tag?post=17166"}],"curies":[{"name":"wp","href":"https:\/\/api.w.org\/{rel}","templated":true}]}}