{"id":17171,"date":"2022-02-16T15:29:45","date_gmt":"2022-02-16T15:29:45","guid":{"rendered":"https:\/\/topholds.com\/poseidon-grips\/"},"modified":"2025-07-31T08:26:26","modified_gmt":"2025-07-31T08:26:26","slug":"poseidon-grips","status":"publish","type":"product","link":"https:\/\/topholds.com\/de\/angebot\/hindernisparcours\/trainingc\/aufhangung\/poseidon-grips\/","title":{"rendered":"Aufh\u00e4ngung f\u00fcr Hindernisparcours Poseidon Griffe"},"content":{"rendered":"<p><strong>Die OCR Poseid\u00f3n Grips Suspension<\/strong> ist ein Zubeh\u00f6r f\u00fcr diejenigen, die ein wenig mehr <strong>Aufregung in ihren Trainings<\/strong> suchen, da sie mit einer Hand von oben oder mit beiden H\u00e4nden seitlich gegriffen werden k\u00f6nnen.<\/p>\n<p>Ihre sanfte, aber haftende Textur macht sie zu einem perfekten Werkzeug f\u00fcr unser <strong>OCR-, Kletter-, Calisthenics- und Crossfit-Training<\/strong>.<\/p>\n<p>In 3 Sekunden h\u00e4ngen wir sie mit einem Schlaufenknoten an jeden Ast, Klimmzugstange usw.<\/p>\n<p>Es gibt keine Ausreden mehr f\u00fcr ein wenig Leid am Tag.<\/p>\n<p>Die Farben k\u00f6nnen von denen auf dem Foto abweichen (fragen Sie uns, wenn Sie eine besondere Farbe w\u00fcnschen).<\/p>\n","protected":false},"excerpt":{"rendered":"<ul>\n<li>Ideal f\u00fcr H\u00e4ngungen\/Zugbewegungen.<\/li>\n<li>\u00dcberlegene Ball-Griff und seitliche enge und breite Greifer.<\/li>\n<li>Sehr leicht, ideal, um sie zu unseren Trainings \u00fcberall hin mitzunehmen.<\/li>\n<\/ul>\n","protected":false},"featured_media":20925,"comment_status":"open","ping_status":"closed","template":"","meta":[],"product_brand":[],"product_cat":[496,403,492],"product_tag":[],"class_list":{"0":"post-17171","1":"product","2":"type-product","3":"status-publish","4":"has-post-thumbnail","6":"product_cat-aufhangung","7":"product_cat-hindernisparcours","8":"product_cat-trainingc","10":"first","11":"instock","12":"taxable","13":"shipping-taxable","14":"purchasable","15":"product-type-simple"},"_links":{"self":[{"href":"https:\/\/topholds.com\/de\/wp-json\/wp\/v2\/product\/17171","targetHints":{"allow":["GET"]}}],"collection":[{"href":"https:\/\/topholds.com\/de\/wp-json\/wp\/v2\/product"}],"about":[{"href":"https:\/\/topholds.com\/de\/wp-json\/wp\/v2\/types\/product"}],"replies":[{"embeddable":true,"href":"https:\/\/topholds.com\/de\/wp-json\/wp\/v2\/comments?post=17171"}],"wp:featuredmedia":[{"embeddable":true,"href":"https:\/\/topholds.com\/de\/wp-json\/wp\/v2\/media\/20925"}],"wp:attachment":[{"href":"https:\/\/topholds.com\/de\/wp-json\/wp\/v2\/media?parent=17171"}],"wp:term":[{"taxonomy":"product_brand","embeddable":true,"href":"https:\/\/topholds.com\/de\/wp-json\/wp\/v2\/product_brand?post=17171"},{"taxonomy":"product_cat","embeddable":true,"href":"https:\/\/topholds.com\/de\/wp-json\/wp\/v2\/product_cat?post=17171"},{"taxonomy":"product_tag","embeddable":true,"href":"https:\/\/topholds.com\/de\/wp-json\/wp\/v2\/product_tag?post=17171"}],"curies":[{"name":"wp","href":"https:\/\/api.w.org\/{rel}","templated":true}]}}