{"id":17181,"date":"2022-05-08T17:43:04","date_gmt":"2022-05-08T17:43:04","guid":{"rendered":"https:\/\/topholds.com\/kong\/"},"modified":"2026-01-01T14:41:38","modified_gmt":"2026-01-01T14:41:38","slug":"kong","status":"publish","type":"product","link":"https:\/\/topholds.com\/de\/angebot\/hindernisparcours\/trainingc\/aufhangung\/kong\/","title":{"rendered":"Aufh\u00e4ngung f\u00fcr Hindernisparcours Kong"},"content":{"rendered":"<p>Die <strong>OCR Kong Suspension<\/strong> haben die Form einer Banane und sind ein weiteres brutales Werkzeug f\u00fcr unser <strong>Klettertraining, OCR und Crossfit<\/strong>.<\/p>\n<p>Sehr leicht, ideal, um sie \u00fcberallhin zu unseren Trainings mitzunehmen.<\/p>\n<ul>\n<li style=\"text-align: left;\">In 3 Sekunden h\u00e4ngen wir sie mit einem A-Albatros-Knoten an jeden Ast, Klimmzugstange usw.<\/li>\n<li>Mit einem Karabiner h\u00e4ngen wir sie f\u00fcr Decken- oder \u00dcberhang\u00fcbungen auf.<\/li>\n<\/ul>\n<p>Die <strong>OCR Kong<\/strong> enthalten ein doppeltes 6mm-Seil.<\/p>\n<p>Die Textur von TopHolds, die bereits allen bekannt ist, ist sehr griffig und sanft f\u00fcr die H\u00e4nde.<\/p>\n<p>Es gibt keine Ausreden mehr f\u00fcr ein bisschen Leid pro Tag.<\/p>\n<p>Die Farben k\u00f6nnten von denen auf dem Foto abweichen (fragen Sie uns, wenn Sie eine spezielle Farbe w\u00fcnschen).<\/p>\n","protected":false},"excerpt":{"rendered":"<ul>\n<li>Die Bananenform der OCR Kong Aufh\u00e4ngungen bietet eine Vielzahl von Griffen f\u00fcr dein Training.<\/li>\n<li>Leicht und einfach \u00fcberallhin mitzunehmen.<\/li>\n<\/ul>\n","protected":false},"featured_media":11746,"comment_status":"open","ping_status":"closed","template":"","meta":[],"product_brand":[],"product_cat":[496,403,492],"product_tag":[],"class_list":{"0":"post-17181","1":"product","2":"type-product","3":"status-publish","4":"has-post-thumbnail","6":"product_cat-aufhangung","7":"product_cat-hindernisparcours","8":"product_cat-trainingc","10":"first","11":"instock","12":"featured","13":"taxable","14":"shipping-taxable","15":"purchasable","16":"product-type-simple"},"_links":{"self":[{"href":"https:\/\/topholds.com\/de\/wp-json\/wp\/v2\/product\/17181","targetHints":{"allow":["GET"]}}],"collection":[{"href":"https:\/\/topholds.com\/de\/wp-json\/wp\/v2\/product"}],"about":[{"href":"https:\/\/topholds.com\/de\/wp-json\/wp\/v2\/types\/product"}],"replies":[{"embeddable":true,"href":"https:\/\/topholds.com\/de\/wp-json\/wp\/v2\/comments?post=17181"}],"wp:featuredmedia":[{"embeddable":true,"href":"https:\/\/topholds.com\/de\/wp-json\/wp\/v2\/media\/11746"}],"wp:attachment":[{"href":"https:\/\/topholds.com\/de\/wp-json\/wp\/v2\/media?parent=17181"}],"wp:term":[{"taxonomy":"product_brand","embeddable":true,"href":"https:\/\/topholds.com\/de\/wp-json\/wp\/v2\/product_brand?post=17181"},{"taxonomy":"product_cat","embeddable":true,"href":"https:\/\/topholds.com\/de\/wp-json\/wp\/v2\/product_cat?post=17181"},{"taxonomy":"product_tag","embeddable":true,"href":"https:\/\/topholds.com\/de\/wp-json\/wp\/v2\/product_tag?post=17181"}],"curies":[{"name":"wp","href":"https:\/\/api.w.org\/{rel}","templated":true}]}}